{"id":450,"date":"2025-01-25T16:33:57","date_gmt":"2025-01-25T15:33:57","guid":{"rendered":"https:\/\/www.beevista.pl\/?post_type=product&#038;p=450"},"modified":"2026-03-09T19:31:30","modified_gmt":"2026-03-09T18:31:30","slug":"alpa-zel-z-zywokostu-100ml","status":"publish","type":"product","link":"https:\/\/www.beevista.pl\/index.php\/produkt\/alpa-zel-z-zywokostu-100ml\/","title":{"rendered":"Alpa \u017bel z \u017cywokostu 100ml"},"content":{"rendered":"<h1 align=\"JUSTIFY\"><strong>\u017bel z \u017cywokostu\u00a0 na kregos\u0142up 100ml<\/strong><\/h1>\n<p align=\"JUSTIFY\"><strong>\u017bel z \u017cywokostu<\/strong>\u00a0powsta\u0142y na bazie naturalnego mentolu, kosodrzewiny i\u00a0<strong>\u017cywokostu lekarskiego<\/strong>. Poleca si\u0119 go szczeg\u00f3lnie do leczenia chor\u00f3b\u00a0<strong>kr\u0119gos\u0142upa<\/strong>, stawu biodrowego, kolan, b\u00f3li reumatycznych, rwy kulszowej. Pomaga tak\u017ce przy z\u0142amaniach, zwichni\u0119ciach i st\u0142uczeniach. Ma w\u0142a\u015bciwo\u015bci przeciwb\u00f3lowe, przeciwzapalne oraz regeneruj\u0105ce.\u00a0<strong>\u017bel z \u017cywokostu<\/strong>\u00a0przeznaczony do stosowania na sk\u00f3r\u0119 jako dora\u017ana substancja na b\u00f3le mi\u0119\u015bni, plec\u00f3w, staw\u00f3w, a tak\u017ce na st\u0142uczenia, nadwyr\u0119\u017cenia i przem\u0119czenie mi\u0119\u015bni. Ma dzia\u0142anie ch\u0142odz\u0105ce, gwarantuje miejscowe znieczulenie bol\u0105cej cz\u0119\u015bci cia\u0142a.<\/p>\n<h2 align=\"JUSTIFY\"><strong>Dzia\u0142anie \u017celu z \u017cywokostu:<\/strong><\/h2>\n<p align=\"JUSTIFY\">Nadaje si\u0119 szczeg\u00f3lnie przy zapaleniu \u017cy\u0142 oraz zapaleniu mi\u0119\u015bni i tkanek, a tak\u017ce przewlek\u0142ych chorobach staw\u00f3w. Substancje czynne wyci\u0105gu z \u017cywokostu pomagaj\u0105 w gojeniu z\u0142ama\u0144 i przewlek\u0142ych obra\u017ce\u0144. Alpa\u00a0<strong>\u017cel z \u017cywokostu<\/strong>\u00a0znakomicie wspiera leczenie wszelkich chor\u00f3b zwi\u0105zanych z uk\u0142adem kostnym (nazwa\u00a0<strong>\u017cywokost<\/strong>\u00a0pochodzi od &#8222;\u017cywi ko\u015bci&#8221;). \u0141agodzi b\u00f3l i dyskomfort spowodowany reumatycznym zapaleniem staw\u00f3w i mi\u0119\u015bni, rw\u0105 kulszow\u0105, chorobami kr\u0119gos\u0142upa oraz w przypadku obrz\u0119ku n\u00f3g (st\u0142uczenia, opuchlizna, b\u00f3le mi\u0119\u015bniowe). Podczas masa\u017cu wspomaga kr\u0105\u017cenie krwi, usuwa zm\u0119czenie po intensywnym wysi\u0142ku fizycznym. Ma dzia\u0142anie znieczulaj\u0105ce.<\/p>\n<h3 align=\"JUSTIFY\"><strong>Zastosowanie \u017celu z \u017cywokostu ALPY:<\/strong><\/h3>\n<p align=\"JUSTIFY\">b\u00f3l mi\u0119\u015bni; zapalenie mi\u0119\u015bni; napi\u0119te mi\u0119\u015bnie; \u0142agodzenie skurcz\u00f3w mi\u0119\u015bni; st\u0142uczenia; siniaki; odmro\u017cenia; b\u00f3l kr\u0119gos\u0142upa; choroby kr\u0119gos\u0142upa; napi\u0119ty kr\u0119gos\u0142up; urazy i nadwyr\u0119\u017cenia \u015bci\u0119gien i wi\u0119zade\u0142; zapalenie \u015bci\u0119gien; reumatyzm; artretyzm; b\u00f3l kolan; problemy ze stawem biodrowym; z\u0142amania; zwichni\u0119cia; z\u0142amania; b\u00f3l staw\u00f3w; zapalenie staw\u00f3w; choroby staw\u00f3w; rwa kulszowa; opuchlizna; regeneracja mi\u0119\u015bni po wysi\u0142ku; zakwasy; zapobieganie odle\u017cynom; b\u00f3l g\u0142owy; krwiaki; zakrzepowe zapalenie \u017cy\u0142; \u017cylaki; obrz\u0119ki;<\/p>\n<h4 align=\"JUSTIFY\"><strong>Spos\u00f3b u<\/strong><strong>\u017cycia i przeciwwskazania do stosowania:<\/strong><\/h4>\n<p align=\"JUSTIFY\">Produkt przeznaczony do masa\u017cu miejscowego na obola\u0142e miejsca. Nanie\u015b\u0107 odpowiedni\u0105 ilo\u015b\u0107 \u017celu na d\u0142o\u0144 i wmasowywa\u0107 okr\u0119\u017cnymi ruchami. Stosowa\u0107 na bol\u0105ce miejsca kilka razy dziennie. Produkt nieodpowiedni dla dzieci w wieku poni\u017cej 3 lat.<\/p>\n","protected":false},"excerpt":{"rendered":"<p>\u017bel z \u017cywokostu\u00a0 na kregos\u0142up 100ml \u017bel z \u017cywokostu\u00a0powsta\u0142y na bazie naturalnego mentolu, kosodrzewiny i\u00a0\u017cywokostu lekarskiego. Poleca si\u0119 go szczeg\u00f3lnie do leczenia chor\u00f3b\u00a0kr\u0119gos\u0142upa, stawu biodrowego, kolan, b\u00f3li reumatycznych, rwy kulszowej. Pomaga tak\u017ce przy z\u0142amaniach, zwichni\u0119ciach i st\u0142uczeniach. Ma w\u0142a\u015bciwo\u015bci przeciwb\u00f3lowe, przeciwzapalne oraz regeneruj\u0105ce.\u00a0\u017bel z \u017cywokostu\u00a0przeznaczony do stosowania na sk\u00f3r\u0119 jako dora\u017ana substancja na b\u00f3le mi\u0119\u015bni, [&hellip;]<\/p>\n","protected":false},"featured_media":451,"template":"","meta":[],"product_brand":[24],"product_cat":[23],"product_tag":[],"class_list":{"0":"post-450","1":"product","2":"type-product","3":"status-publish","4":"has-post-thumbnail","6":"product_brand-alpa","7":"product_cat-alpa","9":"first","10":"instock","11":"taxable","12":"shipping-taxable","13":"purchasable","14":"product-type-simple"},"_links":{"self":[{"href":"https:\/\/www.beevista.pl\/index.php\/wp-json\/wp\/v2\/product\/450","targetHints":{"allow":["GET"]}}],"collection":[{"href":"https:\/\/www.beevista.pl\/index.php\/wp-json\/wp\/v2\/product"}],"about":[{"href":"https:\/\/www.beevista.pl\/index.php\/wp-json\/wp\/v2\/types\/product"}],"wp:featuredmedia":[{"embeddable":true,"href":"https:\/\/www.beevista.pl\/index.php\/wp-json\/wp\/v2\/media\/451"}],"wp:attachment":[{"href":"https:\/\/www.beevista.pl\/index.php\/wp-json\/wp\/v2\/media?parent=450"}],"wp:term":[{"taxonomy":"product_brand","embeddable":true,"href":"https:\/\/www.beevista.pl\/index.php\/wp-json\/wp\/v2\/product_brand?post=450"},{"taxonomy":"product_cat","embeddable":true,"href":"https:\/\/www.beevista.pl\/index.php\/wp-json\/wp\/v2\/product_cat?post=450"},{"taxonomy":"product_tag","embeddable":true,"href":"https:\/\/www.beevista.pl\/index.php\/wp-json\/wp\/v2\/product_tag?post=450"}],"curies":[{"name":"wp","href":"https:\/\/api.w.org\/{rel}","templated":true}]}}