{"id":447,"date":"2025-01-25T16:09:13","date_gmt":"2025-01-25T15:09:13","guid":{"rendered":"https:\/\/www.beevista.pl\/?post_type=product&#038;p=447"},"modified":"2026-01-21T14:03:22","modified_gmt":"2026-01-21T13:03:22","slug":"palacio-zel-do-masazu-rozgrzewajacy-380-ml","status":"publish","type":"product","link":"https:\/\/www.beevista.pl\/index.php\/produkt\/palacio-zel-do-masazu-rozgrzewajacy-380-ml\/","title":{"rendered":"Palacio \u017bel do masa\u017cu rozgrzewaj\u0105cy 380 ml"},"content":{"rendered":"<h2>PALACIO Cannabis Flex \u017cel do masa\u017cu ROZGRZEWAJ\u0104CY 380 ml<\/h2>\n<p>\u017bel do masa\u017cu\u00a0<strong>Palacio\u00a0Flex Gel z 5% zawarto\u015bci\u0105 oleju konopnego<\/strong>\u00a0oraz ekstraktem z chilli.<br \/>\n<strong>Dzia\u0142a rozgrzewaj\u0105co<\/strong>, pomaga rozlu\u017ani\u0107 napi\u0119te mi\u0119\u015bnie i stawy, \u0142agodzi sztywno\u015b\u0107 uk\u0142adu kostno-szkieletowego.<br \/>\n<strong>Palacio Flex Gel<\/strong>\u00a0zawiera\u00a0<strong>94.2% sk\u0142adnik\u00f3w pochodzenia naturalnego<\/strong>\u00a0w tym ekstrakt z 19 zi\u00f3\u0142.<br \/>\nPolecany jest do masa\u017cu sztywnych, bol\u0105cych mi\u0119\u015bni, przynosi ulg\u0119 po wysu\u0142ku fizycznym, przyspiesza regeneracj\u0119.<br \/>\n<strong>Kosmetyki\u00a0Palacio Cannabis<\/strong>\u00a0zawieraj\u0105 naturalny\u00a0<strong>olej konopny t\u0142oczony na zimno.<\/strong><br \/>\nPozyskiwany w tej spos\u00f3b olej konopny charakteryzuje si\u0119 szerokim spektrum skuteczno\u015bci i wszechstronno\u015bci\u0105.<br \/>\nPolecany jest zar\u00f3wno do codziennej piel\u0119lgnacji jak i do wszelkich problem\u00f3w sk\u00f3rnych.<br \/>\nOlej konopny w po\u0142\u0105czeniu z masa\u017cem i unikalnym ekstraktem z zi\u00f3\u0142 i chilli zapewnia szybk\u0105 ulg\u0119 w b\u00f3lu, pomaga zmniejszy\u0107 sztywno\u015b\u0107 mi\u0119\u015bni oraz poprawia ruchomo\u015b\u0107 staw\u00f3w.<\/p>\n<p><strong>Cechy:<\/strong><\/p>\n<ul>\n<li>dzia\u0142a rozgrzewaj\u0105co i rewitalizuj\u0105co<\/li>\n<li>\u0142agodzi sztywno\u015b\u0107<\/li>\n<li>przynosi ulg\u0119<\/li>\n<li>\u0142atwo si\u0119 wch\u0142ania<\/li>\n<li>dzia\u0142a relaksuj\u0105co na uk\u0142ad mi\u0119\u015bniowo-szkieletowy<\/li>\n<li>od\u015bwie\u017ca, \u0142agodzi i nadaje elastyczno\u015b\u0107<\/li>\n<li>przyspiesza regeneracj\u0119 po wysi\u0142ku fizycznym<\/li>\n<li>\u0142agodzi uczucie ci\u0119\u017ckich n\u00f3g<\/li>\n<li>testowany dermatologicznie<\/li>\n<\/ul>\n<p><strong>Sk\u0142ad:<\/strong><br \/>\n94,2% pochodzenia naturalnego w tym:<\/p>\n<ul>\n<li>Olej konopny (5%)<\/li>\n<li>Ekstrakt z chili<\/li>\n<li>olej s\u0142onecznikowy<\/li>\n<li>kamfora<\/li>\n<li>ekstrakt z 19 zi\u00f3\u0142<\/li>\n<li>eteryczny olejek sosnowy<\/li>\n<\/ul>\n<p><strong>Opakowanie: 380 ml<\/strong><\/p>\n","protected":false},"excerpt":{"rendered":"<p>PALACIO Cannabis Flex \u017cel do masa\u017cu ROZGRZEWAJ\u0104CY 380 ml \u017bel do masa\u017cu\u00a0Palacio\u00a0Flex Gel z 5% zawarto\u015bci\u0105 oleju konopnego\u00a0oraz ekstraktem z chilli. Dzia\u0142a rozgrzewaj\u0105co, pomaga rozlu\u017ani\u0107 napi\u0119te mi\u0119\u015bnie i stawy, \u0142agodzi sztywno\u015b\u0107 uk\u0142adu kostno-szkieletowego. Palacio Flex Gel\u00a0zawiera\u00a094.2% sk\u0142adnik\u00f3w pochodzenia naturalnego\u00a0w tym ekstrakt z 19 zi\u00f3\u0142. Polecany jest do masa\u017cu sztywnych, bol\u0105cych mi\u0119\u015bni, przynosi ulg\u0119 po wysu\u0142ku [&hellip;]<\/p>\n","protected":false},"featured_media":448,"template":"","meta":[],"product_brand":[22],"product_cat":[21],"product_tag":[],"class_list":{"0":"post-447","1":"product","2":"type-product","3":"status-publish","4":"has-post-thumbnail","6":"product_brand-palacio","7":"product_cat-palacio","9":"first","10":"instock","11":"taxable","12":"shipping-taxable","13":"purchasable","14":"product-type-simple"},"_links":{"self":[{"href":"https:\/\/www.beevista.pl\/index.php\/wp-json\/wp\/v2\/product\/447","targetHints":{"allow":["GET"]}}],"collection":[{"href":"https:\/\/www.beevista.pl\/index.php\/wp-json\/wp\/v2\/product"}],"about":[{"href":"https:\/\/www.beevista.pl\/index.php\/wp-json\/wp\/v2\/types\/product"}],"wp:featuredmedia":[{"embeddable":true,"href":"https:\/\/www.beevista.pl\/index.php\/wp-json\/wp\/v2\/media\/448"}],"wp:attachment":[{"href":"https:\/\/www.beevista.pl\/index.php\/wp-json\/wp\/v2\/media?parent=447"}],"wp:term":[{"taxonomy":"product_brand","embeddable":true,"href":"https:\/\/www.beevista.pl\/index.php\/wp-json\/wp\/v2\/product_brand?post=447"},{"taxonomy":"product_cat","embeddable":true,"href":"https:\/\/www.beevista.pl\/index.php\/wp-json\/wp\/v2\/product_cat?post=447"},{"taxonomy":"product_tag","embeddable":true,"href":"https:\/\/www.beevista.pl\/index.php\/wp-json\/wp\/v2\/product_tag?post=447"}],"curies":[{"name":"wp","href":"https:\/\/api.w.org\/{rel}","templated":true}]}}