{"id":428,"date":"2025-01-25T14:16:46","date_gmt":"2025-01-25T13:16:46","guid":{"rendered":"https:\/\/www.beevista.pl\/?post_type=product&#038;p=428"},"modified":"2026-03-01T20:06:33","modified_gmt":"2026-03-01T19:06:33","slug":"palacio-sol-do-kapieli-jalowiec-i-sosna-1200g","status":"publish","type":"product","link":"https:\/\/www.beevista.pl\/index.php\/produkt\/palacio-sol-do-kapieli-jalowiec-i-sosna-1200g\/","title":{"rendered":"Palacio S\u00f3l do k\u0105pieli ja\u0142owiec i sosna 1200g"},"content":{"rendered":"<p><b>PALACIO S\u00d3L DO K\u0104PIELI JA\u0141OWIEC I SOSNA 1200g<\/b><\/p>\n<p>Regeneruj\u0105ca s\u00f3l do k\u0105pieli o unikalnym sk\u0142adzie, wzbogacona koncentratem ekstraktu z igie\u0142 zawieraj\u0105cych substancje biologicznie czynne.<\/p>\n<p>K\u0105piel dzia\u0142a orze\u017awiaj\u0105co, zmniejsza pocenie si\u0119, usuwa uczucie ci\u0119\u017ckich n\u00f3g i jest szczeg\u00f3lnie odpowiednia do leczenia zm\u0119czonych n\u00f3g i usuwania zrogowacia\u0142ego nask\u00f3rka na stopach.<\/p>\n<p><b>Spos\u00f3b u\u017cycia:<\/b>\u00a0W przypadku regeneracyjnej k\u0105pieli solnej rozpu\u015b\u0107 2 gar\u015bci soli w 3-5 litrach letniej wody. Zalecany czas k\u0105pieli ok. 15 min.<\/p>\n<p><b>Sk\u0142ad:<\/b>\u00a0Sodium Chloride, Glycerin, Aqua, Parfum, Arnica Montana Flower Extract, Gentiana Lutea Root Extract, Lavandula Angustifolia Flower Extract, Juniperus Communis Fruit Extract, Lactic Acid, Sodium Benzoate, Magnesium Sulfate, Potassium Sorbate<\/p>\n<p><b>Waga:<\/b>\u00a01200g<\/p>\n","protected":false},"excerpt":{"rendered":"<p>PALACIO S\u00d3L DO K\u0104PIELI JA\u0141OWIEC I SOSNA 1200g Regeneruj\u0105ca s\u00f3l do k\u0105pieli o unikalnym sk\u0142adzie, wzbogacona koncentratem ekstraktu z igie\u0142 zawieraj\u0105cych substancje biologicznie czynne. K\u0105piel dzia\u0142a orze\u017awiaj\u0105co, zmniejsza pocenie si\u0119, usuwa uczucie ci\u0119\u017ckich n\u00f3g i jest szczeg\u00f3lnie odpowiednia do leczenia zm\u0119czonych n\u00f3g i usuwania zrogowacia\u0142ego nask\u00f3rka na stopach. Spos\u00f3b u\u017cycia:\u00a0W przypadku regeneracyjnej k\u0105pieli solnej rozpu\u015b\u0107 [&hellip;]<\/p>\n","protected":false},"featured_media":429,"template":"","meta":[],"product_brand":[22],"product_cat":[21],"product_tag":[],"class_list":{"0":"post-428","1":"product","2":"type-product","3":"status-publish","4":"has-post-thumbnail","6":"product_brand-palacio","7":"product_cat-palacio","9":"first","10":"instock","11":"taxable","12":"shipping-taxable","13":"purchasable","14":"product-type-simple"},"_links":{"self":[{"href":"https:\/\/www.beevista.pl\/index.php\/wp-json\/wp\/v2\/product\/428","targetHints":{"allow":["GET"]}}],"collection":[{"href":"https:\/\/www.beevista.pl\/index.php\/wp-json\/wp\/v2\/product"}],"about":[{"href":"https:\/\/www.beevista.pl\/index.php\/wp-json\/wp\/v2\/types\/product"}],"wp:featuredmedia":[{"embeddable":true,"href":"https:\/\/www.beevista.pl\/index.php\/wp-json\/wp\/v2\/media\/429"}],"wp:attachment":[{"href":"https:\/\/www.beevista.pl\/index.php\/wp-json\/wp\/v2\/media?parent=428"}],"wp:term":[{"taxonomy":"product_brand","embeddable":true,"href":"https:\/\/www.beevista.pl\/index.php\/wp-json\/wp\/v2\/product_brand?post=428"},{"taxonomy":"product_cat","embeddable":true,"href":"https:\/\/www.beevista.pl\/index.php\/wp-json\/wp\/v2\/product_cat?post=428"},{"taxonomy":"product_tag","embeddable":true,"href":"https:\/\/www.beevista.pl\/index.php\/wp-json\/wp\/v2\/product_tag?post=428"}],"curies":[{"name":"wp","href":"https:\/\/api.w.org\/{rel}","templated":true}]}}