{"id":409,"date":"2025-01-25T13:08:28","date_gmt":"2025-01-25T12:08:28","guid":{"rendered":"https:\/\/www.beevista.pl\/?post_type=product&#038;p=409"},"modified":"2026-01-21T14:03:21","modified_gmt":"2026-01-21T13:03:21","slug":"palacio-zel-do-masazu-chlodzacy-380-ml","status":"publish","type":"product","link":"https:\/\/www.beevista.pl\/index.php\/produkt\/palacio-zel-do-masazu-chlodzacy-380-ml\/","title":{"rendered":"Palacio \u017bel do masa\u017cu ch\u0142odz\u0105cy 380 ml"},"content":{"rendered":"<h2>Palacio Cannabis Flex Gel CH\u0141ODZ\u0104CY 380 ml<\/h2>\n<p>\u017bel do masa\u017cu\u00a0<strong>Palacio\u00a0Flex Gel z olejem konopnym<\/strong>\u00a0oraz mentolem.<br \/>\n<strong>Dzia\u0142a ch\u0142odz\u0105co<\/strong>, przynosi szybki relaks i od\u015bwie\u017cenie po wzmo\u017conym wysi\u0142ku fizycznym.<br \/>\n<strong>Palacio Flex Gel<\/strong>\u00a0zawiera\u00a0<strong>94.2% sk\u0142adnik\u00f3w pochodzenia natutralnego<\/strong>\u00a0w tym unikaln\u0105 kombinacj\u0119 ekstraktu z 19 zi\u00f3\u0142.<br \/>\nPolecany jest do masa\u017cu sztywnych, bol\u0105cych mi\u0119\u015bni, przyspiesza regeneracj\u0119 po urazach (zamiast ok\u0142adu ch\u0142odz\u0105cego), przynosi szybk\u0105 ulg\u0119.<br \/>\n<strong>Kosmetyki\u00a0Palacio Cannabis<\/strong>\u00a0zawieraj\u0105 naturalny\u00a0<strong>olej konopny t\u0142oczony na zimno.<\/strong><br \/>\nTa metoda t\u0142oczenia sprawia, \u017ce pozyskany w ten spos\u00f3b olej konopny charakteryzuje si\u0119 szerokim spektrum skuteczno\u015bci i wszechstronno\u015bci\u0105.<br \/>\nPolecany jest zar\u00f3wno do codziennej piel\u0119lgnacji jak i do wszelkich problem\u00f3w sk\u00f3rnych.<br \/>\nOlej konopny w po\u0142\u0105czeniu z masa\u017cem i unikalnym ekstraktem z zi\u00f3\u0142 zapewnia szybk\u0105 regeneracj\u0119 i od\u015bwie\u017cenie. Zaleca si\u0119 go do masa\u017cu zm\u0119czonych st\u00f3p po ca\u0142ym dniu stania.<\/p>\n<p>Cechy Palacio Flex Gel:<\/p>\n<ul>\n<li>efekt ch\u0142odz\u0105cy<\/li>\n<li>dzia\u0142anie rewitalizuj\u0105ce<\/li>\n<li>polecany do masa\u017cu regeneruj\u0105co-relaksuj\u0105cego po wysi\u0142ku sportowym<\/li>\n<li>eliminuje uczucie zm\u0119czenia<\/li>\n<li>piel\u0119gnacja zm\u0119czonych st\u00f3p<\/li>\n<li>do regeneracji po urazach (zamiast ok\u0142adu ch\u0142odz\u0105cego)<\/li>\n<li>testowany dermatologicznie<\/li>\n<\/ul>\n<p><strong>Sk\u0142ad:<\/strong><\/p>\n<ul>\n<li>94,2% pochodzenia naturalnego w tym:<\/li>\n<li>olej konopny t\u0142oczony na zimno<\/li>\n<li>gliceryna<\/li>\n<li>kamfora<\/li>\n<li>mentol<\/li>\n<li>ekstrakt z 19 zi\u00f3\u0142<\/li>\n<li>eteryczny olejek sosnowy<\/li>\n<\/ul>\n","protected":false},"excerpt":{"rendered":"<p>Palacio Cannabis Flex Gel CH\u0141ODZ\u0104CY 380 ml \u017bel do masa\u017cu\u00a0Palacio\u00a0Flex Gel z olejem konopnym\u00a0oraz mentolem. Dzia\u0142a ch\u0142odz\u0105co, przynosi szybki relaks i od\u015bwie\u017cenie po wzmo\u017conym wysi\u0142ku fizycznym. Palacio Flex Gel\u00a0zawiera\u00a094.2% sk\u0142adnik\u00f3w pochodzenia natutralnego\u00a0w tym unikaln\u0105 kombinacj\u0119 ekstraktu z 19 zi\u00f3\u0142. Polecany jest do masa\u017cu sztywnych, bol\u0105cych mi\u0119\u015bni, przyspiesza regeneracj\u0119 po urazach (zamiast ok\u0142adu ch\u0142odz\u0105cego), przynosi szybk\u0105 [&hellip;]<\/p>\n","protected":false},"featured_media":410,"template":"","meta":[],"product_brand":[22],"product_cat":[21],"product_tag":[],"class_list":{"0":"post-409","1":"product","2":"type-product","3":"status-publish","4":"has-post-thumbnail","6":"product_brand-palacio","7":"product_cat-palacio","9":"first","10":"instock","11":"taxable","12":"shipping-taxable","13":"purchasable","14":"product-type-simple"},"_links":{"self":[{"href":"https:\/\/www.beevista.pl\/index.php\/wp-json\/wp\/v2\/product\/409","targetHints":{"allow":["GET"]}}],"collection":[{"href":"https:\/\/www.beevista.pl\/index.php\/wp-json\/wp\/v2\/product"}],"about":[{"href":"https:\/\/www.beevista.pl\/index.php\/wp-json\/wp\/v2\/types\/product"}],"wp:featuredmedia":[{"embeddable":true,"href":"https:\/\/www.beevista.pl\/index.php\/wp-json\/wp\/v2\/media\/410"}],"wp:attachment":[{"href":"https:\/\/www.beevista.pl\/index.php\/wp-json\/wp\/v2\/media?parent=409"}],"wp:term":[{"taxonomy":"product_brand","embeddable":true,"href":"https:\/\/www.beevista.pl\/index.php\/wp-json\/wp\/v2\/product_brand?post=409"},{"taxonomy":"product_cat","embeddable":true,"href":"https:\/\/www.beevista.pl\/index.php\/wp-json\/wp\/v2\/product_cat?post=409"},{"taxonomy":"product_tag","embeddable":true,"href":"https:\/\/www.beevista.pl\/index.php\/wp-json\/wp\/v2\/product_tag?post=409"}],"curies":[{"name":"wp","href":"https:\/\/api.w.org\/{rel}","templated":true}]}}