{"id":407,"date":"2025-01-25T13:03:48","date_gmt":"2025-01-25T12:03:48","guid":{"rendered":"https:\/\/www.beevista.pl\/?post_type=product&#038;p=407"},"modified":"2026-02-09T17:13:38","modified_gmt":"2026-02-09T16:13:38","slug":"palacio-zel-do-masazu-z-olejem-konopnym-380-ml","status":"publish","type":"product","link":"https:\/\/www.beevista.pl\/index.php\/produkt\/palacio-zel-do-masazu-z-olejem-konopnym-380-ml\/","title":{"rendered":"Palacio \u017bel do masa\u017cu z olejem konopnym 380 ml"},"content":{"rendered":"<h2>PALACIO Cannabis &#8211; \u017bel do masa\u017cu z olejem konopnym 380 ml<\/h2>\n<p>Naturalny, zio\u0142owy \u017cel do masa\u017cu\u00a0<strong>Palacio\u00a0Cannabis<\/strong>\u00a0z olejem konopnym, mentolem, kamfor\u0105 oraz ekstraktami z kasztanowca, \u017cywokostu, kamfory i innych zi\u00f3\u0142.<br \/>\nZawiera\u00a0<strong>94,1% ska\u0142dnik\u00f3w pochodzenia naturalnego.<\/strong><br \/>\nZalecany do masa\u017cu sk\u00f3ry w okolicach zm\u0119czonych, sztywnych mi\u0119\u015bni, staw\u00f3w i \u015bci\u0119gien.<br \/>\n<strong>\u017bel\u00a0Palacio Cannabis<\/strong>\u00a0\u0142agodzi zm\u0119czenie, poprawia miejscowe ukrwienie oraz przynosi ulg\u0119 i przyspiesza regeneracj\u0119 po wysi\u0142ku fizycznym.<br \/>\nKosmetyki czeskiego producenta Palacio odznaczaj\u0105 si\u0119 tym, \u017ce zawieraj\u0105\u00a0<strong>olej konopny t\u0142oczony na zimno.<\/strong><br \/>\nPozyskiwany w tej spos\u00f3b olej konopny charakteryzuje si\u0119 szerokim spektrum skuteczno\u015bci.<br \/>\nPolecany jest zar\u00f3wno do codziennego u\u017cytku jak i do os\u00f3b z problemami sk\u00f3rnymi.<br \/>\nOlej konopny w po\u0142\u0105czeniu z masa\u017cem zapewnia rozlu\u017anienie uk\u0142adu mi\u0119\u015bniowo-szkieletowego, pomaga zmniejszy\u0107 sztywno\u015b\u0107 mi\u0119\u015bni i plec\u00f3w oraz poprawia ruchomo\u015b\u0107 staw\u00f3w.<\/p>\n<p>Cechy \u017celu do masa\u017cu Palacio:<\/p>\n<ul>\n<li>rewitalizuje i intensywnie regeneruje<\/li>\n<li>przynosi miejscow\u0105 ulg\u0119 w b\u00f3lu<\/li>\n<li>\u0142atwo si\u0119 wch\u0142ania<\/li>\n<li>\u0142agodzi, od\u015bwie\u017ca i nadaje sk\u00f3rze elastyczno\u015b\u0107<\/li>\n<li>przyspiesza regeneracj\u0119 po wysi\u0142ku fizycznym<\/li>\n<li>\u0142agodzi uczucie ci\u0119\u017ckich n\u00f3g<\/li>\n<\/ul>\n<p><strong>Sk\u0142ad:<\/strong><\/p>\n<ul>\n<li>94,1% sk\u0142adnik\u00f3w pochodzenia naturalnego<\/li>\n<li>testowany dermatologicznie<\/li>\n<li>nieodpowiedni dla dzieci poni\u017cej 3 roku \u017cycia<\/li>\n<\/ul>\n","protected":false},"excerpt":{"rendered":"<p>PALACIO Cannabis &#8211; \u017bel do masa\u017cu z olejem konopnym 380 ml Naturalny, zio\u0142owy \u017cel do masa\u017cu\u00a0Palacio\u00a0Cannabis\u00a0z olejem konopnym, mentolem, kamfor\u0105 oraz ekstraktami z kasztanowca, \u017cywokostu, kamfory i innych zi\u00f3\u0142. Zawiera\u00a094,1% ska\u0142dnik\u00f3w pochodzenia naturalnego. Zalecany do masa\u017cu sk\u00f3ry w okolicach zm\u0119czonych, sztywnych mi\u0119\u015bni, staw\u00f3w i \u015bci\u0119gien. \u017bel\u00a0Palacio Cannabis\u00a0\u0142agodzi zm\u0119czenie, poprawia miejscowe ukrwienie oraz przynosi ulg\u0119 i [&hellip;]<\/p>\n","protected":false},"featured_media":408,"template":"","meta":[],"product_brand":[22],"product_cat":[21],"product_tag":[],"class_list":{"0":"post-407","1":"product","2":"type-product","3":"status-publish","4":"has-post-thumbnail","6":"product_brand-palacio","7":"product_cat-palacio","9":"first","10":"outofstock","11":"taxable","12":"shipping-taxable","13":"purchasable","14":"product-type-simple"},"_links":{"self":[{"href":"https:\/\/www.beevista.pl\/index.php\/wp-json\/wp\/v2\/product\/407","targetHints":{"allow":["GET"]}}],"collection":[{"href":"https:\/\/www.beevista.pl\/index.php\/wp-json\/wp\/v2\/product"}],"about":[{"href":"https:\/\/www.beevista.pl\/index.php\/wp-json\/wp\/v2\/types\/product"}],"wp:featuredmedia":[{"embeddable":true,"href":"https:\/\/www.beevista.pl\/index.php\/wp-json\/wp\/v2\/media\/408"}],"wp:attachment":[{"href":"https:\/\/www.beevista.pl\/index.php\/wp-json\/wp\/v2\/media?parent=407"}],"wp:term":[{"taxonomy":"product_brand","embeddable":true,"href":"https:\/\/www.beevista.pl\/index.php\/wp-json\/wp\/v2\/product_brand?post=407"},{"taxonomy":"product_cat","embeddable":true,"href":"https:\/\/www.beevista.pl\/index.php\/wp-json\/wp\/v2\/product_cat?post=407"},{"taxonomy":"product_tag","embeddable":true,"href":"https:\/\/www.beevista.pl\/index.php\/wp-json\/wp\/v2\/product_tag?post=407"}],"curies":[{"name":"wp","href":"https:\/\/api.w.org\/{rel}","templated":true}]}}