{"id":405,"date":"2025-01-25T13:00:36","date_gmt":"2025-01-25T12:00:36","guid":{"rendered":"https:\/\/www.beevista.pl\/?post_type=product&#038;p=405"},"modified":"2025-12-10T09:31:20","modified_gmt":"2025-12-10T08:31:20","slug":"palacio-szampon-do-wlosow-z-odzywka-250-ml","status":"publish","type":"product","link":"https:\/\/www.beevista.pl\/index.php\/produkt\/palacio-szampon-do-wlosow-z-odzywka-250-ml\/","title":{"rendered":"Palacio Szampon do w\u0142os\u00f3w z od\u017cywk\u0105 250 ml"},"content":{"rendered":"<h2>Szampon do w\u0142os\u00f3w Palacio Cannabis 250 ml<\/h2>\n<p><strong>Szampon\u00a0Palacio\u00a0Cannabis<\/strong>\u00a0z olejem i ekstraktem z nasion konopi (Cannabis Satvia L)<br \/>\nUnikalna formu\u0142a wykorzystuj\u0105ca piel\u0119gnacyjne ekstrakty i olejki, zapewniaj\u0105ca w\u0142osom g\u0142\u0119bokie nawil\u017cenie.<br \/>\n<strong>Szampon\u00a0Palacio Cannabis<\/strong>\u00a0przeznaczony jest do codziennej piel\u0119gnacji.<br \/>\nZawarty w nim pantenol wzmacnia w\u0142\u00f3kna w\u0142os\u00f3w i chroni przed uszkodzeniami, a olej konopny pomaga zwalczy\u0107 sucho\u015b\u0107 i sw\u0119dzenie sk\u00f3ry.<br \/>\nSzampon skutecznie myje i piel\u0119gnuje wlosy pozostawiaj\u0105c je puszyste i mi\u0119kkie w dotyku.<br \/>\nJu\u017c po kr\u00f3tkim czasie stosowania, w\u0142osy staj\u0105 si\u0119 mocniejsze i pe\u0142ne \u017cycia.<\/p>\n<p>Cechy szamponu Palacio:<\/p>\n<ul>\n<li>myje i piel\u0119gnuje w\u0142osy<\/li>\n<li>chroni sk\u00f3r\u0119 g\u0142owy<\/li>\n<li>wzmacnia w\u0142\u00f3kna w\u0142os\u00f3w<\/li>\n<li>pozostawia w\u0142osy mi\u0119kkie i puszyste<\/li>\n<li>zwalcza sw\u0119dzenie i sucho\u015b\u0107 sk\u00f3ry<\/li>\n<li>usuwa nadmiar sebum z w\u0142os\u00f3w i sk\u00f3ry<\/li>\n<\/ul>\n<p><strong>Sk\u0142adniki:<\/strong><\/p>\n<ul>\n<li>olej konopny<\/li>\n<li>ekstrakt z konopi<\/li>\n<li>gliceryna<\/li>\n<li>pantenol<\/li>\n<li>\u0142agodne \u015brodki powierzchniowo czynne<\/li>\n<li>substancja zapachowa<\/li>\n<\/ul>\n<p><strong>Opakowanie: 250 ml<\/strong><\/p>\n","protected":false},"excerpt":{"rendered":"<p>Szampon do w\u0142os\u00f3w Palacio Cannabis 250 ml Szampon\u00a0Palacio\u00a0Cannabis\u00a0z olejem i ekstraktem z nasion konopi (Cannabis Satvia L) Unikalna formu\u0142a wykorzystuj\u0105ca piel\u0119gnacyjne ekstrakty i olejki, zapewniaj\u0105ca w\u0142osom g\u0142\u0119bokie nawil\u017cenie. Szampon\u00a0Palacio Cannabis\u00a0przeznaczony jest do codziennej piel\u0119gnacji. Zawarty w nim pantenol wzmacnia w\u0142\u00f3kna w\u0142os\u00f3w i chroni przed uszkodzeniami, a olej konopny pomaga zwalczy\u0107 sucho\u015b\u0107 i sw\u0119dzenie sk\u00f3ry. Szampon [&hellip;]<\/p>\n","protected":false},"featured_media":406,"template":"","meta":[],"product_brand":[22],"product_cat":[21],"product_tag":[],"class_list":{"0":"post-405","1":"product","2":"type-product","3":"status-publish","4":"has-post-thumbnail","6":"product_brand-palacio","7":"product_cat-palacio","9":"first","10":"outofstock","11":"taxable","12":"shipping-taxable","13":"purchasable","14":"product-type-simple"},"_links":{"self":[{"href":"https:\/\/www.beevista.pl\/index.php\/wp-json\/wp\/v2\/product\/405","targetHints":{"allow":["GET"]}}],"collection":[{"href":"https:\/\/www.beevista.pl\/index.php\/wp-json\/wp\/v2\/product"}],"about":[{"href":"https:\/\/www.beevista.pl\/index.php\/wp-json\/wp\/v2\/types\/product"}],"wp:featuredmedia":[{"embeddable":true,"href":"https:\/\/www.beevista.pl\/index.php\/wp-json\/wp\/v2\/media\/406"}],"wp:attachment":[{"href":"https:\/\/www.beevista.pl\/index.php\/wp-json\/wp\/v2\/media?parent=405"}],"wp:term":[{"taxonomy":"product_brand","embeddable":true,"href":"https:\/\/www.beevista.pl\/index.php\/wp-json\/wp\/v2\/product_brand?post=405"},{"taxonomy":"product_cat","embeddable":true,"href":"https:\/\/www.beevista.pl\/index.php\/wp-json\/wp\/v2\/product_cat?post=405"},{"taxonomy":"product_tag","embeddable":true,"href":"https:\/\/www.beevista.pl\/index.php\/wp-json\/wp\/v2\/product_tag?post=405"}],"curies":[{"name":"wp","href":"https:\/\/api.w.org\/{rel}","templated":true}]}}