{"id":385,"date":"2025-01-25T12:01:44","date_gmt":"2025-01-25T11:01:44","guid":{"rendered":"https:\/\/www.beevista.pl\/?post_type=product&#038;p=385"},"modified":"2026-03-02T22:16:35","modified_gmt":"2026-03-02T21:16:35","slug":"putorius-zel-konopny-chlodzacy-500-ml","status":"publish","type":"product","link":"https:\/\/www.beevista.pl\/index.php\/produkt\/putorius-zel-konopny-chlodzacy-500-ml\/","title":{"rendered":"Putorius \u017bel konopny ch\u0142odz\u0105cy 500 ml"},"content":{"rendered":"<h2>Konopny \u017cel ch\u0142odz\u0105cy Putorius 500 ml:<\/h2>\n<ul>\n<li>\u017bel wykonany wed\u0142ug oryginalnej sprawdzonej receptury.<\/li>\n<li>Zawiera olejki eukaliptusowe i wykorzystuje regeneruj\u0105ce oraz zmi\u0119kczaj\u0105ce dzia\u0142anie oleju konopnego.<\/li>\n<li>Konopie<b>\u00a0utrzymuj\u0105 sk\u00f3r\u0119 j\u0119drn\u0105, g\u0142adk\u0105, l\u015bni\u0105c\u0105 i j\u0119drn\u0105.<\/b>\u00a0Konopie indyjskie dzia\u0142aj\u0105 r\u00f3wnie\u017c na egzem\u0119 i inne choroby sk\u00f3ry.<\/li>\n<li>Nie stosowa\u0107 u dzieci poni\u017cej 3 lat. Regularne stosowanie zwi\u0119ksza skuteczno\u015b\u0107. Stosuje si\u0119 go dla ukojenia sk\u00f3ry po wysi\u0142ku, przy zm\u0119czeniu po d\u0142ugim staniu.\u00a0<b>Od\u015bwie\u017ca po zm\u0119czeniu, dzia\u0142a uspokajaj\u0105co i regeneruj\u0105co.<\/b><\/li>\n<\/ul>\n<p><b>Spos\u00f3b u\u017cycia:<\/b><\/p>\n<ol>\n<li>\u017bel nanie\u015b\u0107 na chore miejsce i delikatnie wmasowa\u0107.<\/li>\n<li>W razie potrzeby powtarzaj kilka razy dziennie.<\/li>\n<li><b>Przeznaczony wy\u0142\u0105cznie do u\u017cytku zewn\u0119trznego. Unika\u0107 kontaktu z oczami.<\/b><\/li>\n<\/ol>\n<p><b>\u017bel CANNABIS z wysok\u0105 zawarto\u015bci\u0105 oleju konopnego<\/b><\/p>\n","protected":false},"excerpt":{"rendered":"<p>Konopny \u017cel ch\u0142odz\u0105cy Putorius 500 ml: \u017bel wykonany wed\u0142ug oryginalnej sprawdzonej receptury. Zawiera olejki eukaliptusowe i wykorzystuje regeneruj\u0105ce oraz zmi\u0119kczaj\u0105ce dzia\u0142anie oleju konopnego. Konopie\u00a0utrzymuj\u0105 sk\u00f3r\u0119 j\u0119drn\u0105, g\u0142adk\u0105, l\u015bni\u0105c\u0105 i j\u0119drn\u0105.\u00a0Konopie indyjskie dzia\u0142aj\u0105 r\u00f3wnie\u017c na egzem\u0119 i inne choroby sk\u00f3ry. Nie stosowa\u0107 u dzieci poni\u017cej 3 lat. Regularne stosowanie zwi\u0119ksza skuteczno\u015b\u0107. Stosuje si\u0119 go dla ukojenia [&hellip;]<\/p>\n","protected":false},"featured_media":386,"template":"","meta":[],"product_brand":[26],"product_cat":[25],"product_tag":[],"class_list":{"0":"post-385","1":"product","2":"type-product","3":"status-publish","4":"has-post-thumbnail","6":"product_brand-putorius","7":"product_cat-putorius","9":"first","10":"instock","11":"taxable","12":"shipping-taxable","13":"purchasable","14":"product-type-simple"},"_links":{"self":[{"href":"https:\/\/www.beevista.pl\/index.php\/wp-json\/wp\/v2\/product\/385","targetHints":{"allow":["GET"]}}],"collection":[{"href":"https:\/\/www.beevista.pl\/index.php\/wp-json\/wp\/v2\/product"}],"about":[{"href":"https:\/\/www.beevista.pl\/index.php\/wp-json\/wp\/v2\/types\/product"}],"wp:featuredmedia":[{"embeddable":true,"href":"https:\/\/www.beevista.pl\/index.php\/wp-json\/wp\/v2\/media\/386"}],"wp:attachment":[{"href":"https:\/\/www.beevista.pl\/index.php\/wp-json\/wp\/v2\/media?parent=385"}],"wp:term":[{"taxonomy":"product_brand","embeddable":true,"href":"https:\/\/www.beevista.pl\/index.php\/wp-json\/wp\/v2\/product_brand?post=385"},{"taxonomy":"product_cat","embeddable":true,"href":"https:\/\/www.beevista.pl\/index.php\/wp-json\/wp\/v2\/product_cat?post=385"},{"taxonomy":"product_tag","embeddable":true,"href":"https:\/\/www.beevista.pl\/index.php\/wp-json\/wp\/v2\/product_tag?post=385"}],"curies":[{"name":"wp","href":"https:\/\/api.w.org\/{rel}","templated":true}]}}