{"id":381,"date":"2025-01-25T11:12:26","date_gmt":"2025-01-25T10:12:26","guid":{"rendered":"https:\/\/www.beevista.pl\/?post_type=product&#038;p=381"},"modified":"2026-03-22T14:51:35","modified_gmt":"2026-03-22T13:51:35","slug":"alpa-francovka-plyn-160-ml","status":"publish","type":"product","link":"https:\/\/www.beevista.pl\/index.php\/produkt\/alpa-francovka-plyn-160-ml\/","title":{"rendered":"ALPA Francovka p\u0142yn 160ml"},"content":{"rendered":"<div class=\"text\">\n<h3>Opis<\/h3>\n<div>Spirytusowy roztw\u00f3r olejk\u00f3w eterycznych o wszechstronnym dzia\u0142aniu i 100 letniej tradycji stosowania.<\/div>\n<\/div>\n<div class=\"text\">\n<h3>W\u0142a\u015bciwo\u015bci<\/h3>\n<div>\n<p>Alpa Franc\u00f3wka zawiera sk\u0142adniki, kt\u00f3re wspieraj\u0105 walk\u0119 z b\u00f3lem, stanami zapalnymi i podra\u017cnieniami. Produkt mo\u017ce by\u0107 stosowany w celu zregenerowania sk\u00f3ry. Jest polecany w\u00a0<strong>trakcie przezi\u0119bienia i grypy.<\/strong>\u00a0<strong>Preparat zawiera olejki ro\u015blinne<\/strong>\u00a0\u2013 go\u017adzikowy, eukaliptusowy, any\u017cowy, tymiankowy, lawendowy, rozmarynowy, kosodrzewinowy, cynamonowy i kubebowy. W sk\u0142ad produktu wchodzi r\u00f3wnie\u017c alkohol.<\/p>\n<p>Produkt mo\u017ce by\u0107 wykorzystywany do masa\u017cu po intensywnym wysi\u0142ku fizycznym i przy\u00a0<strong>piel\u0119gnacji os\u00f3b ob\u0142o\u017cnie chorych<\/strong>. Preparat nale\u017cy wciera\u0107 w sk\u00f3r\u0119. Produkt jest przeznaczony wy\u0142\u0105cznie do stosowania zewn\u0119trznego.\u00a0<strong>Alpa Franc\u00f3wka szybko si\u0119 wch\u0142ania<\/strong>, znikaj\u0105c z powierzchni sk\u00f3ry. Pozostawia przyjemne\u00a0<strong>uczucie ulgi i odpr\u0119\u017cenia<\/strong>.<\/p>\n<h3>Jak dzia\u0142a p\u0142yn Alpa Franc\u00f3wka?<\/h3>\n<p>P\u0142yn zawiera sk\u0142adniki, kt\u00f3re pomagaj\u0105 poradzi\u0107 sobie z takimi problemami, jak\u00a0b\u00f3l g\u0142owy, mi\u0119\u015bni i staw\u00f3w, a tak\u017ce odle\u017cyny u os\u00f3b ob\u0142o\u017cnie chorych.<\/p>\n<h3>Jak stosowa\u0107 p\u0142yn Alpa Franc\u00f3wka?<\/h3>\n<p>Preparat mo\u017cna wykorzysta\u0107 do\u00a0<strong>masa\u017cu relaksuj\u0105cego i rozgrzewaj\u0105cego, a tak\u017ce ok\u0142ad\u00f3w<\/strong>. Produkt mo\u017ce by\u0107 stosowany zewn\u0119trznie u os\u00f3b ob\u0142o\u017cnie chorych, w celu zapobiegania odle\u017cynom.<\/p>\n<h3>Kiedy stosowa\u0107 p\u0142yn Alpa Franc\u00f3wka?<\/h3>\n<p>Produkt mo\u017ce by\u0107 stosowany przez pacjent\u00f3w, kt\u00f3rzy borykaj\u0105 si\u0119 z\u00a0<strong>b\u00f3lem staw\u00f3w i mi\u0119\u015bni<\/strong>, nerwob\u00f3lami oraz w trakcie infekcji, np. przezi\u0119bienia i grypy.<\/p>\n<h3>Czy stosowanie p\u0142ynu Alpa Franc\u00f3wka w ci\u0105\u017cy i podczas karmienia piersi\u0105 jest bezpieczne?<\/h3>\n<p>Producent nie wskazuje informacji na temat mo\u017cliwo\u015bci stosowania preparatu przez kobiety w ci\u0105\u017cy i karmi\u0105ce piersi\u0105.<\/p>\n<\/div>\n<\/div>\n<div class=\"text\">\n<h3>Sk\u0142ad INCI<\/h3>\n<div>Alcokol Denat., Aqua, Menthol, Ethyl Acetate, Ethyl Formate, Parfum, Linalool, Citral, Eugenol, Cinnamal, d-Limonene<\/div>\n<\/div>\n<div class=\"text\">\n<h3>Pojemno\u015b\u0107<\/h3>\n<div>Masa\/obj\u0119to\u015b\u0107 netto: 160 ml<\/div>\n<\/div>\n","protected":false},"excerpt":{"rendered":"<p>Opis Spirytusowy roztw\u00f3r olejk\u00f3w eterycznych o wszechstronnym dzia\u0142aniu i 100 letniej tradycji stosowania. W\u0142a\u015bciwo\u015bci Alpa Franc\u00f3wka zawiera sk\u0142adniki, kt\u00f3re wspieraj\u0105 walk\u0119 z b\u00f3lem, stanami zapalnymi i podra\u017cnieniami. Produkt mo\u017ce by\u0107 stosowany w celu zregenerowania sk\u00f3ry. Jest polecany w\u00a0trakcie przezi\u0119bienia i grypy.\u00a0Preparat zawiera olejki ro\u015blinne\u00a0\u2013 go\u017adzikowy, eukaliptusowy, any\u017cowy, tymiankowy, lawendowy, rozmarynowy, kosodrzewinowy, cynamonowy i kubebowy. W [&hellip;]<\/p>\n","protected":false},"featured_media":382,"template":"","meta":[],"product_brand":[24],"product_cat":[23],"product_tag":[],"class_list":{"0":"post-381","1":"product","2":"type-product","3":"status-publish","4":"has-post-thumbnail","6":"product_brand-alpa","7":"product_cat-alpa","9":"first","10":"instock","11":"taxable","12":"shipping-taxable","13":"purchasable","14":"product-type-simple"},"_links":{"self":[{"href":"https:\/\/www.beevista.pl\/index.php\/wp-json\/wp\/v2\/product\/381","targetHints":{"allow":["GET"]}}],"collection":[{"href":"https:\/\/www.beevista.pl\/index.php\/wp-json\/wp\/v2\/product"}],"about":[{"href":"https:\/\/www.beevista.pl\/index.php\/wp-json\/wp\/v2\/types\/product"}],"wp:featuredmedia":[{"embeddable":true,"href":"https:\/\/www.beevista.pl\/index.php\/wp-json\/wp\/v2\/media\/382"}],"wp:attachment":[{"href":"https:\/\/www.beevista.pl\/index.php\/wp-json\/wp\/v2\/media?parent=381"}],"wp:term":[{"taxonomy":"product_brand","embeddable":true,"href":"https:\/\/www.beevista.pl\/index.php\/wp-json\/wp\/v2\/product_brand?post=381"},{"taxonomy":"product_cat","embeddable":true,"href":"https:\/\/www.beevista.pl\/index.php\/wp-json\/wp\/v2\/product_cat?post=381"},{"taxonomy":"product_tag","embeddable":true,"href":"https:\/\/www.beevista.pl\/index.php\/wp-json\/wp\/v2\/product_tag?post=381"}],"curies":[{"name":"wp","href":"https:\/\/api.w.org\/{rel}","templated":true}]}}