{"id":371,"date":"2025-01-25T11:21:05","date_gmt":"2025-01-25T10:21:05","guid":{"rendered":"https:\/\/www.beevista.pl\/?post_type=product&#038;p=371"},"modified":"2026-03-17T15:53:36","modified_gmt":"2026-03-17T14:53:36","slug":"palacio-zel-do-masazu-z-jadem-pszczelim-600-ml","status":"publish","type":"product","link":"https:\/\/www.beevista.pl\/index.php\/produkt\/palacio-zel-do-masazu-z-jadem-pszczelim-600-ml\/","title":{"rendered":"PALACIO Apis Venenum &#8211; \u017bel do masa\u017cu z jadem pszczelim 600ml"},"content":{"rendered":"<p data-start=\"224\" data-end=\"638\">Poznaj wyj\u0105tkowe dzia\u0142anie <strong data-start=\"251\" data-end=\"270\">jadu pszczelego<\/strong> zamkni\u0119tego w specjalistycznym \u017celu do masa\u017cu! \ud83d\udcaa <strong data-start=\"321\" data-end=\"345\">PALACIO Apis Venenum<\/strong> to intensywnie rozgrzewaj\u0105cy preparat, kt\u00f3ry w po\u0142\u0105czeniu z masa\u017cem <strong data-start=\"414\" data-end=\"435\">poprawia kr\u0105\u017cenie<\/strong>, <strong data-start=\"437\" data-end=\"465\">rozlu\u017ania spi\u0119te mi\u0119\u015bnie<\/strong> oraz <strong data-start=\"471\" data-end=\"504\">przynosi ulg\u0119 stawom i plecom<\/strong>. Doskonale sprawdza si\u0119 po wysi\u0142ku fizycznym lub w przypadku napi\u0119\u0107 wywo\u0142anych nienaturaln\u0105 pozycj\u0105 cia\u0142a (np. przy pracy siedz\u0105cej).<\/p>\n<p data-start=\"640\" data-end=\"976\">\ud83d\udd25 <strong data-start=\"643\" data-end=\"681\">Dzia\u0142a rozgrzewaj\u0105co i pobudzaj\u0105co<\/strong><br data-start=\"681\" data-end=\"684\" \/>\ud83d\udc86 <strong data-start=\"687\" data-end=\"727\">Przynosi ulg\u0119 w b\u00f3lu mi\u0119\u015bni i staw\u00f3w<\/strong><br data-start=\"727\" data-end=\"730\" \/>\ud83c\udf3f <strong data-start=\"733\" data-end=\"791\">Wzbogacony o propolis, kapsaicyn\u0119 i ekstrakty z 7 zi\u00f3\u0142<\/strong><br data-start=\"791\" data-end=\"794\" \/>\ud83e\uddf4 <strong data-start=\"797\" data-end=\"851\">Poprawia elastyczno\u015b\u0107 sk\u00f3ry i wspomaga regeneracj\u0119<\/strong><br data-start=\"851\" data-end=\"854\" \/>\ud83d\udca8 <strong data-start=\"857\" data-end=\"895\">Szybko si\u0119 wch\u0142ania i nie klei si\u0119<\/strong><br data-start=\"895\" data-end=\"898\" \/>\ud83d\udd2c <strong data-start=\"901\" data-end=\"931\">Testowany dermatologicznie<\/strong><br data-start=\"931\" data-end=\"934\" \/>\u26a0\ufe0f <strong data-start=\"937\" data-end=\"976\">Nie stosowa\u0107 u dzieci poni\u017cej 3 lat<\/strong><\/p>\n<h3 data-start=\"978\" data-end=\"997\">\u2705 Zastosowanie:<\/h3>\n<ul data-start=\"999\" data-end=\"1240\">\n<li data-start=\"999\" data-end=\"1049\">\n<p data-start=\"1001\" data-end=\"1049\">Masa\u017ce regeneracyjne i relaksacyjne po wysi\u0142ku<\/p>\n<\/li>\n<li data-start=\"1050\" data-end=\"1102\">\n<p data-start=\"1052\" data-end=\"1102\">Uczucie sztywno\u015bci plec\u00f3w, karku, kolan i staw\u00f3w<\/p>\n<\/li>\n<li data-start=\"1103\" data-end=\"1142\">\n<p data-start=\"1105\" data-end=\"1142\">Rozgrzanie mi\u0119\u015bni przed aktywno\u015bci\u0105<\/p>\n<\/li>\n<li data-start=\"1143\" data-end=\"1186\">\n<p data-start=\"1145\" data-end=\"1186\">Poprawa elastyczno\u015bci i ukrwienia sk\u00f3ry<\/p>\n<\/li>\n<li data-start=\"1187\" data-end=\"1240\">\n<p data-start=\"1189\" data-end=\"1240\">Ulga po d\u0142ugotrwa\u0142ym przebywaniu w jednej pozycji<\/p>\n<\/li>\n<\/ul>\n<h3 data-start=\"1242\" data-end=\"1267\">\ud83c\udf31 Sk\u0142adniki aktywne:<\/h3>\n<ul data-start=\"1269\" data-end=\"1680\">\n<li data-start=\"1269\" data-end=\"1365\">\n<p data-start=\"1271\" data-end=\"1365\"><strong data-start=\"1271\" data-end=\"1301\">Ekstrakt z jadu pszczelego<\/strong> \u2013 pobudza kr\u0105\u017cenie, dzia\u0142a rozgrzewaj\u0105co i uelastycznia sk\u00f3r\u0119<\/p>\n<\/li>\n<li data-start=\"1366\" data-end=\"1422\">\n<p data-start=\"1368\" data-end=\"1422\"><strong data-start=\"1368\" data-end=\"1381\">Gliceryna<\/strong> \u2013 nawil\u017ca i chroni przed przesuszeniem<\/p>\n<\/li>\n<li data-start=\"1423\" data-end=\"1493\">\n<p data-start=\"1425\" data-end=\"1493\"><strong data-start=\"1425\" data-end=\"1445\">Salicylan metylu<\/strong> \u2013 znany \u015brodek przeciwzapalny i przeciwb\u00f3lowy<\/p>\n<\/li>\n<li data-start=\"1494\" data-end=\"1550\">\n<p data-start=\"1496\" data-end=\"1550\"><strong data-start=\"1496\" data-end=\"1508\">Propolis<\/strong> \u2013 dzia\u0142a antybakteryjnie i regeneruj\u0105co<\/p>\n<\/li>\n<li data-start=\"1551\" data-end=\"1607\">\n<p data-start=\"1553\" data-end=\"1607\"><strong data-start=\"1553\" data-end=\"1567\">Kapsaicyna<\/strong> \u2013 daje intensywny efekt rozgrzewaj\u0105cy<\/p>\n<\/li>\n<li data-start=\"1608\" data-end=\"1680\">\n<p data-start=\"1610\" data-end=\"1680\"><strong data-start=\"1610\" data-end=\"1631\">Ekstrakt z 7 zi\u00f3\u0142<\/strong> \u2013 wzmacnia dzia\u0142anie piel\u0119gnacyjne i \u0142agodz\u0105ce<\/p>\n<\/li>\n<\/ul>\n<h3 data-start=\"1682\" data-end=\"1702\">\ud83e\uddf4 Jak stosowa\u0107?<\/h3>\n<p data-start=\"1704\" data-end=\"2138\">Stosuj <strong data-start=\"1711\" data-end=\"1732\">3\u20134 razy dziennie<\/strong>, zachowuj\u0105c minimum 3 godziny przerwy mi\u0119dzy aplikacjami. Na\u0142\u00f3\u017c \u017cel na sk\u00f3r\u0119 i dok\u0142adnie wmasuj w wybrane miejsce.<br data-start=\"1847\" data-end=\"1850\" \/>\ud83d\udd90\ufe0f <strong data-start=\"1854\" data-end=\"1898\">Po ka\u017cdej aplikacji dok\u0142adnie umyj r\u0119ce.<\/strong><br data-start=\"1898\" data-end=\"1901\" \/>\ud83d\udc41\ufe0f <strong data-start=\"1905\" data-end=\"1954\">Unikaj kontaktu z oczami i b\u0142onami \u015bluzowymi.<\/strong><br data-start=\"1954\" data-end=\"1957\" \/>\u274c <strong data-start=\"1959\" data-end=\"2062\">Nie stosowa\u0107 w przypadku uczulenia na jad pszczeli, produkty pszczele lub inne sk\u0142adniki preparatu.<\/strong><br data-start=\"2062\" data-end=\"2065\" \/>\u26a0\ufe0f <strong data-start=\"2068\" data-end=\"2138\">Tylko do u\u017cytku zewn\u0119trznego. Nie stosowa\u0107 u dzieci poni\u017cej 3 lat.<\/strong><\/p>\n<h3 data-start=\"2140\" data-end=\"2184\">\ud83d\udc1d Jad pszczeli \u2013 naturalna moc kr\u0105\u017cenia<\/h3>\n<p data-start=\"2186\" data-end=\"2445\">Jad pszczeli w po\u0142\u0105czeniu z masa\u017cem <strong data-start=\"2222\" data-end=\"2257\">znacz\u0105co poprawia mikrokr\u0105\u017cenie<\/strong>, dzi\u0119ki czemu sk\u00f3ra staje si\u0119 bardziej dotleniona, elastyczna i rozgrzana. To naturalny spos\u00f3b na rozlu\u017anienie mi\u0119\u015bni, popraw\u0119 kondycji sk\u00f3ry oraz odzyskanie komfortu po intensywnym dniu.<\/p>\n","protected":false},"excerpt":{"rendered":"<p>Poznaj wyj\u0105tkowe dzia\u0142anie jadu pszczelego zamkni\u0119tego w specjalistycznym \u017celu do masa\u017cu! \ud83d\udcaa PALACIO Apis Venenum to intensywnie rozgrzewaj\u0105cy preparat, kt\u00f3ry w po\u0142\u0105czeniu z masa\u017cem poprawia kr\u0105\u017cenie, rozlu\u017ania spi\u0119te mi\u0119\u015bnie oraz przynosi ulg\u0119 stawom i plecom. Doskonale sprawdza si\u0119 po wysi\u0142ku fizycznym lub w przypadku napi\u0119\u0107 wywo\u0142anych nienaturaln\u0105 pozycj\u0105 cia\u0142a (np. przy pracy siedz\u0105cej). \ud83d\udd25 Dzia\u0142a [&hellip;]<\/p>\n","protected":false},"featured_media":1228,"template":"","meta":[],"product_brand":[22],"product_cat":[21],"product_tag":[],"class_list":{"0":"post-371","1":"product","2":"type-product","3":"status-publish","4":"has-post-thumbnail","6":"product_brand-palacio","7":"product_cat-palacio","9":"first","10":"instock","11":"taxable","12":"shipping-taxable","13":"purchasable","14":"product-type-simple"},"_links":{"self":[{"href":"https:\/\/www.beevista.pl\/index.php\/wp-json\/wp\/v2\/product\/371","targetHints":{"allow":["GET"]}}],"collection":[{"href":"https:\/\/www.beevista.pl\/index.php\/wp-json\/wp\/v2\/product"}],"about":[{"href":"https:\/\/www.beevista.pl\/index.php\/wp-json\/wp\/v2\/types\/product"}],"wp:featuredmedia":[{"embeddable":true,"href":"https:\/\/www.beevista.pl\/index.php\/wp-json\/wp\/v2\/media\/1228"}],"wp:attachment":[{"href":"https:\/\/www.beevista.pl\/index.php\/wp-json\/wp\/v2\/media?parent=371"}],"wp:term":[{"taxonomy":"product_brand","embeddable":true,"href":"https:\/\/www.beevista.pl\/index.php\/wp-json\/wp\/v2\/product_brand?post=371"},{"taxonomy":"product_cat","embeddable":true,"href":"https:\/\/www.beevista.pl\/index.php\/wp-json\/wp\/v2\/product_cat?post=371"},{"taxonomy":"product_tag","embeddable":true,"href":"https:\/\/www.beevista.pl\/index.php\/wp-json\/wp\/v2\/product_tag?post=371"}],"curies":[{"name":"wp","href":"https:\/\/api.w.org\/{rel}","templated":true}]}}