{"id":365,"date":"2025-01-25T10:56:28","date_gmt":"2025-01-25T09:56:28","guid":{"rendered":"https:\/\/www.beevista.pl\/?post_type=product&#038;p=365"},"modified":"2026-02-26T07:26:52","modified_gmt":"2026-02-26T06:26:52","slug":"palacio-sol-do-kapieli-z-olejem-konopnym-cannabis-900-g","status":"publish","type":"product","link":"https:\/\/www.beevista.pl\/index.php\/produkt\/palacio-sol-do-kapieli-z-olejem-konopnym-cannabis-900-g\/","title":{"rendered":"Palacio S\u00f3l do k\u0105pieli z olejem konopnym 900 g"},"content":{"rendered":"<h2>S\u00f3l do kapieli Palacio Cannabis z olejem konopnym 900 g<\/h2>\n<p><strong>S\u00f3l do k\u0105pieli\u00a0Palacio\u00a0Cannabis<\/strong>\u00a0z naturalnym olejem z nasion konopi (Cannabis Sativa L.,Angiospermae) oraz gliceryn\u0105.<br \/>\nIdealna do relakcuj\u0105cej k\u0105pieli po ci\u0119\u017ckim dniu.<br \/>\nPomaga w og\u00f3lnej regeneracji organizmu, pozwala wyciszy\u0107 umys\u0142.<br \/>\n<strong>S\u00f3l do k\u0105pieli\u00a0Palacio Cannabis<\/strong>\u00a0w naturalny spos\u00f3b od\u015bwie\u017ca i rewitalizuje sk\u00f3r\u0119.<br \/>\nUnikalna kompozycja soli z olejem z nasion konopi t\u0142oczonym na zimno dzia\u0142a zmiekczaj\u0105co oraz nawil\u017caj\u0105co na sk\u00f3r\u0119.<br \/>\nS\u00f3l pomaga zredukowa\u0107 zrogowacia\u0142y nask\u00f3rek, przynosi relaks i ukojenie.<\/p>\n<h3>Cechy:<\/h3>\n<ul>\n<li>relaksuje i regeneruje<\/li>\n<li>zmi\u0119kcza sk\u00f3r\u0119<\/li>\n<li>pomaga w og\u00f3lnej regeneracji organizmu po ci\u0119\u017ckim dniu<\/li>\n<li>uspokaja zm\u0119czony umys\u0142 i cia\u0142o<\/li>\n<li>produkt testowany dermatologicznie<\/li>\n<\/ul>\n<p><strong>Sk\u0142adniki:<\/strong><\/p>\n<ul>\n<li>olej konopny<\/li>\n<li>s\u00f3l<\/li>\n<li>gliceryna<\/li>\n<li>Perfumy<\/li>\n<\/ul>\n<p><strong>Jak u\u017cywa\u0107:<\/strong><\/p>\n<ul>\n<li>Dodaj 1 do 2 gar\u015bci soli do ciep\u0142ej k\u0105pieli, aby zrelaksowa\u0107 si\u0119 i zregenerowa\u0107 organizm.<\/li>\n<li>Dodaj 1 gar\u015b\u0107 do miski z ciep\u0142\u0105 wod\u0105, aby zmi\u0119kczy\u0107 zrogowacia\u0142\u0105 sk\u00f3r\u0119 st\u00f3p.<\/li>\n<li>Zalecany czas k\u0105pieli to oko\u0142o 20 min.<\/li>\n<\/ul>\n<p><strong>Opakowanie: 900 g<\/strong><\/p>\n","protected":false},"excerpt":{"rendered":"<p>S\u00f3l do kapieli Palacio Cannabis z olejem konopnym 900 g S\u00f3l do k\u0105pieli\u00a0Palacio\u00a0Cannabis\u00a0z naturalnym olejem z nasion konopi (Cannabis Sativa L.,Angiospermae) oraz gliceryn\u0105. Idealna do relakcuj\u0105cej k\u0105pieli po ci\u0119\u017ckim dniu. Pomaga w og\u00f3lnej regeneracji organizmu, pozwala wyciszy\u0107 umys\u0142. S\u00f3l do k\u0105pieli\u00a0Palacio Cannabis\u00a0w naturalny spos\u00f3b od\u015bwie\u017ca i rewitalizuje sk\u00f3r\u0119. Unikalna kompozycja soli z olejem z nasion [&hellip;]<\/p>\n","protected":false},"featured_media":366,"template":"","meta":[],"product_brand":[22],"product_cat":[21],"product_tag":[],"class_list":{"0":"post-365","1":"product","2":"type-product","3":"status-publish","4":"has-post-thumbnail","6":"product_brand-palacio","7":"product_cat-palacio","9":"first","10":"outofstock","11":"taxable","12":"shipping-taxable","13":"purchasable","14":"product-type-simple"},"_links":{"self":[{"href":"https:\/\/www.beevista.pl\/index.php\/wp-json\/wp\/v2\/product\/365","targetHints":{"allow":["GET"]}}],"collection":[{"href":"https:\/\/www.beevista.pl\/index.php\/wp-json\/wp\/v2\/product"}],"about":[{"href":"https:\/\/www.beevista.pl\/index.php\/wp-json\/wp\/v2\/types\/product"}],"wp:featuredmedia":[{"embeddable":true,"href":"https:\/\/www.beevista.pl\/index.php\/wp-json\/wp\/v2\/media\/366"}],"wp:attachment":[{"href":"https:\/\/www.beevista.pl\/index.php\/wp-json\/wp\/v2\/media?parent=365"}],"wp:term":[{"taxonomy":"product_brand","embeddable":true,"href":"https:\/\/www.beevista.pl\/index.php\/wp-json\/wp\/v2\/product_brand?post=365"},{"taxonomy":"product_cat","embeddable":true,"href":"https:\/\/www.beevista.pl\/index.php\/wp-json\/wp\/v2\/product_cat?post=365"},{"taxonomy":"product_tag","embeddable":true,"href":"https:\/\/www.beevista.pl\/index.php\/wp-json\/wp\/v2\/product_tag?post=365"}],"curies":[{"name":"wp","href":"https:\/\/api.w.org\/{rel}","templated":true}]}}