{"id":346,"date":"2025-01-17T21:04:05","date_gmt":"2025-01-17T20:04:05","guid":{"rendered":"https:\/\/www.beevista.pl\/?post_type=product&#038;p=346"},"modified":"2026-03-20T15:35:39","modified_gmt":"2026-03-20T14:35:39","slug":"historia-pszczelarstwa-polskiego-w-zarysie","status":"publish","type":"product","link":"https:\/\/www.beevista.pl\/index.php\/produkt\/historia-pszczelarstwa-polskiego-w-zarysie\/","title":{"rendered":"Historia pszczelarstwa polskiego w zarysie"},"content":{"rendered":"<p>Jedyna w swoim rodzaju ksi\u0105\u017cka b\u0119d\u0105ca po\u0142\u0105czeniem historii pszczelarstwa z przewodnikiem po Skansenie- Muzeum Pszczelarstwa Polskiego w Str\u00f3\u017cach, b\u0119d\u0105cego w\u0142asno\u015bci\u0105 Anny i Janusza Kasztelewicz\u00f3w. Autor ksi\u0105\u017cki, za\u0142o\u017cyciel kolekcji i pierwszy w\u0142a\u015bciciel zbior\u00f3w po\u015bwi\u0119ci\u0142 swoje \u017cycie pszczelarstwu. Przedstawi\u0142 szeroko ekspozycj\u0119 muzealn\u0105 i zamie\u015bci\u0142 wiele informacji na temat historii bartnictwa i pszczelarstwa, a tak\u017ce spis aktualnie dzia\u0142aj\u0105cych muze\u00f3w pszczelarskich w Polsce.<\/p>\n<p>Autor: Bogdan Szymusik<br \/>\nWydawnictwo: S\u0105decki Bartnik<br \/>\nRok wydania: 2006<br \/>\nStron: 168<br \/>\nOprawa: mi\u0119kka<br \/>\nWymiary: 234 x 162 mm<br \/>\nZdj\u0119cie ksi\u0105\u017cki pogl\u0105dowe<br \/>\nISBN: 978-83-924214-0-5<\/p>\n","protected":false},"excerpt":{"rendered":"<p>Jedyna w swoim rodzaju ksi\u0105\u017cka b\u0119d\u0105ca po\u0142\u0105czeniem historii pszczelarstwa z przewodnikiem po Skansenie- Muzeum Pszczelarstwa Polskiego w Str\u00f3\u017cach, b\u0119d\u0105cego w\u0142asno\u015bci\u0105 Anny i Janusza Kasztelewicz\u00f3w. Autor ksi\u0105\u017cki, za\u0142o\u017cyciel kolekcji i pierwszy w\u0142a\u015bciciel zbior\u00f3w po\u015bwi\u0119ci\u0142 swoje \u017cycie pszczelarstwu. Przedstawi\u0142 szeroko ekspozycj\u0119 muzealn\u0105 i zamie\u015bci\u0142 wiele informacji na temat historii bartnictwa i pszczelarstwa, a tak\u017ce spis aktualnie dzia\u0142aj\u0105cych [&hellip;]<\/p>\n","protected":false},"featured_media":347,"template":"","meta":[],"product_brand":[],"product_cat":[18],"product_tag":[],"class_list":{"0":"post-346","1":"product","2":"type-product","3":"status-publish","4":"has-post-thumbnail","6":"product_cat-literatura","8":"first","9":"outofstock","10":"taxable","11":"shipping-taxable","12":"purchasable","13":"product-type-simple"},"_links":{"self":[{"href":"https:\/\/www.beevista.pl\/index.php\/wp-json\/wp\/v2\/product\/346","targetHints":{"allow":["GET"]}}],"collection":[{"href":"https:\/\/www.beevista.pl\/index.php\/wp-json\/wp\/v2\/product"}],"about":[{"href":"https:\/\/www.beevista.pl\/index.php\/wp-json\/wp\/v2\/types\/product"}],"wp:featuredmedia":[{"embeddable":true,"href":"https:\/\/www.beevista.pl\/index.php\/wp-json\/wp\/v2\/media\/347"}],"wp:attachment":[{"href":"https:\/\/www.beevista.pl\/index.php\/wp-json\/wp\/v2\/media?parent=346"}],"wp:term":[{"taxonomy":"product_brand","embeddable":true,"href":"https:\/\/www.beevista.pl\/index.php\/wp-json\/wp\/v2\/product_brand?post=346"},{"taxonomy":"product_cat","embeddable":true,"href":"https:\/\/www.beevista.pl\/index.php\/wp-json\/wp\/v2\/product_cat?post=346"},{"taxonomy":"product_tag","embeddable":true,"href":"https:\/\/www.beevista.pl\/index.php\/wp-json\/wp\/v2\/product_tag?post=346"}],"curies":[{"name":"wp","href":"https:\/\/api.w.org\/{rel}","templated":true}]}}