{"id":339,"date":"2025-01-17T20:25:06","date_gmt":"2025-01-17T19:25:06","guid":{"rendered":"https:\/\/www.beevista.pl\/?post_type=product&#038;p=339"},"modified":"2025-12-10T09:30:32","modified_gmt":"2025-12-10T08:30:32","slug":"mniej-znane-produkty-pszczele","status":"publish","type":"product","link":"https:\/\/www.beevista.pl\/index.php\/produkt\/mniej-znane-produkty-pszczele\/","title":{"rendered":"Mniej znane produkty pszczele"},"content":{"rendered":"<p>Ksi\u0105\u017cka autorstwa Pa\u0144stwa K\u0119dzi\u00f3w- wybitnych znawc\u00f3w apiterapii. Po pojawieniu si\u0119 wielu obszernych pozycji o miodach, py\u0142ku i propolisie, a tak\u017ce mleczku pszczelim, kt\u00f3rych niezwyk\u0142e w\u0142a\u015bciwo\u015bci trafi\u0142y do wielu sfer spo\u0142ecze\u0144stwa, przysz\u0142a pora na przedstawienie jeszcze innych produkt\u00f3w pochodzenia pszczelego. Autorzy opisuj\u0105 mniej znane sposoby wykorzystywania walor\u00f3w pszcz\u00f3\u0142 do cel\u00f3w leczniczych. Sposoby te mog\u0105 niejednokrotnie wzbudzi\u0107 niema\u0142e zaskoczenie w\u015br\u00f3d mi\u0142o\u015bnik\u00f3w i amator\u00f3w produkt\u00f3w pszczelich. Autorzy zdradzaj\u0105 sekrety wosku pszczelego, czerwiu trutowego, osypu pszcz\u00f3\u0142, powietrza ulowego, a tak\u017ce larw barciaka- owada cz\u0119sto zamieszkuj\u0105cego gniazda rodzin pszczelich. Szokuj\u0105ce mo\u017ce okaza\u0107 si\u0119, \u017ce sk\u0142ad, w\u0142a\u015bciwo\u015bci biologiczne i dzia\u0142anie lecznicze mo\u017cna znale\u017a\u0107 w tych mniej znanych produktach, kt\u00f3re mo\u017cna pozyska\u0107 od pszcz\u00f3\u0142.<\/p>\n<p>Wydawca: S\u0105decki Bartnik<br \/>\nAutorzy: Bogdan K\u0119dzia, El\u017cbieta Ho\u0142derna-K\u0119dzia<br \/>\nRok wydania: 2017<br \/>\nStron: 142<br \/>\nOprawa: mi\u0119kka<br \/>\nWymiary: 230 x 160 mm<br \/>\nZdj\u0119cie ksi\u0105\u017cki pogl\u0105dowe<br \/>\nISBN: 978-83-61904-09-0<\/p>\n","protected":false},"excerpt":{"rendered":"<p>Ksi\u0105\u017cka autorstwa Pa\u0144stwa K\u0119dzi\u00f3w- wybitnych znawc\u00f3w apiterapii. Po pojawieniu si\u0119 wielu obszernych pozycji o miodach, py\u0142ku i propolisie, a tak\u017ce mleczku pszczelim, kt\u00f3rych niezwyk\u0142e w\u0142a\u015bciwo\u015bci trafi\u0142y do wielu sfer spo\u0142ecze\u0144stwa, przysz\u0142a pora na przedstawienie jeszcze innych produkt\u00f3w pochodzenia pszczelego. Autorzy opisuj\u0105 mniej znane sposoby wykorzystywania walor\u00f3w pszcz\u00f3\u0142 do cel\u00f3w leczniczych. Sposoby te mog\u0105 niejednokrotnie wzbudzi\u0107 [&hellip;]<\/p>\n","protected":false},"featured_media":340,"template":"","meta":[],"product_brand":[],"product_cat":[18],"product_tag":[],"class_list":{"0":"post-339","1":"product","2":"type-product","3":"status-publish","4":"has-post-thumbnail","6":"product_cat-literatura","8":"first","9":"outofstock","10":"taxable","11":"shipping-taxable","12":"purchasable","13":"product-type-simple"},"_links":{"self":[{"href":"https:\/\/www.beevista.pl\/index.php\/wp-json\/wp\/v2\/product\/339","targetHints":{"allow":["GET"]}}],"collection":[{"href":"https:\/\/www.beevista.pl\/index.php\/wp-json\/wp\/v2\/product"}],"about":[{"href":"https:\/\/www.beevista.pl\/index.php\/wp-json\/wp\/v2\/types\/product"}],"wp:featuredmedia":[{"embeddable":true,"href":"https:\/\/www.beevista.pl\/index.php\/wp-json\/wp\/v2\/media\/340"}],"wp:attachment":[{"href":"https:\/\/www.beevista.pl\/index.php\/wp-json\/wp\/v2\/media?parent=339"}],"wp:term":[{"taxonomy":"product_brand","embeddable":true,"href":"https:\/\/www.beevista.pl\/index.php\/wp-json\/wp\/v2\/product_brand?post=339"},{"taxonomy":"product_cat","embeddable":true,"href":"https:\/\/www.beevista.pl\/index.php\/wp-json\/wp\/v2\/product_cat?post=339"},{"taxonomy":"product_tag","embeddable":true,"href":"https:\/\/www.beevista.pl\/index.php\/wp-json\/wp\/v2\/product_tag?post=339"}],"curies":[{"name":"wp","href":"https:\/\/api.w.org\/{rel}","templated":true}]}}