{"id":33712,"date":"2026-04-28T10:55:18","date_gmt":"2026-04-28T08:55:18","guid":{"rendered":"https:\/\/www.beevista.pl\/?post_type=product&#038;p=33712"},"modified":"2026-04-28T10:55:26","modified_gmt":"2026-04-28T08:55:26","slug":"daszek-niski-wielkopolski-10r-lyson","status":"publish","type":"product","link":"https:\/\/www.beevista.pl\/index.php\/produkt\/daszek-niski-wielkopolski-10r-lyson\/","title":{"rendered":"Daszek niski wielkopolski 10R \u0141yso\u0144"},"content":{"rendered":"<p>Malowany daszek niski z wentylacj\u0105 do ula wielkopolskiego 10R, wykonany ze styropianu. Lekki, trwa\u0142y i odporny na warunki atmosferyczne, zapewnia bardzo dobr\u0105 izolacj\u0119 ciepln\u0105 i d\u017awi\u0119kow\u0105. Posiada 4 otwory wentylacyjne dopasowane do korpus\u00f3w, umo\u017cliwiaj\u0105ce regulacj\u0119 wentylacji.<\/p>\n<p>P\u0142aska konstrukcja u\u0142atwia prac\u0119 przy ulu oraz przechowywanie. Daszek pe\u0142ni funkcj\u0119 okapu, chroni\u0105c ul przed wod\u0105, a jego dopasowane wymiary gwarantuj\u0105 szczelno\u015b\u0107. Gotowy do u\u017cycia, nie wymaga konserwacji.<\/p>\n","protected":false},"excerpt":{"rendered":"<p>Malowany daszek niski z wentylacj\u0105 do ula wielkopolskiego 10R, wykonany ze styropianu. Lekki, trwa\u0142y i odporny na warunki atmosferyczne, zapewnia bardzo dobr\u0105 izolacj\u0119 ciepln\u0105 i d\u017awi\u0119kow\u0105. Posiada 4 otwory wentylacyjne dopasowane do korpus\u00f3w, umo\u017cliwiaj\u0105ce regulacj\u0119 wentylacji. P\u0142aska konstrukcja u\u0142atwia prac\u0119 przy ulu oraz przechowywanie. Daszek pe\u0142ni funkcj\u0119 okapu, chroni\u0105c ul przed wod\u0105, a jego dopasowane [&hellip;]<\/p>\n","protected":false},"featured_media":33713,"template":"","meta":[],"product_brand":[],"product_cat":[84],"product_tag":[],"class_list":{"0":"post-33712","1":"product","2":"type-product","3":"status-publish","4":"has-post-thumbnail","6":"product_cat-daszki","7":"product_shipping_class-brak-wysylki","9":"first","10":"outofstock","11":"taxable","12":"shipping-taxable","13":"purchasable","14":"product-type-simple"},"_links":{"self":[{"href":"https:\/\/www.beevista.pl\/index.php\/wp-json\/wp\/v2\/product\/33712","targetHints":{"allow":["GET"]}}],"collection":[{"href":"https:\/\/www.beevista.pl\/index.php\/wp-json\/wp\/v2\/product"}],"about":[{"href":"https:\/\/www.beevista.pl\/index.php\/wp-json\/wp\/v2\/types\/product"}],"wp:featuredmedia":[{"embeddable":true,"href":"https:\/\/www.beevista.pl\/index.php\/wp-json\/wp\/v2\/media\/33713"}],"wp:attachment":[{"href":"https:\/\/www.beevista.pl\/index.php\/wp-json\/wp\/v2\/media?parent=33712"}],"wp:term":[{"taxonomy":"product_brand","embeddable":true,"href":"https:\/\/www.beevista.pl\/index.php\/wp-json\/wp\/v2\/product_brand?post=33712"},{"taxonomy":"product_cat","embeddable":true,"href":"https:\/\/www.beevista.pl\/index.php\/wp-json\/wp\/v2\/product_cat?post=33712"},{"taxonomy":"product_tag","embeddable":true,"href":"https:\/\/www.beevista.pl\/index.php\/wp-json\/wp\/v2\/product_tag?post=33712"}],"curies":[{"name":"wp","href":"https:\/\/api.w.org\/{rel}","templated":true}]}}