{"id":33592,"date":"2026-04-14T16:51:53","date_gmt":"2026-04-14T14:51:53","guid":{"rendered":"https:\/\/www.beevista.pl\/?post_type=product&#038;p=33592"},"modified":"2026-04-16T18:36:10","modified_gmt":"2026-04-16T16:36:10","slug":"karbownik-napinacz-drutu-plastikowy-obly","status":"publish","type":"product","link":"https:\/\/www.beevista.pl\/index.php\/produkt\/karbownik-napinacz-drutu-plastikowy-obly\/","title":{"rendered":"Karbownik, napinacz drutu plastikowy ob\u0142y"},"content":{"rendered":"<p data-start=\"0\" data-end=\"63\"><strong data-start=\"0\" data-end=\"63\">Napinacz i karbownik drutu do ramek pszczelich \u2013 plastikowy<\/strong><\/p>\n<p data-start=\"65\" data-end=\"332\">Lekki i wytrzyma\u0142y napinacz oraz karbownik drutu to praktyczne narz\u0119dzie dla pszczelarzy, kt\u00f3re umo\u017cliwia szybkie i precyzyjne napinanie drutu w ramkach. Dzi\u0119ki jednoczesnemu karbowaniu zwi\u0119ksza przyczepno\u015b\u0107 w\u0119zy, co przek\u0142ada si\u0119 na stabilniejsze i trwalsze plastry.<\/p>\n<p data-start=\"334\" data-end=\"579\">Ergonomiczna konstrukcja i prosta obs\u0142uga pozwalaj\u0105 znacz\u0105co skr\u00f3ci\u0107 czas przygotowania ramek, eliminuj\u0105c konieczno\u015b\u0107 r\u0119cznego doci\u0105gania drutu. Idealny wyb\u00f3r dla os\u00f3b szukaj\u0105cych skutecznego, wygodnego i trwa\u0142ego rozwi\u0105zania do pracy w pasiece.<\/p>\n","protected":false},"excerpt":{"rendered":"<p>Napinacz i karbownik drutu do ramek pszczelich \u2013 plastikowy Lekki i wytrzyma\u0142y napinacz oraz karbownik drutu to praktyczne narz\u0119dzie dla pszczelarzy, kt\u00f3re umo\u017cliwia szybkie i precyzyjne napinanie drutu w ramkach. Dzi\u0119ki jednoczesnemu karbowaniu zwi\u0119ksza przyczepno\u015b\u0107 w\u0119zy, co przek\u0142ada si\u0119 na stabilniejsze i trwalsze plastry. Ergonomiczna konstrukcja i prosta obs\u0142uga pozwalaj\u0105 znacz\u0105co skr\u00f3ci\u0107 czas przygotowania ramek, [&hellip;]<\/p>\n","protected":false},"featured_media":33593,"template":"","meta":[],"product_brand":[],"product_cat":[55],"product_tag":[],"class_list":{"0":"post-33592","1":"product","2":"type-product","3":"status-publish","4":"has-post-thumbnail","6":"product_cat-ramki","8":"first","9":"instock","10":"taxable","11":"shipping-taxable","12":"purchasable","13":"product-type-simple"},"_links":{"self":[{"href":"https:\/\/www.beevista.pl\/index.php\/wp-json\/wp\/v2\/product\/33592","targetHints":{"allow":["GET"]}}],"collection":[{"href":"https:\/\/www.beevista.pl\/index.php\/wp-json\/wp\/v2\/product"}],"about":[{"href":"https:\/\/www.beevista.pl\/index.php\/wp-json\/wp\/v2\/types\/product"}],"wp:featuredmedia":[{"embeddable":true,"href":"https:\/\/www.beevista.pl\/index.php\/wp-json\/wp\/v2\/media\/33593"}],"wp:attachment":[{"href":"https:\/\/www.beevista.pl\/index.php\/wp-json\/wp\/v2\/media?parent=33592"}],"wp:term":[{"taxonomy":"product_brand","embeddable":true,"href":"https:\/\/www.beevista.pl\/index.php\/wp-json\/wp\/v2\/product_brand?post=33592"},{"taxonomy":"product_cat","embeddable":true,"href":"https:\/\/www.beevista.pl\/index.php\/wp-json\/wp\/v2\/product_cat?post=33592"},{"taxonomy":"product_tag","embeddable":true,"href":"https:\/\/www.beevista.pl\/index.php\/wp-json\/wp\/v2\/product_tag?post=33592"}],"curies":[{"name":"wp","href":"https:\/\/api.w.org\/{rel}","templated":true}]}}