{"id":335,"date":"2025-01-17T19:56:06","date_gmt":"2025-01-17T18:56:06","guid":{"rendered":"https:\/\/www.beevista.pl\/?post_type=product&#038;p=335"},"modified":"2026-04-05T23:03:38","modified_gmt":"2026-04-05T21:03:38","slug":"wychow-matek-pszczelich-na-wlasne-potrzeby","status":"publish","type":"product","link":"https:\/\/www.beevista.pl\/index.php\/produkt\/wychow-matek-pszczelich-na-wlasne-potrzeby\/","title":{"rendered":"Wych\u00f3w matek pszczelich na w\u0142asne potrzeby"},"content":{"rendered":"<p>Autor przedstawia proste sposoby uzyskania dobrych jako\u015bciowo matek, podstawowy sprz\u0119t hodowlany, terminarz wychowu oraz sposoby post\u0119powania z rodzinami wychowuj\u0105cymi.<br \/>\nTa ksi\u0105\u017cka to doskona\u0142a pozycja dla pszczelarzy kt\u00f3rzy chc\u0105 zaj\u0105\u0107 si\u0119 wychowaniem matek pszczelich.<br \/>\nZawarte s\u0105 w niej proste sposoby uzyskania dobrych jako\u015bciowo matek pszczelich oraz podstawowy sprz\u0119t hodowlany.<\/p>\n<p>Autor: Micha\u0142 Gromisz<br \/>\nWydawca: S\u0105decki Bartnik<br \/>\nRok wydania: 1998<br \/>\nLiczba stron: 46<br \/>\nOprawa: mi\u0119kka<br \/>\nWymiary: 165 x 235 mm<br \/>\nZdj\u0119cie ksi\u0105\u017cki pogl\u0105dowe<br \/>\nNumer ISBN: 83-907013-9-1<\/p>\n","protected":false},"excerpt":{"rendered":"<p>Autor przedstawia proste sposoby uzyskania dobrych jako\u015bciowo matek, podstawowy sprz\u0119t hodowlany, terminarz wychowu oraz sposoby post\u0119powania z rodzinami wychowuj\u0105cymi. Ta ksi\u0105\u017cka to doskona\u0142a pozycja dla pszczelarzy kt\u00f3rzy chc\u0105 zaj\u0105\u0107 si\u0119 wychowaniem matek pszczelich. Zawarte s\u0105 w niej proste sposoby uzyskania dobrych jako\u015bciowo matek pszczelich oraz podstawowy sprz\u0119t hodowlany. Autor: Micha\u0142 Gromisz Wydawca: S\u0105decki Bartnik Rok [&hellip;]<\/p>\n","protected":false},"featured_media":336,"template":"","meta":[],"product_brand":[],"product_cat":[18],"product_tag":[],"class_list":{"0":"post-335","1":"product","2":"type-product","3":"status-publish","4":"has-post-thumbnail","6":"product_cat-literatura","8":"first","9":"outofstock","10":"taxable","11":"shipping-taxable","12":"purchasable","13":"product-type-simple"},"_links":{"self":[{"href":"https:\/\/www.beevista.pl\/index.php\/wp-json\/wp\/v2\/product\/335","targetHints":{"allow":["GET"]}}],"collection":[{"href":"https:\/\/www.beevista.pl\/index.php\/wp-json\/wp\/v2\/product"}],"about":[{"href":"https:\/\/www.beevista.pl\/index.php\/wp-json\/wp\/v2\/types\/product"}],"wp:featuredmedia":[{"embeddable":true,"href":"https:\/\/www.beevista.pl\/index.php\/wp-json\/wp\/v2\/media\/336"}],"wp:attachment":[{"href":"https:\/\/www.beevista.pl\/index.php\/wp-json\/wp\/v2\/media?parent=335"}],"wp:term":[{"taxonomy":"product_brand","embeddable":true,"href":"https:\/\/www.beevista.pl\/index.php\/wp-json\/wp\/v2\/product_brand?post=335"},{"taxonomy":"product_cat","embeddable":true,"href":"https:\/\/www.beevista.pl\/index.php\/wp-json\/wp\/v2\/product_cat?post=335"},{"taxonomy":"product_tag","embeddable":true,"href":"https:\/\/www.beevista.pl\/index.php\/wp-json\/wp\/v2\/product_tag?post=335"}],"curies":[{"name":"wp","href":"https:\/\/api.w.org\/{rel}","templated":true}]}}