{"id":33332,"date":"2026-03-14T21:11:09","date_gmt":"2026-03-14T20:11:09","guid":{"rendered":"https:\/\/www.beevista.pl\/?post_type=product&#038;p=33332"},"modified":"2026-04-04T08:05:01","modified_gmt":"2026-04-04T06:05:01","slug":"karbownik-napinacz-drutu-drewniany","status":"publish","type":"product","link":"https:\/\/www.beevista.pl\/index.php\/produkt\/karbownik-napinacz-drutu-drewniany\/","title":{"rendered":"Karbownik, napinacz drutu drewniany"},"content":{"rendered":"<p>Urz\u0105dzenie s\u0142u\u017c\u0105ce do naci\u0105gania i karbowania drutu w ramce.<\/p>\n<p>Karbowanie drutu pozwala na uzyskanie lepszego napi\u0119cia drutu oraz lepsze trzymanie si\u0119 w\u0119zy.<\/p>\n","protected":false},"excerpt":{"rendered":"<p>Urz\u0105dzenie s\u0142u\u017c\u0105ce do naci\u0105gania i karbowania drutu w ramce. Karbowanie drutu pozwala na uzyskanie lepszego napi\u0119cia drutu oraz lepsze trzymanie si\u0119 w\u0119zy.<\/p>\n","protected":false},"featured_media":33333,"template":"","meta":[],"product_brand":[],"product_cat":[61],"product_tag":[],"class_list":{"0":"post-33332","1":"product","2":"type-product","3":"status-publish","4":"has-post-thumbnail","6":"product_cat-inny","8":"first","9":"outofstock","10":"taxable","11":"shipping-taxable","12":"purchasable","13":"product-type-simple"},"_links":{"self":[{"href":"https:\/\/www.beevista.pl\/index.php\/wp-json\/wp\/v2\/product\/33332","targetHints":{"allow":["GET"]}}],"collection":[{"href":"https:\/\/www.beevista.pl\/index.php\/wp-json\/wp\/v2\/product"}],"about":[{"href":"https:\/\/www.beevista.pl\/index.php\/wp-json\/wp\/v2\/types\/product"}],"wp:featuredmedia":[{"embeddable":true,"href":"https:\/\/www.beevista.pl\/index.php\/wp-json\/wp\/v2\/media\/33333"}],"wp:attachment":[{"href":"https:\/\/www.beevista.pl\/index.php\/wp-json\/wp\/v2\/media?parent=33332"}],"wp:term":[{"taxonomy":"product_brand","embeddable":true,"href":"https:\/\/www.beevista.pl\/index.php\/wp-json\/wp\/v2\/product_brand?post=33332"},{"taxonomy":"product_cat","embeddable":true,"href":"https:\/\/www.beevista.pl\/index.php\/wp-json\/wp\/v2\/product_cat?post=33332"},{"taxonomy":"product_tag","embeddable":true,"href":"https:\/\/www.beevista.pl\/index.php\/wp-json\/wp\/v2\/product_tag?post=33332"}],"curies":[{"name":"wp","href":"https:\/\/api.w.org\/{rel}","templated":true}]}}