{"id":33307,"date":"2026-03-13T21:39:29","date_gmt":"2026-03-13T20:39:29","guid":{"rendered":"https:\/\/www.beevista.pl\/?post_type=product&#038;p=33307"},"modified":"2026-04-14T17:02:15","modified_gmt":"2026-04-14T15:02:15","slug":"dluto-nierdzewne-skrobak-z-hakiem","status":"publish","type":"product","link":"https:\/\/www.beevista.pl\/index.php\/produkt\/dluto-nierdzewne-skrobak-z-hakiem\/","title":{"rendered":"D\u0142uto nierdzewne skrobak z hakiem"},"content":{"rendered":"<p>D\u0142uto pasieczne w formie skrobaka z hakiem na drewnianej r\u0119koje\u015bci u\u0142atwiaj\u0105cego prace w pasiece.<br \/>\nPozwala na podwa\u017canie i rozsuwanie ramek, zdrapywanie nadbudowy woskowej oraz propolisu.<\/p>\n<p>&nbsp;<\/p>\n<p>D\u0142ugo\u015b\u0107 ca\u0142kowita: 20 cm<br \/>\nD\u0142ugo\u015b\u0107 r\u0119koje\u015bci: 12<br \/>\nSzeroko\u015b\u0107 skrobaka: 2,7 cm<\/p>\n","protected":false},"excerpt":{"rendered":"<p>D\u0142uto pasieczne w formie skrobaka z hakiem na drewnianej r\u0119koje\u015bci u\u0142atwiaj\u0105cego prace w pasiece. Pozwala na podwa\u017canie i rozsuwanie ramek, zdrapywanie nadbudowy woskowej oraz propolisu. &nbsp; D\u0142ugo\u015b\u0107 ca\u0142kowita: 20 cm D\u0142ugo\u015b\u0107 r\u0119koje\u015bci: 12 Szeroko\u015b\u0107 skrobaka: 2,7 cm<\/p>\n","protected":false},"featured_media":33308,"template":"","meta":[],"product_brand":[],"product_cat":[57],"product_tag":[],"class_list":{"0":"post-33307","1":"product","2":"type-product","3":"status-publish","4":"has-post-thumbnail","6":"product_cat-dluta","8":"first","9":"instock","10":"taxable","11":"shipping-taxable","12":"purchasable","13":"product-type-simple"},"_links":{"self":[{"href":"https:\/\/www.beevista.pl\/index.php\/wp-json\/wp\/v2\/product\/33307","targetHints":{"allow":["GET"]}}],"collection":[{"href":"https:\/\/www.beevista.pl\/index.php\/wp-json\/wp\/v2\/product"}],"about":[{"href":"https:\/\/www.beevista.pl\/index.php\/wp-json\/wp\/v2\/types\/product"}],"wp:featuredmedia":[{"embeddable":true,"href":"https:\/\/www.beevista.pl\/index.php\/wp-json\/wp\/v2\/media\/33308"}],"wp:attachment":[{"href":"https:\/\/www.beevista.pl\/index.php\/wp-json\/wp\/v2\/media?parent=33307"}],"wp:term":[{"taxonomy":"product_brand","embeddable":true,"href":"https:\/\/www.beevista.pl\/index.php\/wp-json\/wp\/v2\/product_brand?post=33307"},{"taxonomy":"product_cat","embeddable":true,"href":"https:\/\/www.beevista.pl\/index.php\/wp-json\/wp\/v2\/product_cat?post=33307"},{"taxonomy":"product_tag","embeddable":true,"href":"https:\/\/www.beevista.pl\/index.php\/wp-json\/wp\/v2\/product_tag?post=33307"}],"curies":[{"name":"wp","href":"https:\/\/api.w.org\/{rel}","templated":true}]}}