{"id":333,"date":"2025-01-17T19:53:07","date_gmt":"2025-01-17T18:53:07","guid":{"rendered":"https:\/\/www.beevista.pl\/?post_type=product&#038;p=333"},"modified":"2025-12-10T09:30:38","modified_gmt":"2025-12-10T08:30:38","slug":"pszczelarstwo-powrot-do-natury","status":"publish","type":"product","link":"https:\/\/www.beevista.pl\/index.php\/produkt\/pszczelarstwo-powrot-do-natury\/","title":{"rendered":"Pszczelarstwo &#8211; powr\u00f3t do natury"},"content":{"rendered":"<p>W ksi\u0105\u017cce Pszczelarstwo powr\u00f3t do natury opisuje metod\u0119 Dr wet. Petra Chmary sterowania p\u0142odno\u015bci\u0105 matki pszczelej i rozwojem ca\u0142ej pszczelej rodziny przy zastoso\u00adwaniu specjalnego izolatora.<\/p>\n<p>Przy powszechnej chemizacji rolnictwa i farmakologicznym zwalczaniu warrozy obserwujemy prawdziwe za\u0142amanie \u017cywotno\u015bci pszcz\u00f3\u0142. Poszukiwania alternatywy rozla\u0142y si\u0119 w r\u00f3\u017cnych kierunkach, od zastosowania kwas\u00f3w, po surowiec zielarski. Dr wet. Petro Chmara poszed\u0142 w kierunku sterowania p\u0142odno\u015bci\u0105 matki pszczelej i rozwojem ca\u0142ej pszczelej rodziny przy zastoso\u00adwaniu specjalnego izolatora.<\/p>\n<p>Wydawnictwo: Bartnik S\u0105decki<br \/>\nAutor: Wo\u0142odymyr Ma\u0142ychin<br \/>\nRok wydania: 2014<br \/>\nLiczba stron: 96<br \/>\nOprawa: mi\u0119kka<br \/>\nWymiary: 165 x 235 mm<br \/>\nZdj\u0119cie ksi\u0105\u017cki pogl\u0105dowe<br \/>\nISBN: 978-83-61904-56-4<\/p>\n","protected":false},"excerpt":{"rendered":"<p>W ksi\u0105\u017cce Pszczelarstwo powr\u00f3t do natury opisuje metod\u0119 Dr wet. Petra Chmary sterowania p\u0142odno\u015bci\u0105 matki pszczelej i rozwojem ca\u0142ej pszczelej rodziny przy zastoso\u00adwaniu specjalnego izolatora. Przy powszechnej chemizacji rolnictwa i farmakologicznym zwalczaniu warrozy obserwujemy prawdziwe za\u0142amanie \u017cywotno\u015bci pszcz\u00f3\u0142. Poszukiwania alternatywy rozla\u0142y si\u0119 w r\u00f3\u017cnych kierunkach, od zastosowania kwas\u00f3w, po surowiec zielarski. Dr wet. Petro Chmara [&hellip;]<\/p>\n","protected":false},"featured_media":334,"template":"","meta":[],"product_brand":[],"product_cat":[18],"product_tag":[],"class_list":{"0":"post-333","1":"product","2":"type-product","3":"status-publish","4":"has-post-thumbnail","6":"product_cat-literatura","8":"first","9":"outofstock","10":"taxable","11":"shipping-taxable","12":"purchasable","13":"product-type-simple"},"_links":{"self":[{"href":"https:\/\/www.beevista.pl\/index.php\/wp-json\/wp\/v2\/product\/333","targetHints":{"allow":["GET"]}}],"collection":[{"href":"https:\/\/www.beevista.pl\/index.php\/wp-json\/wp\/v2\/product"}],"about":[{"href":"https:\/\/www.beevista.pl\/index.php\/wp-json\/wp\/v2\/types\/product"}],"wp:featuredmedia":[{"embeddable":true,"href":"https:\/\/www.beevista.pl\/index.php\/wp-json\/wp\/v2\/media\/334"}],"wp:attachment":[{"href":"https:\/\/www.beevista.pl\/index.php\/wp-json\/wp\/v2\/media?parent=333"}],"wp:term":[{"taxonomy":"product_brand","embeddable":true,"href":"https:\/\/www.beevista.pl\/index.php\/wp-json\/wp\/v2\/product_brand?post=333"},{"taxonomy":"product_cat","embeddable":true,"href":"https:\/\/www.beevista.pl\/index.php\/wp-json\/wp\/v2\/product_cat?post=333"},{"taxonomy":"product_tag","embeddable":true,"href":"https:\/\/www.beevista.pl\/index.php\/wp-json\/wp\/v2\/product_tag?post=333"}],"curies":[{"name":"wp","href":"https:\/\/api.w.org\/{rel}","templated":true}]}}