{"id":33272,"date":"2026-03-13T20:03:38","date_gmt":"2026-03-13T19:03:38","guid":{"rendered":"https:\/\/www.beevista.pl\/?post_type=product&#038;p=33272"},"modified":"2026-04-27T14:25:26","modified_gmt":"2026-04-27T12:25:26","slug":"dluto-nierdzewne-z-drewniana-raczka","status":"publish","type":"product","link":"https:\/\/www.beevista.pl\/index.php\/produkt\/dluto-nierdzewne-z-drewniana-raczka\/","title":{"rendered":"D\u0142uto nierdzewne z drewnian\u0105 r\u0105czk\u0105"},"content":{"rendered":"<p>Wielofunkcyjne, uniwersalne d\u0142uto pasieczne typu Roota, doskona\u0142e do wszelkich prac ulowych, m.in. rozrywania spoiwa (propolisu) \u0142\u0105cz\u0105cego ramki, rozdzielania, rozsuwania i podwa\u017cania ramek, korpus\u00f3w, p\u00f3\u0142korpus\u00f3w i nadstawek, a tak\u017ce do czyszczenia i skrobania ramek, \u015bcian oraz dennic uli.<\/p>\n<p>D\u0142uto o dw\u00f3ch r\u00f3\u017cnych g\u0142owniach zapewnia szerokie mo\u017cliwo\u015bci wykorzystania.<\/p>\n<p>Ostrza wykonane z kwasoodpornej stali nierdzewnej oraz drewniany uchwyt gwarantuj\u0105 komfort u\u017cytkowania oraz trwa\u0142o\u015b\u0107 narz\u0119dzia przez d\u0142ugi czas.<\/p>\n<p>D\u0142ugo\u015b\u0107 ca\u0142kowita: 20 cm<br \/>\nSzeroko\u015b\u0107 ostrza: 4,5 cm<\/p>\n","protected":false},"excerpt":{"rendered":"<p>Wielofunkcyjne, uniwersalne d\u0142uto pasieczne typu Roota, doskona\u0142e do wszelkich prac ulowych, m.in. rozrywania spoiwa (propolisu) \u0142\u0105cz\u0105cego ramki, rozdzielania, rozsuwania i podwa\u017cania ramek, korpus\u00f3w, p\u00f3\u0142korpus\u00f3w i nadstawek, a tak\u017ce do czyszczenia i skrobania ramek, \u015bcian oraz dennic uli. D\u0142uto o dw\u00f3ch r\u00f3\u017cnych g\u0142owniach zapewnia szerokie mo\u017cliwo\u015bci wykorzystania. Ostrza wykonane z kwasoodpornej stali nierdzewnej oraz drewniany uchwyt [&hellip;]<\/p>\n","protected":false},"featured_media":33273,"template":"","meta":[],"product_brand":[],"product_cat":[57],"product_tag":[],"class_list":{"0":"post-33272","1":"product","2":"type-product","3":"status-publish","4":"has-post-thumbnail","6":"product_cat-dluta","8":"first","9":"instock","10":"taxable","11":"shipping-taxable","12":"purchasable","13":"product-type-simple"},"_links":{"self":[{"href":"https:\/\/www.beevista.pl\/index.php\/wp-json\/wp\/v2\/product\/33272","targetHints":{"allow":["GET"]}}],"collection":[{"href":"https:\/\/www.beevista.pl\/index.php\/wp-json\/wp\/v2\/product"}],"about":[{"href":"https:\/\/www.beevista.pl\/index.php\/wp-json\/wp\/v2\/types\/product"}],"wp:featuredmedia":[{"embeddable":true,"href":"https:\/\/www.beevista.pl\/index.php\/wp-json\/wp\/v2\/media\/33273"}],"wp:attachment":[{"href":"https:\/\/www.beevista.pl\/index.php\/wp-json\/wp\/v2\/media?parent=33272"}],"wp:term":[{"taxonomy":"product_brand","embeddable":true,"href":"https:\/\/www.beevista.pl\/index.php\/wp-json\/wp\/v2\/product_brand?post=33272"},{"taxonomy":"product_cat","embeddable":true,"href":"https:\/\/www.beevista.pl\/index.php\/wp-json\/wp\/v2\/product_cat?post=33272"},{"taxonomy":"product_tag","embeddable":true,"href":"https:\/\/www.beevista.pl\/index.php\/wp-json\/wp\/v2\/product_tag?post=33272"}],"curies":[{"name":"wp","href":"https:\/\/api.w.org\/{rel}","templated":true}]}}