{"id":33260,"date":"2026-03-13T19:39:43","date_gmt":"2026-03-13T18:39:43","guid":{"rendered":"https:\/\/www.beevista.pl\/?post_type=product&#038;p=33260"},"modified":"2026-03-13T23:07:21","modified_gmt":"2026-03-13T22:07:21","slug":"odsklepiacz-widelcowy-giety-25-igiel","status":"publish","type":"product","link":"https:\/\/www.beevista.pl\/index.php\/produkt\/odsklepiacz-widelcowy-giety-25-igiel\/","title":{"rendered":"Odsklepiacz widelcowy gi\u0119ty \u2013 25 igie\u0142"},"content":{"rendered":"<p>Odsklepiacz widelcowy &#8211; \u0142opatka aluminiowa polerowana, trzonek drewniany, ig\u0142y wykonane ze stali nierdzewnej.<\/p>\n<p>D\u0142ugo\u015b\u0107 trzonka: 12 cm<br \/>\nSzeroko\u015b\u0107 igie\u0142: 9 cm<br \/>\nIlo\u015b\u0107 igie\u0142: 25<\/p>\n","protected":false},"excerpt":{"rendered":"<p>Odsklepiacz widelcowy &#8211; \u0142opatka aluminiowa polerowana, trzonek drewniany, ig\u0142y wykonane ze stali nierdzewnej. D\u0142ugo\u015b\u0107 trzonka: 12 cm Szeroko\u015b\u0107 igie\u0142: 9 cm Ilo\u015b\u0107 igie\u0142: 25<\/p>\n","protected":false},"featured_media":33261,"template":"","meta":[],"product_brand":[81],"product_cat":[45],"product_tag":[],"class_list":{"0":"post-33260","1":"product","2":"type-product","3":"status-publish","4":"has-post-thumbnail","6":"product_brand-kokoszka","7":"product_cat-odsklepianie","9":"first","10":"outofstock","11":"taxable","12":"shipping-taxable","13":"purchasable","14":"product-type-simple"},"_links":{"self":[{"href":"https:\/\/www.beevista.pl\/index.php\/wp-json\/wp\/v2\/product\/33260","targetHints":{"allow":["GET"]}}],"collection":[{"href":"https:\/\/www.beevista.pl\/index.php\/wp-json\/wp\/v2\/product"}],"about":[{"href":"https:\/\/www.beevista.pl\/index.php\/wp-json\/wp\/v2\/types\/product"}],"wp:featuredmedia":[{"embeddable":true,"href":"https:\/\/www.beevista.pl\/index.php\/wp-json\/wp\/v2\/media\/33261"}],"wp:attachment":[{"href":"https:\/\/www.beevista.pl\/index.php\/wp-json\/wp\/v2\/media?parent=33260"}],"wp:term":[{"taxonomy":"product_brand","embeddable":true,"href":"https:\/\/www.beevista.pl\/index.php\/wp-json\/wp\/v2\/product_brand?post=33260"},{"taxonomy":"product_cat","embeddable":true,"href":"https:\/\/www.beevista.pl\/index.php\/wp-json\/wp\/v2\/product_cat?post=33260"},{"taxonomy":"product_tag","embeddable":true,"href":"https:\/\/www.beevista.pl\/index.php\/wp-json\/wp\/v2\/product_tag?post=33260"}],"curies":[{"name":"wp","href":"https:\/\/api.w.org\/{rel}","templated":true}]}}