{"id":33248,"date":"2026-03-11T09:35:24","date_gmt":"2026-03-11T08:35:24","guid":{"rendered":"https:\/\/www.beevista.pl\/?post_type=product&#038;p=33248"},"modified":"2026-03-12T08:36:59","modified_gmt":"2026-03-12T07:36:59","slug":"cedzidlo-podwojne-kwasoodporne-oczka-08-x-20","status":"publish","type":"product","link":"https:\/\/www.beevista.pl\/index.php\/produkt\/cedzidlo-podwojne-kwasoodporne-oczka-08-x-20\/","title":{"rendered":"Cedzid\u0142o podw\u00f3jne kwasoodporne oczka 0,8 x 2,0"},"content":{"rendered":"<p>Cedzid\u0142o podw\u00f3jne kwasoodporne. Sito wst\u0119pne oczka 2,0 drugie sito g\u0142\u00f3wne oczka 0,8 mm<\/p>\n<p>Rozsuwane ramiona pozwalaj\u0105 dopasowa\u0107 cedzid\u0142o do ka\u017cdej wielo\u015bci odstojnika.<\/p>\n<p>\u015arednica: 20 cm<br \/>\nRozstaw ramion: od 26 do 42 cm<\/p>\n<p>Wysoko\u015b\u0107 zgrubnego sita: 6 cm<br \/>\nWysoko\u015b\u0107 g\u0142\u00f3wnego sita: 7,5 cm<br \/>\nWysoko\u015b\u0107 z\u0142o\u017conych sit: 11 cm<\/p>\n","protected":false},"excerpt":{"rendered":"<p>Cedzid\u0142o podw\u00f3jne kwasoodporne. Sito wst\u0119pne oczka 2,0 drugie sito g\u0142\u00f3wne oczka 0,8 mm Rozsuwane ramiona pozwalaj\u0105 dopasowa\u0107 cedzid\u0142o do ka\u017cdej wielo\u015bci odstojnika. \u015arednica: 20 cm Rozstaw ramion: od 26 do 42 cm Wysoko\u015b\u0107 zgrubnego sita: 6 cm Wysoko\u015b\u0107 g\u0142\u00f3wnego sita: 7,5 cm Wysoko\u015b\u0107 z\u0142o\u017conych sit: 11 cm<\/p>\n","protected":false},"featured_media":33249,"template":"","meta":[],"product_brand":[81],"product_cat":[80],"product_tag":[],"class_list":{"0":"post-33248","1":"product","2":"type-product","3":"status-publish","4":"has-post-thumbnail","6":"product_brand-kokoszka","7":"product_cat-cedzidla","9":"first","10":"instock","11":"taxable","12":"shipping-taxable","13":"purchasable","14":"product-type-simple"},"_links":{"self":[{"href":"https:\/\/www.beevista.pl\/index.php\/wp-json\/wp\/v2\/product\/33248","targetHints":{"allow":["GET"]}}],"collection":[{"href":"https:\/\/www.beevista.pl\/index.php\/wp-json\/wp\/v2\/product"}],"about":[{"href":"https:\/\/www.beevista.pl\/index.php\/wp-json\/wp\/v2\/types\/product"}],"wp:featuredmedia":[{"embeddable":true,"href":"https:\/\/www.beevista.pl\/index.php\/wp-json\/wp\/v2\/media\/33249"}],"wp:attachment":[{"href":"https:\/\/www.beevista.pl\/index.php\/wp-json\/wp\/v2\/media?parent=33248"}],"wp:term":[{"taxonomy":"product_brand","embeddable":true,"href":"https:\/\/www.beevista.pl\/index.php\/wp-json\/wp\/v2\/product_brand?post=33248"},{"taxonomy":"product_cat","embeddable":true,"href":"https:\/\/www.beevista.pl\/index.php\/wp-json\/wp\/v2\/product_cat?post=33248"},{"taxonomy":"product_tag","embeddable":true,"href":"https:\/\/www.beevista.pl\/index.php\/wp-json\/wp\/v2\/product_tag?post=33248"}],"curies":[{"name":"wp","href":"https:\/\/api.w.org\/{rel}","templated":true}]}}