{"id":33244,"date":"2026-03-11T09:28:58","date_gmt":"2026-03-11T08:28:58","guid":{"rendered":"https:\/\/www.beevista.pl\/?post_type=product&#038;p=33244"},"modified":"2026-03-12T08:35:35","modified_gmt":"2026-03-12T07:35:35","slug":"cedzidlo-podwojne-oczka-05-x-16","status":"publish","type":"product","link":"https:\/\/www.beevista.pl\/index.php\/produkt\/cedzidlo-podwojne-oczka-05-x-16\/","title":{"rendered":"Cedzid\u0142o podw\u00f3jne oczka 0,5 x 1,6"},"content":{"rendered":"<p>Cedzid\u0142o podw\u00f3jne ocynowane. Oczka 0,5 oraz 1,6 na drugim sicie.<\/p>\n<p>Rozsuwane ramiona pozwalaj\u0105 dopasowa\u0107 cedzid\u0142o do ka\u017cdej wielo\u015bci odstojnika.<\/p>\n","protected":false},"excerpt":{"rendered":"<p>Cedzid\u0142o podw\u00f3jne ocynowane. Oczka 0,5 oraz 1,6 na drugim sicie. Rozsuwane ramiona pozwalaj\u0105 dopasowa\u0107 cedzid\u0142o do ka\u017cdej wielo\u015bci odstojnika.<\/p>\n","protected":false},"featured_media":33245,"template":"","meta":[],"product_brand":[81],"product_cat":[80],"product_tag":[],"class_list":{"0":"post-33244","1":"product","2":"type-product","3":"status-publish","4":"has-post-thumbnail","6":"product_brand-kokoszka","7":"product_cat-cedzidla","9":"first","10":"instock","11":"taxable","12":"shipping-taxable","13":"purchasable","14":"product-type-simple"},"_links":{"self":[{"href":"https:\/\/www.beevista.pl\/index.php\/wp-json\/wp\/v2\/product\/33244","targetHints":{"allow":["GET"]}}],"collection":[{"href":"https:\/\/www.beevista.pl\/index.php\/wp-json\/wp\/v2\/product"}],"about":[{"href":"https:\/\/www.beevista.pl\/index.php\/wp-json\/wp\/v2\/types\/product"}],"wp:featuredmedia":[{"embeddable":true,"href":"https:\/\/www.beevista.pl\/index.php\/wp-json\/wp\/v2\/media\/33245"}],"wp:attachment":[{"href":"https:\/\/www.beevista.pl\/index.php\/wp-json\/wp\/v2\/media?parent=33244"}],"wp:term":[{"taxonomy":"product_brand","embeddable":true,"href":"https:\/\/www.beevista.pl\/index.php\/wp-json\/wp\/v2\/product_brand?post=33244"},{"taxonomy":"product_cat","embeddable":true,"href":"https:\/\/www.beevista.pl\/index.php\/wp-json\/wp\/v2\/product_cat?post=33244"},{"taxonomy":"product_tag","embeddable":true,"href":"https:\/\/www.beevista.pl\/index.php\/wp-json\/wp\/v2\/product_tag?post=33244"}],"curies":[{"name":"wp","href":"https:\/\/api.w.org\/{rel}","templated":true}]}}