{"id":33226,"date":"2026-02-27T12:27:33","date_gmt":"2026-02-27T11:27:33","guid":{"rendered":"https:\/\/www.beevista.pl\/?post_type=product&#038;p=33226"},"modified":"2026-03-11T10:20:49","modified_gmt":"2026-03-11T09:20:49","slug":"alpa-sport-emulsja-rozgrzewajaca-do-masazu-210-ml","status":"publish","type":"product","link":"https:\/\/www.beevista.pl\/index.php\/produkt\/alpa-sport-emulsja-rozgrzewajaca-do-masazu-210-ml\/","title":{"rendered":"Alpa Sport emulsja rozgrzewaj\u0105ca do masa\u017cu 210 ml"},"content":{"rendered":"<p data-start=\"0\" data-end=\"463\">\ud83d\udfe1 <strong data-start=\"3\" data-end=\"44\"><span class=\"inline align-baseline\"><span class=\"whitespace-normal\"><span class=\"hover:entity-accent entity-underline cursor-pointer\">Alpa emulsja rozgrzewaj\u0105ca 210\u202fml<\/span><\/span><\/span><\/strong> \u2013 naturalna emulsja do masa\u017cu o intensywnym dzia\u0142aniu rozgrzewaj\u0105cym, zaprojektowana z my\u015bl\u0105 o przygotowaniu mi\u0119\u015bni i staw\u00f3w przed wysi\u0142kiem fizycznym oraz wspieraniu ich regeneracji po treningu czy ci\u0119\u017cszej pracy. Dzia\u0142a przede wszystkim poprzez popraw\u0119 kr\u0105\u017cenia i ukrwienia, co pomaga zwi\u0119kszy\u0107 elastyczno\u015b\u0107 tkanek, zmniejszy\u0107 napi\u0119cia i przygotowa\u0107 cia\u0142o na wi\u0119ksze obci\u0105\u017cenia.<\/p>\n<p data-start=\"465\" data-end=\"1063\">\ud83d\udcaa <strong data-start=\"468\" data-end=\"482\">Dzia\u0142anie:<\/strong><br data-start=\"482\" data-end=\"485\" \/>\u2022 silnie rozgrzewa obszar aplikacji, wspomagaj\u0105c przygotowanie mi\u0119\u015bni i staw\u00f3w do wysi\u0142ku, <br data-start=\"613\" data-end=\"616\" \/>\u2022 poprawia ukrwienie dzi\u0119ki ekstraktowi z imbiru, kamforze i zio\u0142om, <br data-start=\"722\" data-end=\"725\" \/>\u2022 pomaga zapobiega\u0107 kontuzjom poprzez skuteczniejsze dotlenienie mi\u0119\u015bni, <br data-start=\"835\" data-end=\"838\" \/>\u2022 przyspiesza regeneracj\u0119 i zmniejsza uczucie sztywno\u015bci po \u0107wiczeniach, <br data-start=\"948\" data-end=\"951\" \/>\u2022 zio\u0142owe sk\u0142adniki dodatkowo wspieraj\u0105 relaksacj\u0119 tkanek i komfort sk\u00f3ry.<\/p>\n<p data-start=\"1065\" data-end=\"1375\">\ud83c\udf3f <strong data-start=\"1068\" data-end=\"1092\">Naturalne sk\u0142adniki:<\/strong><br data-start=\"1092\" data-end=\"1095\" \/>Emulsja zawiera wyci\u0105gi z imbiru, kamfor\u0119 oraz rozmaryn \u2014 sk\u0142adniki o udokumentowanym dzia\u0142aniu rozgrzewaj\u0105cym i stymuluj\u0105cym kr\u0105\u017cenie. Formu\u0142a mo\u017ce wspomaga\u0107 regeneracj\u0119 miejsc obola\u0142ych, a tak\u017ce przygotowa\u0107 organizm do intensywnego wysi\u0142ku.<\/p>\n<p data-start=\"1377\" data-end=\"1757\">\ud83c\udfc3\u200d\u2642\ufe0f <strong data-start=\"1383\" data-end=\"1400\">Zastosowanie:<\/strong><br data-start=\"1400\" data-end=\"1403\" \/>Produkt idealny dla sportowc\u00f3w oraz os\u00f3b prowadz\u0105cych aktywny tryb \u017cycia. Przed masa\u017cem u\u017cyj emulsji na such\u0105 sk\u00f3r\u0119 w miejscu wymagaj\u0105cym przygotowania lub rozlu\u017anienia \u2014 na przyk\u0142ad na uda, \u0142ydki, plecy czy barki. Mo\u017cna stosowa\u0107 zar\u00f3wno przed, jak i po wysi\u0142ku fizycznym, aby wspom\u00f3c regeneracj\u0119 i odpr\u0119\u017cy\u0107 mi\u0119\u015bnie.<\/p>\n<p data-start=\"1759\" data-end=\"1850\">\ud83d\udce6 <strong data-start=\"1762\" data-end=\"1776\">Pojemno\u015b\u0107:<\/strong> 210 ml<\/p>\n","protected":false},"excerpt":{"rendered":"<p>\ud83d\udfe1 Alpa emulsja rozgrzewaj\u0105ca 210\u202fml \u2013 naturalna emulsja do masa\u017cu o intensywnym dzia\u0142aniu rozgrzewaj\u0105cym, zaprojektowana z my\u015bl\u0105 o przygotowaniu mi\u0119\u015bni i staw\u00f3w przed wysi\u0142kiem fizycznym oraz wspieraniu ich regeneracji po treningu czy ci\u0119\u017cszej pracy. Dzia\u0142a przede wszystkim poprzez popraw\u0119 kr\u0105\u017cenia i ukrwienia, co pomaga zwi\u0119kszy\u0107 elastyczno\u015b\u0107 tkanek, zmniejszy\u0107 napi\u0119cia i przygotowa\u0107 cia\u0142o na wi\u0119ksze obci\u0105\u017cenia. [&hellip;]<\/p>\n","protected":false},"featured_media":33227,"template":"","meta":[],"product_brand":[24],"product_cat":[23],"product_tag":[],"class_list":{"0":"post-33226","1":"product","2":"type-product","3":"status-publish","4":"has-post-thumbnail","6":"product_brand-alpa","7":"product_cat-alpa","9":"first","10":"instock","11":"taxable","12":"shipping-taxable","13":"purchasable","14":"product-type-simple"},"_links":{"self":[{"href":"https:\/\/www.beevista.pl\/index.php\/wp-json\/wp\/v2\/product\/33226","targetHints":{"allow":["GET"]}}],"collection":[{"href":"https:\/\/www.beevista.pl\/index.php\/wp-json\/wp\/v2\/product"}],"about":[{"href":"https:\/\/www.beevista.pl\/index.php\/wp-json\/wp\/v2\/types\/product"}],"wp:featuredmedia":[{"embeddable":true,"href":"https:\/\/www.beevista.pl\/index.php\/wp-json\/wp\/v2\/media\/33227"}],"wp:attachment":[{"href":"https:\/\/www.beevista.pl\/index.php\/wp-json\/wp\/v2\/media?parent=33226"}],"wp:term":[{"taxonomy":"product_brand","embeddable":true,"href":"https:\/\/www.beevista.pl\/index.php\/wp-json\/wp\/v2\/product_brand?post=33226"},{"taxonomy":"product_cat","embeddable":true,"href":"https:\/\/www.beevista.pl\/index.php\/wp-json\/wp\/v2\/product_cat?post=33226"},{"taxonomy":"product_tag","embeddable":true,"href":"https:\/\/www.beevista.pl\/index.php\/wp-json\/wp\/v2\/product_tag?post=33226"}],"curies":[{"name":"wp","href":"https:\/\/api.w.org\/{rel}","templated":true}]}}