{"id":33223,"date":"2026-02-27T12:19:41","date_gmt":"2026-02-27T11:19:41","guid":{"rendered":"https:\/\/www.beevista.pl\/?post_type=product&#038;p=33223"},"modified":"2026-03-11T10:20:50","modified_gmt":"2026-03-11T09:20:50","slug":"alpa-zel-do-masazu-francovka-100-ml","status":"publish","type":"product","link":"https:\/\/www.beevista.pl\/index.php\/produkt\/alpa-zel-do-masazu-francovka-100-ml\/","title":{"rendered":"Alpa \u017bel do masa\u017cu francovka 100 ml"},"content":{"rendered":"<p data-start=\"0\" data-end=\"100\">\ud83d\udfe2 <strong data-start=\"3\" data-end=\"94\"><span class=\"inline align-baseline\"><span class=\"whitespace-normal\"><span class=\"hover:entity-accent entity-underline cursor-pointer\">Alpa \u017cel do masa\u017cu 100\u202fml<\/span><\/span><\/span> \u2013 naturalny \u017cel zio\u0142owy na b\u00f3le mi\u0119\u015bniowo-stawowe<\/strong> \ud83c\udf3f\u2728<\/p>\n<p data-start=\"102\" data-end=\"520\">Naturalny <strong data-start=\"112\" data-end=\"142\">zio\u0142owy \u017cel Alpa Francovka<\/strong> to sprawdzony produkt do zewn\u0119trznej piel\u0119gnacji sk\u00f3ry w miejscach napi\u0119cia, b\u00f3lu mi\u0119\u015bni i staw\u00f3w oraz po wysi\u0142ku fizycznym. Preparat \u0142\u0105czy tradycyjn\u0105 mieszank\u0119 zi\u00f3\u0142 z mentolem, kt\u00f3ry zapewnia przyjemne uczucie ch\u0142odu i ukojenia. Dzi\u0119ki lekkiej \u017celowej konsystencji produkt szybko si\u0119 wch\u0142ania i nie pozostawia lepkiej warstwy na sk\u00f3rze.<\/p>\n<p data-start=\"522\" data-end=\"785\">\ud83d\udca7 <strong data-start=\"525\" data-end=\"539\">Dzia\u0142anie:<\/strong><br data-start=\"539\" data-end=\"542\" \/>\u2022 przynosi ulg\u0119 w b\u00f3lu mi\u0119\u015bni i staw\u00f3w,<br data-start=\"581\" data-end=\"584\" \/>\u2022 od\u015bwie\u017ca i ch\u0142odzi sk\u00f3r\u0119 dzi\u0119ki mentolowi,<br data-start=\"628\" data-end=\"631\" \/>\u2022 zio\u0142owe olejki pomagaj\u0105 zmniejszy\u0107 zm\u0119czenie po wysi\u0142ku,<br data-start=\"689\" data-end=\"692\" \/>\u2022 idealny do masa\u017cu po treningu lub d\u0142u\u017cszym wysi\u0142ku.<\/p>\n<p data-start=\"787\" data-end=\"1022\">\ud83c\udf3f <strong data-start=\"790\" data-end=\"813\">Zio\u0142owa kompozycja:<\/strong><br data-start=\"813\" data-end=\"816\" \/>Gel bazuje na tradycyjnej recepturze zi\u00f3\u0142 takich jak mi\u0119ta, eukaliptus, rozmaryn, go\u017adziki, tymianek i inne, kt\u00f3re dzia\u0142aj\u0105 regeneruj\u0105co i wspomagaj\u0105 ukrwienie sk\u00f3ry.<\/p>\n<p data-start=\"1024\" data-end=\"1228\">\ud83e\uddf4 <strong data-start=\"1027\" data-end=\"1045\">Spos\u00f3b u\u017cycia:<\/strong><br data-start=\"1045\" data-end=\"1048\" \/>Wmasuj niewielk\u0105 ilo\u015b\u0107 \u017celu w sk\u00f3r\u0119 w miejscu b\u00f3lu lub napi\u0119cia. Stosuj tak cz\u0119sto, jak potrzebujesz, r\u00f3wnie\u017c jako cz\u0119\u015b\u0107 codziennego masa\u017cu.<\/p>\n<p data-start=\"1230\" data-end=\"1338\">\ud83d\udce6 <strong data-start=\"1233\" data-end=\"1247\">Pojemno\u015b\u0107:<\/strong> 100 ml<\/p>\n","protected":false},"excerpt":{"rendered":"<p>\ud83d\udfe2 Alpa \u017cel do masa\u017cu 100\u202fml \u2013 naturalny \u017cel zio\u0142owy na b\u00f3le mi\u0119\u015bniowo-stawowe \ud83c\udf3f\u2728 Naturalny zio\u0142owy \u017cel Alpa Francovka to sprawdzony produkt do zewn\u0119trznej piel\u0119gnacji sk\u00f3ry w miejscach napi\u0119cia, b\u00f3lu mi\u0119\u015bni i staw\u00f3w oraz po wysi\u0142ku fizycznym. Preparat \u0142\u0105czy tradycyjn\u0105 mieszank\u0119 zi\u00f3\u0142 z mentolem, kt\u00f3ry zapewnia przyjemne uczucie ch\u0142odu i ukojenia. Dzi\u0119ki lekkiej \u017celowej konsystencji [&hellip;]<\/p>\n","protected":false},"featured_media":33224,"template":"","meta":[],"product_brand":[24],"product_cat":[23],"product_tag":[],"class_list":{"0":"post-33223","1":"product","2":"type-product","3":"status-publish","4":"has-post-thumbnail","6":"product_brand-alpa","7":"product_cat-alpa","9":"first","10":"instock","11":"taxable","12":"shipping-taxable","13":"purchasable","14":"product-type-simple"},"_links":{"self":[{"href":"https:\/\/www.beevista.pl\/index.php\/wp-json\/wp\/v2\/product\/33223","targetHints":{"allow":["GET"]}}],"collection":[{"href":"https:\/\/www.beevista.pl\/index.php\/wp-json\/wp\/v2\/product"}],"about":[{"href":"https:\/\/www.beevista.pl\/index.php\/wp-json\/wp\/v2\/types\/product"}],"wp:featuredmedia":[{"embeddable":true,"href":"https:\/\/www.beevista.pl\/index.php\/wp-json\/wp\/v2\/media\/33224"}],"wp:attachment":[{"href":"https:\/\/www.beevista.pl\/index.php\/wp-json\/wp\/v2\/media?parent=33223"}],"wp:term":[{"taxonomy":"product_brand","embeddable":true,"href":"https:\/\/www.beevista.pl\/index.php\/wp-json\/wp\/v2\/product_brand?post=33223"},{"taxonomy":"product_cat","embeddable":true,"href":"https:\/\/www.beevista.pl\/index.php\/wp-json\/wp\/v2\/product_cat?post=33223"},{"taxonomy":"product_tag","embeddable":true,"href":"https:\/\/www.beevista.pl\/index.php\/wp-json\/wp\/v2\/product_tag?post=33223"}],"curies":[{"name":"wp","href":"https:\/\/api.w.org\/{rel}","templated":true}]}}