{"id":331,"date":"2025-01-17T19:48:02","date_gmt":"2025-01-17T18:48:02","guid":{"rendered":"https:\/\/www.beevista.pl\/?post_type=product&#038;p=331"},"modified":"2025-12-10T09:30:36","modified_gmt":"2025-12-10T08:30:36","slug":"propolis-w-apiterapii","status":"publish","type":"product","link":"https:\/\/www.beevista.pl\/index.php\/produkt\/propolis-w-apiterapii\/","title":{"rendered":"Propolis w Apiterapii"},"content":{"rendered":"<p>Apiterapi\u0105 nazywamy metod\u0119 leczenia, w kt\u00f3rej do cel\u00f3w profilaktyki, wyleczenia i rekonwalescencji stosuje si\u0119 produkty pszczele . Apiterapia uwzgl\u0119dnia r\u00f3wnowa\u017cno\u015b\u0107 proces\u00f3w fizycznych, emocjonalnych i duchowych w przywr\u00f3ceniu zdrowia, wykorzystuj\u0105c si\u0142y natury dla dobra cz\u0142owieka. Apiterapia ma tylko jedno zadanie: zapewni\u0107 lepsze zdrowie cz\u0142owiekowi w ka\u017cdym wieku. Zrozumienie kompleksowo\u015bci dzia\u0142ania produkt\u00f3w pszczelich stworzy\u0142o podstawy do nowego spojrzenia na propolis. Opracowanie to nie jest informatorem o w\u0142a\u015bciwo\u015bciach leczniczych propolisu ani opisem sztywnych schemat\u00f3w terapii propolisem. Czytelnik, dla kt\u00f3rego przeznaczona jest ta publikacja, musi pami\u0119ta\u0107, \u017ce apiterapia propolisem jest tylko jedn\u0105 z wielu metod lecznictwa i mo\u017ce przynie\u015b\u0107 nawet skutek niepo\u017c\u0105dany w po\u0142\u0105czeniu z metodami konwencjonalnymi.<\/p>\n<p>Autor: Ryszard Czarnecki<br \/>\nWydawnictwo: Towarzystwo S\u0142owak\u00f3w w Polsce<br \/>\nRok wydania: 2017<br \/>\nStron: 44<br \/>\nOprawa: mi\u0119kka<br \/>\nWymiary: 210 x 147 mm<br \/>\nZdj\u0119cie ksi\u0105\u017cki pogl\u0105dowe<br \/>\nISBN: 978-83-7490-964-8<\/p>\n","protected":false},"excerpt":{"rendered":"<p>Apiterapi\u0105 nazywamy metod\u0119 leczenia, w kt\u00f3rej do cel\u00f3w profilaktyki, wyleczenia i rekonwalescencji stosuje si\u0119 produkty pszczele . Apiterapia uwzgl\u0119dnia r\u00f3wnowa\u017cno\u015b\u0107 proces\u00f3w fizycznych, emocjonalnych i duchowych w przywr\u00f3ceniu zdrowia, wykorzystuj\u0105c si\u0142y natury dla dobra cz\u0142owieka. Apiterapia ma tylko jedno zadanie: zapewni\u0107 lepsze zdrowie cz\u0142owiekowi w ka\u017cdym wieku. Zrozumienie kompleksowo\u015bci dzia\u0142ania produkt\u00f3w pszczelich stworzy\u0142o podstawy do nowego [&hellip;]<\/p>\n","protected":false},"featured_media":332,"template":"","meta":[],"product_brand":[],"product_cat":[18],"product_tag":[],"class_list":{"0":"post-331","1":"product","2":"type-product","3":"status-publish","4":"has-post-thumbnail","6":"product_cat-literatura","8":"first","9":"outofstock","10":"taxable","11":"shipping-taxable","12":"purchasable","13":"product-type-simple"},"_links":{"self":[{"href":"https:\/\/www.beevista.pl\/index.php\/wp-json\/wp\/v2\/product\/331","targetHints":{"allow":["GET"]}}],"collection":[{"href":"https:\/\/www.beevista.pl\/index.php\/wp-json\/wp\/v2\/product"}],"about":[{"href":"https:\/\/www.beevista.pl\/index.php\/wp-json\/wp\/v2\/types\/product"}],"wp:featuredmedia":[{"embeddable":true,"href":"https:\/\/www.beevista.pl\/index.php\/wp-json\/wp\/v2\/media\/332"}],"wp:attachment":[{"href":"https:\/\/www.beevista.pl\/index.php\/wp-json\/wp\/v2\/media?parent=331"}],"wp:term":[{"taxonomy":"product_brand","embeddable":true,"href":"https:\/\/www.beevista.pl\/index.php\/wp-json\/wp\/v2\/product_brand?post=331"},{"taxonomy":"product_cat","embeddable":true,"href":"https:\/\/www.beevista.pl\/index.php\/wp-json\/wp\/v2\/product_cat?post=331"},{"taxonomy":"product_tag","embeddable":true,"href":"https:\/\/www.beevista.pl\/index.php\/wp-json\/wp\/v2\/product_tag?post=331"}],"curies":[{"name":"wp","href":"https:\/\/api.w.org\/{rel}","templated":true}]}}