{"id":327,"date":"2025-01-17T19:18:48","date_gmt":"2025-01-17T18:18:48","guid":{"rendered":"https:\/\/www.beevista.pl\/?post_type=product&#038;p=327"},"modified":"2025-12-10T09:30:26","modified_gmt":"2025-12-10T08:30:26","slug":"jej-wysokosc-motylica","status":"publish","type":"product","link":"https:\/\/www.beevista.pl\/index.php\/produkt\/jej-wysokosc-motylica\/","title":{"rendered":"Jej wysoko\u015b\u0107 motylica"},"content":{"rendered":"<p>Znana ukrai\u0144ska apiterapeutka i pszczelarka z 30-letnia praktyk\u0105, w swojej publikacji przedstawia nam metod\u0119 leczenia chor\u00f3b za pomoc\u0105 nalewki z g\u0105sienic motylicy (barciaka wi\u0119kszego) lub ich wydalin.<\/p>\n<p>Broszura adresowana jest przede wszystkim dla pszczelarzy, ale r\u00f3wnie\u017c do naukowc\u00f3w, lekarzy, farmaceut\u00f3w i farmakolog\u00f3w.<\/p>\n<p>Autor: Tatiana Michajowna Czuchraj<br \/>\nWydawnictwo: S\u0105decki Bartnik<br \/>\nT\u0142umaczenie:  prof.dr hab. Bogdan K\u0119dzia<br \/>\nStrony: 38<br \/>\nOprawa: miekka<br \/>\nFormat: 16,5 x 23,5 cm<br \/>\nZdj\u0119cie ksi\u0105\u017cki pogl\u0105dowe<br \/>\nISBN \u2013 978-83-61904-49-6<\/p>\n","protected":false},"excerpt":{"rendered":"<p>Znana ukrai\u0144ska apiterapeutka i pszczelarka z 30-letnia praktyk\u0105, w swojej publikacji przedstawia nam metod\u0119 leczenia chor\u00f3b za pomoc\u0105 nalewki z g\u0105sienic motylicy (barciaka wi\u0119kszego) lub ich wydalin. Broszura adresowana jest przede wszystkim dla pszczelarzy, ale r\u00f3wnie\u017c do naukowc\u00f3w, lekarzy, farmaceut\u00f3w i farmakolog\u00f3w. Autor: Tatiana Michajowna Czuchraj Wydawnictwo: S\u0105decki Bartnik T\u0142umaczenie: prof.dr hab. Bogdan K\u0119dzia Strony: [&hellip;]<\/p>\n","protected":false},"featured_media":328,"template":"","meta":[],"product_brand":[],"product_cat":[18],"product_tag":[],"class_list":{"0":"post-327","1":"product","2":"type-product","3":"status-publish","4":"has-post-thumbnail","6":"product_cat-literatura","8":"first","9":"outofstock","10":"taxable","11":"shipping-taxable","12":"purchasable","13":"product-type-simple"},"_links":{"self":[{"href":"https:\/\/www.beevista.pl\/index.php\/wp-json\/wp\/v2\/product\/327","targetHints":{"allow":["GET"]}}],"collection":[{"href":"https:\/\/www.beevista.pl\/index.php\/wp-json\/wp\/v2\/product"}],"about":[{"href":"https:\/\/www.beevista.pl\/index.php\/wp-json\/wp\/v2\/types\/product"}],"wp:featuredmedia":[{"embeddable":true,"href":"https:\/\/www.beevista.pl\/index.php\/wp-json\/wp\/v2\/media\/328"}],"wp:attachment":[{"href":"https:\/\/www.beevista.pl\/index.php\/wp-json\/wp\/v2\/media?parent=327"}],"wp:term":[{"taxonomy":"product_brand","embeddable":true,"href":"https:\/\/www.beevista.pl\/index.php\/wp-json\/wp\/v2\/product_brand?post=327"},{"taxonomy":"product_cat","embeddable":true,"href":"https:\/\/www.beevista.pl\/index.php\/wp-json\/wp\/v2\/product_cat?post=327"},{"taxonomy":"product_tag","embeddable":true,"href":"https:\/\/www.beevista.pl\/index.php\/wp-json\/wp\/v2\/product_tag?post=327"}],"curies":[{"name":"wp","href":"https:\/\/api.w.org\/{rel}","templated":true}]}}