{"id":287,"date":"2024-12-23T18:34:37","date_gmt":"2024-12-23T17:34:37","guid":{"rendered":"https:\/\/www.beevista.pl\/?post_type=product&#038;p=287"},"modified":"2025-12-13T15:48:44","modified_gmt":"2025-12-13T14:48:44","slug":"miody-pitne-pitne-miody-owocowe-nalewki-miodowe","status":"publish","type":"product","link":"https:\/\/www.beevista.pl\/index.php\/produkt\/miody-pitne-pitne-miody-owocowe-nalewki-miodowe\/","title":{"rendered":"Miody pitne. Pitne miody owocowe. Nalewki miodowe"},"content":{"rendered":"<p>Niniejsza publikacja jest dedykowana dla wszystkich, kt\u00f3rzy chcieliby spr\u00f3bowa\u0107 wytwarza\u0107 miody pitne, miody owocowe lub nalewki miodowe.<br \/>\nAutor w prosty i przyst\u0119pny spos\u00f3b opisuje tajniki tej sztuki.<\/p>\n<p>Autor: Eugeniusz Marciniak<br \/>\nWydawnictwo: Fundacja Pomocy Cz\u0142owiekowi i \u015arodowisku \u201cHumana Divinis\u201d<br \/>\nRok wydania: 2019<br \/>\nLiczba stron : 80<br \/>\nOprawa: mi\u0119kka<br \/>\nWymiary: 150 x 210 mm<br \/>\nZdj\u0119cie ksi\u0105\u017cki pogl\u0105dowe<br \/>\nISBN: 978-83-60152-20-9<\/p>\n","protected":false},"excerpt":{"rendered":"<p>Niniejsza publikacja jest dedykowana dla wszystkich, kt\u00f3rzy chcieliby spr\u00f3bowa\u0107 wytwarza\u0107 miody pitne, miody owocowe lub nalewki miodowe. Autor w prosty i przyst\u0119pny spos\u00f3b opisuje tajniki tej sztuki. Autor: Eugeniusz Marciniak Wydawnictwo: Fundacja Pomocy Cz\u0142owiekowi i \u015arodowisku \u201cHumana Divinis\u201d Rok wydania: 2019 Liczba stron : 80 Oprawa: mi\u0119kka Wymiary: 150 x 210 mm Zdj\u0119cie ksi\u0105\u017cki pogl\u0105dowe [&hellip;]<\/p>\n","protected":false},"featured_media":288,"template":"","meta":[],"product_brand":[],"product_cat":[18],"product_tag":[],"class_list":{"0":"post-287","1":"product","2":"type-product","3":"status-publish","4":"has-post-thumbnail","6":"product_cat-literatura","8":"first","9":"outofstock","10":"taxable","11":"shipping-taxable","12":"purchasable","13":"product-type-simple"},"_links":{"self":[{"href":"https:\/\/www.beevista.pl\/index.php\/wp-json\/wp\/v2\/product\/287","targetHints":{"allow":["GET"]}}],"collection":[{"href":"https:\/\/www.beevista.pl\/index.php\/wp-json\/wp\/v2\/product"}],"about":[{"href":"https:\/\/www.beevista.pl\/index.php\/wp-json\/wp\/v2\/types\/product"}],"wp:featuredmedia":[{"embeddable":true,"href":"https:\/\/www.beevista.pl\/index.php\/wp-json\/wp\/v2\/media\/288"}],"wp:attachment":[{"href":"https:\/\/www.beevista.pl\/index.php\/wp-json\/wp\/v2\/media?parent=287"}],"wp:term":[{"taxonomy":"product_brand","embeddable":true,"href":"https:\/\/www.beevista.pl\/index.php\/wp-json\/wp\/v2\/product_brand?post=287"},{"taxonomy":"product_cat","embeddable":true,"href":"https:\/\/www.beevista.pl\/index.php\/wp-json\/wp\/v2\/product_cat?post=287"},{"taxonomy":"product_tag","embeddable":true,"href":"https:\/\/www.beevista.pl\/index.php\/wp-json\/wp\/v2\/product_tag?post=287"}],"curies":[{"name":"wp","href":"https:\/\/api.w.org\/{rel}","templated":true}]}}