{"id":2779,"date":"2025-12-05T13:51:44","date_gmt":"2025-12-05T12:51:44","guid":{"rendered":"https:\/\/www.beevista.pl\/?post_type=product&#038;p=2779"},"modified":"2026-03-30T05:51:20","modified_gmt":"2026-03-30T03:51:20","slug":"palacio-krem-do-twarzy-z-mlekiem-kozim-50-ml","status":"publish","type":"product","link":"https:\/\/www.beevista.pl\/index.php\/produkt\/palacio-krem-do-twarzy-z-mlekiem-kozim-50-ml\/","title":{"rendered":"PALACIO &#8211; Krem do twarzy z mlekiem kozim 50 ml"},"content":{"rendered":"<p data-start=\"0\" data-end=\"57\">\ud83d\udc10 <strong data-start=\"3\" data-end=\"53\">PALACIO &#8211; Krem do twarzy z mlekiem kozim 50 ml<\/strong> \u2728<\/p>\n<p data-start=\"59\" data-end=\"410\">Odkryj naturaln\u0105 moc mleka koziego z od\u017cywczym kremem <strong data-start=\"113\" data-end=\"124\">PALACIO<\/strong>, kt\u00f3ry intensywnie nawil\u017ca, regeneruje i piel\u0119gnuje sk\u00f3r\u0119 ka\u017cdego typu. Dzi\u0119ki wysokiej zawarto\u015bci <strong data-start=\"224\" data-end=\"249\">protein mleka koziego<\/strong>, krem g\u0142\u0119boko od\u017cywia, wyg\u0142adza i przywraca sk\u00f3rze zdrowy blask. Regularne stosowanie poprawia elastyczno\u015b\u0107, j\u0119drno\u015b\u0107 i zapewnia d\u0142ugotrwa\u0142e uczucie komfortu.<\/p>\n<p data-start=\"412\" data-end=\"431\">\ud83d\udca7 <strong data-start=\"415\" data-end=\"429\">Dzia\u0142anie:<\/strong><\/p>\n<ul data-start=\"432\" data-end=\"676\">\n<li data-start=\"432\" data-end=\"475\">\n<p data-start=\"434\" data-end=\"475\">g\u0142\u0119boko <strong data-start=\"442\" data-end=\"466\">nawil\u017ca i regeneruje<\/strong> sk\u00f3r\u0119,<\/p>\n<\/li>\n<li data-start=\"476\" data-end=\"517\">\n<p data-start=\"478\" data-end=\"517\"><strong data-start=\"478\" data-end=\"500\">przywraca j\u0119drno\u015b\u0107<\/strong> i spr\u0119\u017cysto\u015b\u0107,<\/p>\n<\/li>\n<li data-start=\"518\" data-end=\"555\">\n<p data-start=\"520\" data-end=\"555\"><strong data-start=\"520\" data-end=\"532\">wyg\u0142adza<\/strong> i zmi\u0119kcza nask\u00f3rek,<\/p>\n<\/li>\n<li data-start=\"556\" data-end=\"597\">\n<p data-start=\"558\" data-end=\"597\">wspiera <strong data-start=\"566\" data-end=\"594\">naturalne procesy odnowy<\/strong>,<\/p>\n<\/li>\n<li data-start=\"598\" data-end=\"639\">\n<p data-start=\"600\" data-end=\"639\">odpowiedni dla <strong data-start=\"615\" data-end=\"636\">ka\u017cdego typu cery<\/strong>,<\/p>\n<\/li>\n<li data-start=\"640\" data-end=\"676\">\n<p data-start=\"642\" data-end=\"676\"><strong data-start=\"642\" data-end=\"673\">przebadany dermatologicznie<\/strong>.<\/p>\n<\/li>\n<\/ul>\n<p data-start=\"678\" data-end=\"971\">\ud83d\udc10 <strong data-start=\"681\" data-end=\"704\">Si\u0142a mleka koziego:<\/strong><br data-start=\"704\" data-end=\"707\" \/>Mleko kozie to prawdziwy skarb natury \u2014 bogate w <strong data-start=\"756\" data-end=\"777\">witaminy A, D i E<\/strong>, <strong data-start=\"779\" data-end=\"795\">kwas mlekowy<\/strong> oraz <strong data-start=\"801\" data-end=\"822\">bia\u0142ka i t\u0142uszcze<\/strong>, kt\u00f3re intensywnie od\u017cywiaj\u0105 i nawil\u017caj\u0105 sk\u00f3r\u0119. Dzia\u0142a \u0142agodz\u0105co na sk\u00f3r\u0119 such\u0105 i wra\u017cliw\u0105, wspomaga jej regeneracj\u0119 i nadaje jedwabist\u0105 g\u0142adko\u015b\u0107.<\/p>\n<p data-start=\"973\" data-end=\"1204\">\ud83c\udf38 <strong data-start=\"976\" data-end=\"994\">Spos\u00f3b u\u017cycia:<\/strong><br data-start=\"994\" data-end=\"997\" \/>Na\u0142\u00f3\u017c niewielk\u0105 ilo\u015b\u0107 kremu na oczyszczon\u0105 sk\u00f3r\u0119 twarzy i delikatnie wmasuj do wch\u0142oni\u0119cia.<br data-start=\"1088\" data-end=\"1091\" \/>Stosuj <strong data-start=\"1098\" data-end=\"1129\">codziennie rano i wieczorem<\/strong> dla najlepszych efekt\u00f3w.<br data-start=\"1154\" data-end=\"1157\" \/><em data-start=\"1157\" data-end=\"1202\">Nie stosowa\u0107 u dzieci poni\u017cej 3 roku \u017cycia.<\/em><\/p>\n<p data-start=\"1206\" data-end=\"1286\">\ud83e\uddfe <strong data-start=\"1209\" data-end=\"1231\">Sk\u0142adniki aktywne:<\/strong><br data-start=\"1231\" data-end=\"1234\" \/>mleko kozie, pantenol, gliceryna, witamina E, wap\u0144<\/p>\n<p data-start=\"1288\" data-end=\"1313\">\ud83d\udce6 <strong data-start=\"1291\" data-end=\"1305\">Pojemno\u015b\u0107:<\/strong> 50 ml<\/p>\n","protected":false},"excerpt":{"rendered":"<p>\ud83d\udc10 PALACIO &#8211; Krem do twarzy z mlekiem kozim 50 ml \u2728 Odkryj naturaln\u0105 moc mleka koziego z od\u017cywczym kremem PALACIO, kt\u00f3ry intensywnie nawil\u017ca, regeneruje i piel\u0119gnuje sk\u00f3r\u0119 ka\u017cdego typu. Dzi\u0119ki wysokiej zawarto\u015bci protein mleka koziego, krem g\u0142\u0119boko od\u017cywia, wyg\u0142adza i przywraca sk\u00f3rze zdrowy blask. Regularne stosowanie poprawia elastyczno\u015b\u0107, j\u0119drno\u015b\u0107 i zapewnia d\u0142ugotrwa\u0142e uczucie komfortu. [&hellip;]<\/p>\n","protected":false},"featured_media":2780,"template":"","meta":[],"product_brand":[22],"product_cat":[21],"product_tag":[],"class_list":{"0":"post-2779","1":"product","2":"type-product","3":"status-publish","4":"has-post-thumbnail","6":"product_brand-palacio","7":"product_cat-palacio","9":"first","10":"instock","11":"taxable","12":"shipping-taxable","13":"purchasable","14":"product-type-simple"},"_links":{"self":[{"href":"https:\/\/www.beevista.pl\/index.php\/wp-json\/wp\/v2\/product\/2779","targetHints":{"allow":["GET"]}}],"collection":[{"href":"https:\/\/www.beevista.pl\/index.php\/wp-json\/wp\/v2\/product"}],"about":[{"href":"https:\/\/www.beevista.pl\/index.php\/wp-json\/wp\/v2\/types\/product"}],"wp:featuredmedia":[{"embeddable":true,"href":"https:\/\/www.beevista.pl\/index.php\/wp-json\/wp\/v2\/media\/2780"}],"wp:attachment":[{"href":"https:\/\/www.beevista.pl\/index.php\/wp-json\/wp\/v2\/media?parent=2779"}],"wp:term":[{"taxonomy":"product_brand","embeddable":true,"href":"https:\/\/www.beevista.pl\/index.php\/wp-json\/wp\/v2\/product_brand?post=2779"},{"taxonomy":"product_cat","embeddable":true,"href":"https:\/\/www.beevista.pl\/index.php\/wp-json\/wp\/v2\/product_cat?post=2779"},{"taxonomy":"product_tag","embeddable":true,"href":"https:\/\/www.beevista.pl\/index.php\/wp-json\/wp\/v2\/product_tag?post=2779"}],"curies":[{"name":"wp","href":"https:\/\/api.w.org\/{rel}","templated":true}]}}