{"id":2712,"date":"2025-11-25T13:12:30","date_gmt":"2025-11-25T12:12:30","guid":{"rendered":"https:\/\/www.beevista.pl\/?post_type=product&#038;p=2712"},"modified":"2026-02-15T13:06:31","modified_gmt":"2026-02-15T12:06:31","slug":"masc-propolisowa-7-20-g","status":"publish","type":"product","link":"https:\/\/www.beevista.pl\/index.php\/produkt\/masc-propolisowa-7-20-g\/","title":{"rendered":"Ma\u015b\u0107 Propolisowa 7% 20 g"},"content":{"rendered":"<h3 data-start=\"80\" data-end=\"108\">Ma\u015b\u0107 Propolisowa 7% 20 g<\/h3>\n<p data-start=\"110\" data-end=\"525\">Ma\u015b\u0107 Propolisowa 7% to kosmetyk przeznaczony do piel\u0119gnacji sk\u00f3ry wymagaj\u0105cej regeneracji, ochrony i od\u017cywienia. Sprawdza si\u0119 zw\u0142aszcza na sk\u00f3rze sk\u0142onnej do wyprysk\u00f3w i stan\u00f3w zapalnych, a tak\u017ce w miejscach podra\u017cnionych i os\u0142abionych barierowo. Zawarty w ma\u015bci propolis pomaga wspiera\u0107 naturalne procesy odnowy, a t\u0142usta baza sprzyja ochronie nask\u00f3rka przed wysuszeniem i niekorzystnymi czynnikami zewn\u0119trznymi.<\/p>\n<h4 data-start=\"527\" data-end=\"549\">\u2728 Spos\u00f3b u\u017cycia<\/h4>\n<p data-start=\"550\" data-end=\"630\">Stosowa\u0107 3 razy dziennie, nak\u0142adaj\u0105c cienk\u0105 warstw\u0119 ma\u015bci na powierzchni\u0119 sk\u00f3ry.<\/p>\n<h4 data-start=\"632\" data-end=\"657\">\ud83c\udf3f Dlaczego warto?<\/h4>\n<ul data-start=\"658\" data-end=\"890\">\n<li data-start=\"658\" data-end=\"716\">\n<p data-start=\"660\" data-end=\"716\">Zawiera 7% propolisu \u2013 naturalnego produktu pszczelego<\/p>\n<\/li>\n<li data-start=\"717\" data-end=\"766\">\n<p data-start=\"719\" data-end=\"766\">Wspomaga regeneracj\u0119 i popraw\u0119 kondycji sk\u00f3ry<\/p>\n<\/li>\n<li data-start=\"767\" data-end=\"816\">\n<p data-start=\"769\" data-end=\"816\">Pomaga zapewni\u0107 ochron\u0119 i od\u017cywienie nask\u00f3rka<\/p>\n<\/li>\n<li data-start=\"817\" data-end=\"890\">\n<p data-start=\"819\" data-end=\"890\">Odpowiednia do miejsc problematycznych, sk\u0142onnych do stan\u00f3w zapalnych<\/p>\n<\/li>\n<\/ul>\n<h4 data-start=\"892\" data-end=\"922\">\u2139\ufe0f Dodatkowe informacje<\/h4>\n<p data-start=\"923\" data-end=\"1049\">Nie stosowa\u0107 u os\u00f3b uczulonych na produkty pszczele.<br data-start=\"975\" data-end=\"978\" \/>Przechowywa\u0107 w temperaturze do 25\u00b0C, w miejscu niedost\u0119pnym dla dzieci.<\/p>\n<h4 data-start=\"1051\" data-end=\"1066\">\ud83e\uddf4 Sk\u0142ad<\/h4>\n<p data-start=\"1067\" data-end=\"1114\">Petrolatum, Lanolin, Propolis Extract, Alcohol.<\/p>\n<h4 data-start=\"1116\" data-end=\"1139\">\ud83d\udce6 Pojemno\u015b\u0107: 20 g<\/h4>\n","protected":false},"excerpt":{"rendered":"<p>Ma\u015b\u0107 Propolisowa 7% 20 g Ma\u015b\u0107 Propolisowa 7% to kosmetyk przeznaczony do piel\u0119gnacji sk\u00f3ry wymagaj\u0105cej regeneracji, ochrony i od\u017cywienia. Sprawdza si\u0119 zw\u0142aszcza na sk\u00f3rze sk\u0142onnej do wyprysk\u00f3w i stan\u00f3w zapalnych, a tak\u017ce w miejscach podra\u017cnionych i os\u0142abionych barierowo. Zawarty w ma\u015bci propolis pomaga wspiera\u0107 naturalne procesy odnowy, a t\u0142usta baza sprzyja ochronie nask\u00f3rka przed wysuszeniem [&hellip;]<\/p>\n","protected":false},"featured_media":2713,"template":"","meta":[],"product_brand":[70],"product_cat":[69],"product_tag":[],"class_list":{"0":"post-2712","1":"product","2":"type-product","3":"status-publish","4":"has-post-thumbnail","6":"product_brand-apipolfarma","7":"product_cat-apipolfarma","9":"first","10":"outofstock","11":"taxable","12":"shipping-taxable","13":"purchasable","14":"product-type-simple"},"_links":{"self":[{"href":"https:\/\/www.beevista.pl\/index.php\/wp-json\/wp\/v2\/product\/2712","targetHints":{"allow":["GET"]}}],"collection":[{"href":"https:\/\/www.beevista.pl\/index.php\/wp-json\/wp\/v2\/product"}],"about":[{"href":"https:\/\/www.beevista.pl\/index.php\/wp-json\/wp\/v2\/types\/product"}],"wp:featuredmedia":[{"embeddable":true,"href":"https:\/\/www.beevista.pl\/index.php\/wp-json\/wp\/v2\/media\/2713"}],"wp:attachment":[{"href":"https:\/\/www.beevista.pl\/index.php\/wp-json\/wp\/v2\/media?parent=2712"}],"wp:term":[{"taxonomy":"product_brand","embeddable":true,"href":"https:\/\/www.beevista.pl\/index.php\/wp-json\/wp\/v2\/product_brand?post=2712"},{"taxonomy":"product_cat","embeddable":true,"href":"https:\/\/www.beevista.pl\/index.php\/wp-json\/wp\/v2\/product_cat?post=2712"},{"taxonomy":"product_tag","embeddable":true,"href":"https:\/\/www.beevista.pl\/index.php\/wp-json\/wp\/v2\/product_tag?post=2712"}],"curies":[{"name":"wp","href":"https:\/\/api.w.org\/{rel}","templated":true}]}}