{"id":2709,"date":"2025-11-25T13:02:54","date_gmt":"2025-11-25T12:02:54","guid":{"rendered":"https:\/\/www.beevista.pl\/?post_type=product&#038;p=2709"},"modified":"2026-04-05T07:02:41","modified_gmt":"2026-04-05T05:02:41","slug":"propolis-plus-64-kapsulki","status":"publish","type":"product","link":"https:\/\/www.beevista.pl\/index.php\/produkt\/propolis-plus-64-kapsulki\/","title":{"rendered":"Propolis Plus \u2013 64 kapsu\u0142ki"},"content":{"rendered":"<h3 data-start=\"0\" data-end=\"40\">Propolis Plus\u00a0 \u2013 64 kapsu\u0142ki<\/h3>\n<p data-start=\"42\" data-end=\"418\">Propolis Plus w kapsu\u0142kach to suplement diety \u0142\u0105cz\u0105cy naturalne sk\u0142adniki pochodzenia pszczelego \u2014 propolis i py\u0142ek pszczeli \u2014 z cynkiem i witamin\u0105 C. Taka kompozycja wspiera prawid\u0142owe funkcjonowanie uk\u0142adu odporno\u015bciowego oraz pomaga chroni\u0107 kom\u00f3rki przed stresem oksydacyjnym. Produkt jest odpowiedni dla os\u00f3b doros\u0142ych i m\u0142odzie\u017cy, kt\u00f3re chc\u0105 zadba\u0107 o codzienn\u0105 odporno\u015b\u0107.<\/p>\n<h4 data-start=\"420\" data-end=\"442\">\u2728 Spos\u00f3b u\u017cycia<\/h4>\n<p data-start=\"443\" data-end=\"604\">Doro\u015bli i dzieci powy\u017cej 12. roku \u017cycia: 4 kapsu\u0142ki dziennie przed posi\u0142kiem, popijaj\u0105c obficie wod\u0105.<br data-start=\"544\" data-end=\"547\" \/>M\u0142odsze osoby tylko wtedy, gdy potrafi\u0105 po\u0142kn\u0105\u0107 kapsu\u0142k\u0119.<\/p>\n<h4 data-start=\"606\" data-end=\"631\">\ud83c\udf3f Dlaczego warto?<\/h4>\n<ul data-start=\"632\" data-end=\"813\">\n<li data-start=\"632\" data-end=\"679\">\n<p data-start=\"634\" data-end=\"679\">Zawiera naturalny propolis i py\u0142ek pszczeli<\/p>\n<\/li>\n<li data-start=\"680\" data-end=\"740\">\n<p data-start=\"682\" data-end=\"740\">Uzupe\u0142niony cynkiem i witamin\u0105 C wspieraj\u0105cymi odporno\u015b\u0107<\/p>\n<\/li>\n<li data-start=\"741\" data-end=\"791\">\n<p data-start=\"743\" data-end=\"791\">Pomaga zmniejszy\u0107 uczucie zm\u0119czenia i znu\u017cenia<\/p>\n<\/li>\n<li data-start=\"792\" data-end=\"813\">\n<p data-start=\"794\" data-end=\"813\">Nie zawiera cukru<\/p>\n<\/li>\n<\/ul>\n<h4 data-start=\"815\" data-end=\"845\">\u2139\ufe0f Dodatkowe informacje<\/h4>\n<p data-start=\"846\" data-end=\"1149\">Nie stosowa\u0107 w przypadku uczulenia na produkty pochodzenia pszczelego.<br data-start=\"916\" data-end=\"919\" \/>Suplement diety nie mo\u017ce by\u0107 stosowany jako substytut zr\u00f3\u017cnicowanej diety. Wa\u017cny jest zr\u00f3wnowa\u017cony spos\u00f3b \u017cywienia i zdrowy tryb \u017cycia.<br data-start=\"1054\" data-end=\"1057\" \/>Przechowywa\u0107 w suchym miejscu, w temperaturze poni\u017cej 25\u00b0C, w spos\u00f3b niedost\u0119pny dla dzieci.<\/p>\n<h4 data-start=\"1151\" data-end=\"1166\">\ud83e\uddf4 Sk\u0142ad<\/h4>\n<p data-start=\"1167\" data-end=\"1461\">Py\u0142ek pszczeli; \u017celatyna (sk\u0142ad kapsu\u0142ki); celuloza mikrokrystaliczna (substancja wype\u0142niaj\u0105ca); standaryzowany ekstrakt propolisowy (EEP); witamina C (kwas L-askorbinowy); cytrynian cynku; substancje przeciwzbrylaj\u0105ce: dwutlenek krzemu, sole magnezowe kwas\u00f3w t\u0142uszczowych (stearynian magnezu).<\/p>\n<h4 data-start=\"1463\" data-end=\"1493\" data-is-last-node=\"\" data-is-only-node=\"\">\ud83d\udce6 Pojemno\u015b\u0107: 64 kapsu\u0142ki<\/h4>\n","protected":false},"excerpt":{"rendered":"<p>Propolis Plus\u00a0 \u2013 64 kapsu\u0142ki Propolis Plus w kapsu\u0142kach to suplement diety \u0142\u0105cz\u0105cy naturalne sk\u0142adniki pochodzenia pszczelego \u2014 propolis i py\u0142ek pszczeli \u2014 z cynkiem i witamin\u0105 C. Taka kompozycja wspiera prawid\u0142owe funkcjonowanie uk\u0142adu odporno\u015bciowego oraz pomaga chroni\u0107 kom\u00f3rki przed stresem oksydacyjnym. Produkt jest odpowiedni dla os\u00f3b doros\u0142ych i m\u0142odzie\u017cy, kt\u00f3re chc\u0105 zadba\u0107 o codzienn\u0105 [&hellip;]<\/p>\n","protected":false},"featured_media":2710,"template":"","meta":[],"product_brand":[70],"product_cat":[69],"product_tag":[],"class_list":{"0":"post-2709","1":"product","2":"type-product","3":"status-publish","4":"has-post-thumbnail","6":"product_brand-apipolfarma","7":"product_cat-apipolfarma","9":"first","10":"outofstock","11":"taxable","12":"shipping-taxable","13":"purchasable","14":"product-type-simple"},"_links":{"self":[{"href":"https:\/\/www.beevista.pl\/index.php\/wp-json\/wp\/v2\/product\/2709","targetHints":{"allow":["GET"]}}],"collection":[{"href":"https:\/\/www.beevista.pl\/index.php\/wp-json\/wp\/v2\/product"}],"about":[{"href":"https:\/\/www.beevista.pl\/index.php\/wp-json\/wp\/v2\/types\/product"}],"wp:featuredmedia":[{"embeddable":true,"href":"https:\/\/www.beevista.pl\/index.php\/wp-json\/wp\/v2\/media\/2710"}],"wp:attachment":[{"href":"https:\/\/www.beevista.pl\/index.php\/wp-json\/wp\/v2\/media?parent=2709"}],"wp:term":[{"taxonomy":"product_brand","embeddable":true,"href":"https:\/\/www.beevista.pl\/index.php\/wp-json\/wp\/v2\/product_brand?post=2709"},{"taxonomy":"product_cat","embeddable":true,"href":"https:\/\/www.beevista.pl\/index.php\/wp-json\/wp\/v2\/product_cat?post=2709"},{"taxonomy":"product_tag","embeddable":true,"href":"https:\/\/www.beevista.pl\/index.php\/wp-json\/wp\/v2\/product_tag?post=2709"}],"curies":[{"name":"wp","href":"https:\/\/api.w.org\/{rel}","templated":true}]}}