{"id":2705,"date":"2025-11-25T12:56:12","date_gmt":"2025-11-25T11:56:12","guid":{"rendered":"https:\/\/www.beevista.pl\/?post_type=product&#038;p=2705"},"modified":"2026-02-11T12:45:43","modified_gmt":"2026-02-11T11:45:43","slug":"propolis-plus-60-tabletek","status":"publish","type":"product","link":"https:\/\/www.beevista.pl\/index.php\/produkt\/propolis-plus-60-tabletek\/","title":{"rendered":"Propolis\u202fPlus\u202f\u2013 60 tabletek"},"content":{"rendered":"<h3 data-start=\"0\" data-end=\"55\"><span class=\"entity-underline hover:entity-accent inline cursor-pointer align-baseline\"><span class=\"whitespace-normal\">Propolis\u202fPlus\u202ftabletki<\/span><\/span> \u2013 60 tabletek<\/h3>\n<p data-start=\"57\" data-end=\"349\">Preparat Propolis Plus tabletki to suplement diety opracowany z my\u015bl\u0105 o wsparciu uk\u0142adu odporno\u015bciowego. Zawiera po\u0142\u0105czenie wyci\u0105gu z propolisu, py\u0142ku pszczelego oraz kluczowych mikroelement\u00f3w \u2014 cynku i witaminy C \u2014 kt\u00f3re wspomagaj\u0105 organizm zw\u0142aszcza w okresach zwi\u0119kszonego ryzyka infekcji.<\/p>\n<h4 data-start=\"351\" data-end=\"373\">\u2728 Spos\u00f3b u\u017cycia<\/h4>\n<p data-start=\"374\" data-end=\"464\">Zalecana dzienna porcja to 4 tabletki, przyjmowane przed posi\u0142kiem, popijane obficie wod\u0105.<\/p>\n<h4 data-start=\"466\" data-end=\"491\">\ud83c\udf3f Dlaczego warto?<\/h4>\n<ul data-start=\"492\" data-end=\"886\">\n<li data-start=\"492\" data-end=\"627\">\n<p data-start=\"494\" data-end=\"627\">Zawiera py\u0142ek pszczeli oraz standaryzowany ekstrakt propolisowy \u2014 sk\u0142adniki pochodzenia pszczelego wspieraj\u0105ce naturaln\u0105 odporno\u015b\u0107.<\/p>\n<\/li>\n<li data-start=\"628\" data-end=\"758\">\n<p data-start=\"630\" data-end=\"758\">Cynk i witamina C wspomagaj\u0105 prawid\u0142owe funkcjonowanie uk\u0142adu odporno\u015bciowego oraz chroni\u0105 kom\u00f3rki przed stresem oksydacyjnym.<\/p>\n<\/li>\n<li data-start=\"759\" data-end=\"831\">\n<p data-start=\"761\" data-end=\"831\">Witamina C dodatkowo pomaga zmniejszy\u0107 uczucie zm\u0119czenia i znu\u017cenia.<\/p>\n<\/li>\n<li data-start=\"832\" data-end=\"886\">\n<p data-start=\"834\" data-end=\"886\">Nie zawiera cukru \u2014 odpowiedni tak\u017ce dla diabetyk\u00f3w.<\/p>\n<\/li>\n<\/ul>\n<h4 data-start=\"888\" data-end=\"918\">\u2139\ufe0f Dodatkowe informacje<\/h4>\n<p data-start=\"919\" data-end=\"1178\">Nie stosowa\u0107 u os\u00f3b uczulonych na produkty pochodzenia pszczelego.<br data-start=\"985\" data-end=\"988\" \/>Suplement diety nie mo\u017ce by\u0107 stosowany jako substytut zr\u00f3\u017cnicowanej diety. Wa\u017cny jest zr\u00f3wnowa\u017cony spos\u00f3b \u017cywienia i zdrowy tryb \u017cycia.<br data-start=\"1123\" data-end=\"1126\" \/>Przechowywa\u0107 w spos\u00f3b niedost\u0119pny dla ma\u0142ych dzieci.<\/p>\n<h4 data-start=\"1180\" data-end=\"1195\">\ud83e\uddf4 Sk\u0142ad<\/h4>\n<p data-start=\"1196\" data-end=\"1446\">Mannitol (substancja wype\u0142niaj\u0105ca), py\u0142ek pszczeli, standaryzowany ekstrakt propolisowy (EEP), witamina C (kwas L-askorbinowy), cytrynian cynku; substancje przeciwzbrylaj\u0105ce \u2014 dwutlenek krzemu, sole magnezowe kwas\u00f3w t\u0142uszczowych (stearynian magnezu).<\/p>\n<h4 data-start=\"1448\" data-end=\"1478\">\ud83d\udce6 Pojemno\u015b\u0107: 60 tabletek<\/h4>\n","protected":false},"excerpt":{"rendered":"<p>Propolis\u202fPlus\u202ftabletki \u2013 60 tabletek Preparat Propolis Plus tabletki to suplement diety opracowany z my\u015bl\u0105 o wsparciu uk\u0142adu odporno\u015bciowego. Zawiera po\u0142\u0105czenie wyci\u0105gu z propolisu, py\u0142ku pszczelego oraz kluczowych mikroelement\u00f3w \u2014 cynku i witaminy C \u2014 kt\u00f3re wspomagaj\u0105 organizm zw\u0142aszcza w okresach zwi\u0119kszonego ryzyka infekcji. \u2728 Spos\u00f3b u\u017cycia Zalecana dzienna porcja to 4 tabletki, przyjmowane przed posi\u0142kiem, [&hellip;]<\/p>\n","protected":false},"featured_media":2706,"template":"","meta":[],"product_brand":[70],"product_cat":[69],"product_tag":[],"class_list":{"0":"post-2705","1":"product","2":"type-product","3":"status-publish","4":"has-post-thumbnail","6":"product_brand-apipolfarma","7":"product_cat-apipolfarma","9":"first","10":"outofstock","11":"taxable","12":"shipping-taxable","13":"purchasable","14":"product-type-simple"},"_links":{"self":[{"href":"https:\/\/www.beevista.pl\/index.php\/wp-json\/wp\/v2\/product\/2705","targetHints":{"allow":["GET"]}}],"collection":[{"href":"https:\/\/www.beevista.pl\/index.php\/wp-json\/wp\/v2\/product"}],"about":[{"href":"https:\/\/www.beevista.pl\/index.php\/wp-json\/wp\/v2\/types\/product"}],"wp:featuredmedia":[{"embeddable":true,"href":"https:\/\/www.beevista.pl\/index.php\/wp-json\/wp\/v2\/media\/2706"}],"wp:attachment":[{"href":"https:\/\/www.beevista.pl\/index.php\/wp-json\/wp\/v2\/media?parent=2705"}],"wp:term":[{"taxonomy":"product_brand","embeddable":true,"href":"https:\/\/www.beevista.pl\/index.php\/wp-json\/wp\/v2\/product_brand?post=2705"},{"taxonomy":"product_cat","embeddable":true,"href":"https:\/\/www.beevista.pl\/index.php\/wp-json\/wp\/v2\/product_cat?post=2705"},{"taxonomy":"product_tag","embeddable":true,"href":"https:\/\/www.beevista.pl\/index.php\/wp-json\/wp\/v2\/product_tag?post=2705"}],"curies":[{"name":"wp","href":"https:\/\/api.w.org\/{rel}","templated":true}]}}