{"id":2696,"date":"2025-11-25T12:42:42","date_gmt":"2025-11-25T11:42:42","guid":{"rendered":"https:\/\/www.beevista.pl\/?post_type=product&#038;p=2696"},"modified":"2026-04-21T14:47:24","modified_gmt":"2026-04-21T12:47:24","slug":"propolis-forte-30-tabletek-mentolowych","status":"publish","type":"product","link":"https:\/\/www.beevista.pl\/index.php\/produkt\/propolis-forte-30-tabletek-mentolowych\/","title":{"rendered":"Propolis Forte &#8211; 30 tabletek mentolowych"},"content":{"rendered":"<h3 data-start=\"0\" data-end=\"51\">Propolis Forte o smaku mentolowym \u2013 30 tabletek<\/h3>\n<p data-start=\"53\" data-end=\"406\">Propolis Forte o smaku mentolowym to suplement diety w formie tabletek do ssania, zawieraj\u0105cy standaryzowany ekstrakt propolisowy oraz kompleks witamin z grupy B. Mentolowy smak przynosi uczucie od\u015bwie\u017cenia i pomaga \u0142agodzi\u0107 sucho\u015b\u0107, drapanie oraz dyskomfort w gardle. Produkt nie zawiera cukru, dzi\u0119ki czemu mo\u017ce by\u0107 stosowany r\u00f3wnie\u017c przez diabetyk\u00f3w.<\/p>\n<h4 data-start=\"408\" data-end=\"430\">\u2728 Spos\u00f3b u\u017cycia<\/h4>\n<p data-start=\"431\" data-end=\"571\">Ssa\u0107 powoli 1 tabletk\u0119 co 3\u20135 godzin, zwykle 3\u20135 tabletek dziennie.<br data-start=\"498\" data-end=\"501\" \/>Mo\u017ce by\u0107 stosowany przez osoby doros\u0142e i dzieci powy\u017cej 3. roku \u017cycia.<\/p>\n<h4 data-start=\"573\" data-end=\"598\">\ud83c\udf3f Dlaczego warto?<\/h4>\n<ul data-start=\"599\" data-end=\"867\">\n<li data-start=\"599\" data-end=\"661\">\n<p data-start=\"601\" data-end=\"661\">Zawiera standaryzowany ekstrakt propolisowy (kit pszczeli)<\/p>\n<\/li>\n<li data-start=\"662\" data-end=\"735\">\n<p data-start=\"664\" data-end=\"735\">Wzbogacony o kompleks witamin: niacyn\u0119, ryboflawin\u0119, tiamin\u0119, biotyn\u0119<\/p>\n<\/li>\n<li data-start=\"736\" data-end=\"790\">\n<p data-start=\"738\" data-end=\"790\">Mentolowy smak pomaga \u0142agodzi\u0107 dyskomfort w gardle<\/p>\n<\/li>\n<li data-start=\"791\" data-end=\"832\">\n<p data-start=\"793\" data-end=\"832\">Bez cukru \u2013 odpowiedni dla diabetyk\u00f3w<\/p>\n<\/li>\n<li data-start=\"833\" data-end=\"867\">\n<p data-start=\"835\" data-end=\"867\">Wygodna forma tabletek do ssania<\/p>\n<\/li>\n<\/ul>\n<h4 data-start=\"869\" data-end=\"899\">\u2139\ufe0f Dodatkowe informacje<\/h4>\n<p data-start=\"900\" data-end=\"1211\">Nie stosowa\u0107 u os\u00f3b uczulonych na produkty pochodzenia pszczelego.<br data-start=\"966\" data-end=\"969\" \/>Przechowywa\u0107 w suchym miejscu, w temperaturze poni\u017cej 25\u00b0C, w spos\u00f3b niedost\u0119pny dla dzieci.<br data-start=\"1061\" data-end=\"1064\" \/>Suplement diety nie mo\u017ce by\u0107 stosowany jako substytut (zamiennik) zr\u00f3\u017cnicowanej diety. Wa\u017cny jest zr\u00f3wnowa\u017cony spos\u00f3b \u017cywienia i zdrowy tryb \u017cycia.<\/p>\n<h4 data-start=\"1213\" data-end=\"1228\">\ud83e\uddf4 Sk\u0142ad<\/h4>\n<p data-start=\"1229\" data-end=\"1636\">Mannitol (substancja wype\u0142niaj\u0105ca), standaryzowany ekstrakt propolisowy (EEP), kwas cytrynowy (regulator kwasowo\u015bci), dwutlenek krzemu, sole magnezowe kwas\u00f3w t\u0142uszczowych (substancje przeciwzbrylaj\u0105ce), niacyna (amid kwasu nikotynowego), kwas pantotenowy (D-pantotenian wapnia), ryboflawina (witamina B2), tiamina (monoazotan tiaminy), biotyna (D-biotyna), mentol naturalny, sukraloza (substancja s\u0142odz\u0105ca).<\/p>\n<h4 data-start=\"1638\" data-end=\"1668\" data-is-last-node=\"\" data-is-only-node=\"\">\ud83d\udce6 Pojemno\u015b\u0107: 30 tabletek<\/h4>\n","protected":false},"excerpt":{"rendered":"<p>Propolis Forte o smaku mentolowym \u2013 30 tabletek Propolis Forte o smaku mentolowym to suplement diety w formie tabletek do ssania, zawieraj\u0105cy standaryzowany ekstrakt propolisowy oraz kompleks witamin z grupy B. Mentolowy smak przynosi uczucie od\u015bwie\u017cenia i pomaga \u0142agodzi\u0107 sucho\u015b\u0107, drapanie oraz dyskomfort w gardle. Produkt nie zawiera cukru, dzi\u0119ki czemu mo\u017ce by\u0107 stosowany r\u00f3wnie\u017c [&hellip;]<\/p>\n","protected":false},"featured_media":2697,"template":"","meta":[],"product_brand":[70],"product_cat":[69],"product_tag":[],"class_list":{"0":"post-2696","1":"product","2":"type-product","3":"status-publish","4":"has-post-thumbnail","6":"product_brand-apipolfarma","7":"product_cat-apipolfarma","9":"first","10":"outofstock","11":"taxable","12":"shipping-taxable","13":"purchasable","14":"product-type-simple"},"_links":{"self":[{"href":"https:\/\/www.beevista.pl\/index.php\/wp-json\/wp\/v2\/product\/2696","targetHints":{"allow":["GET"]}}],"collection":[{"href":"https:\/\/www.beevista.pl\/index.php\/wp-json\/wp\/v2\/product"}],"about":[{"href":"https:\/\/www.beevista.pl\/index.php\/wp-json\/wp\/v2\/types\/product"}],"wp:featuredmedia":[{"embeddable":true,"href":"https:\/\/www.beevista.pl\/index.php\/wp-json\/wp\/v2\/media\/2697"}],"wp:attachment":[{"href":"https:\/\/www.beevista.pl\/index.php\/wp-json\/wp\/v2\/media?parent=2696"}],"wp:term":[{"taxonomy":"product_brand","embeddable":true,"href":"https:\/\/www.beevista.pl\/index.php\/wp-json\/wp\/v2\/product_brand?post=2696"},{"taxonomy":"product_cat","embeddable":true,"href":"https:\/\/www.beevista.pl\/index.php\/wp-json\/wp\/v2\/product_cat?post=2696"},{"taxonomy":"product_tag","embeddable":true,"href":"https:\/\/www.beevista.pl\/index.php\/wp-json\/wp\/v2\/product_tag?post=2696"}],"curies":[{"name":"wp","href":"https:\/\/api.w.org\/{rel}","templated":true}]}}