{"id":2694,"date":"2025-11-25T12:39:38","date_gmt":"2025-11-25T11:39:38","guid":{"rendered":"https:\/\/www.beevista.pl\/?post_type=product&#038;p=2694"},"modified":"2026-03-07T19:01:46","modified_gmt":"2026-03-07T18:01:46","slug":"propolis-krople-7-20-ml","status":"publish","type":"product","link":"https:\/\/www.beevista.pl\/index.php\/produkt\/propolis-krople-7-20-ml\/","title":{"rendered":"Propolis Krople 7% \u2013 20 ml"},"content":{"rendered":"<h3 data-start=\"0\" data-end=\"30\">Propolis Krople 7% \u2013 20 ml<\/h3>\n<p data-start=\"32\" data-end=\"380\">Propolis Krople 7% to suplement diety zawieraj\u0105cy etanolowy wyci\u0105g z propolisu \u2013 kitu pszczelego, bogatego w ponad 250 zidentyfikowanych zwi\u0105zk\u00f3w, w tym flawonoid\u00f3w, zwi\u0105zk\u00f3w fenolowych i alkoholowych. Preparat przeznaczony jest dla os\u00f3b, kt\u00f3re chc\u0105 wspiera\u0107 odporno\u015b\u0107 organizmu i dbaj\u0105 o profilaktyk\u0119 w okresach zwi\u0119kszonej podatno\u015bci na infekcje.<\/p>\n<h4 data-start=\"382\" data-end=\"404\">\u2728 Spos\u00f3b u\u017cycia<\/h4>\n<p data-start=\"405\" data-end=\"579\">\u00bd \u0142y\u017ceczki preparatu (oko\u0142o 30 kropli) rozpu\u015b\u0107 w \u00bc szklanki wody lub w soku owocowym o odczynie kwa\u015bnym albo nanie\u015b na \u0142y\u017ceczk\u0119 cukru. Stosuj 3 razy dziennie przed posi\u0142kiem.<\/p>\n<h4 data-start=\"581\" data-end=\"606\">\ud83c\udf3f Dlaczego warto?<\/h4>\n<ul data-start=\"607\" data-end=\"797\">\n<li data-start=\"607\" data-end=\"648\">\n<p data-start=\"609\" data-end=\"648\">Zawiera 7% propolisu (oko\u0142o 64 mg\/ml)<\/p>\n<\/li>\n<li data-start=\"649\" data-end=\"690\">\n<p data-start=\"651\" data-end=\"690\">Wspiera naturaln\u0105 odporno\u015b\u0107 organizmu<\/p>\n<\/li>\n<li data-start=\"691\" data-end=\"741\">\n<p data-start=\"693\" data-end=\"741\">Forma kropli \u2013 \u0142atwa do stosowania i dozowania<\/p>\n<\/li>\n<li data-start=\"742\" data-end=\"797\">\n<p data-start=\"744\" data-end=\"797\">Idealna w okresach zwi\u0119kszonej podatno\u015bci na infekcje<\/p>\n<\/li>\n<\/ul>\n<h4 data-start=\"799\" data-end=\"829\">\u2139\ufe0f Dodatkowe informacje<\/h4>\n<p data-start=\"830\" data-end=\"1137\">Nie stosowa\u0107 w przypadku uczulenia na produkty pochodzenia pszczelego.<br data-start=\"900\" data-end=\"903\" \/>Przechowywa\u0107 w suchym miejscu, w temperaturze poni\u017cej 25 \u00b0C, chroni\u0107 przed \u015bwiat\u0142em.<br data-start=\"987\" data-end=\"990\" \/>Suplement diety nie mo\u017ce by\u0107 stosowany jako substytut (zamiennik) zr\u00f3\u017cnicowanej diety. Wa\u017cny jest zr\u00f3wnowa\u017cony spos\u00f3b \u017cywienia i zdrowy tryb \u017cycia.<\/p>\n<h4 data-start=\"1139\" data-end=\"1154\">\ud83e\uddf4 Sk\u0142ad<\/h4>\n<p data-start=\"1155\" data-end=\"1263\">Alkohol etylowy, woda, propolis (7%) \u2013 zawarto\u015b\u0107 propolisu oko\u0142o 64 mg\/ml, zawarto\u015b\u0107 alkoholu 65% obj\u0119to\u015bci.<\/p>\n<h4 data-start=\"1265\" data-end=\"1289\">\ud83d\udce6 Pojemno\u015b\u0107: 20 ml<\/h4>\n","protected":false},"excerpt":{"rendered":"<p>Propolis Krople 7% \u2013 20 ml Propolis Krople 7% to suplement diety zawieraj\u0105cy etanolowy wyci\u0105g z propolisu \u2013 kitu pszczelego, bogatego w ponad 250 zidentyfikowanych zwi\u0105zk\u00f3w, w tym flawonoid\u00f3w, zwi\u0105zk\u00f3w fenolowych i alkoholowych. Preparat przeznaczony jest dla os\u00f3b, kt\u00f3re chc\u0105 wspiera\u0107 odporno\u015b\u0107 organizmu i dbaj\u0105 o profilaktyk\u0119 w okresach zwi\u0119kszonej podatno\u015bci na infekcje. \u2728 Spos\u00f3b [&hellip;]<\/p>\n","protected":false},"featured_media":2695,"template":"","meta":[],"product_brand":[70],"product_cat":[69],"product_tag":[],"class_list":{"0":"post-2694","1":"product","2":"type-product","3":"status-publish","4":"has-post-thumbnail","6":"product_brand-apipolfarma","7":"product_cat-apipolfarma","9":"first","10":"outofstock","11":"taxable","12":"shipping-taxable","13":"purchasable","14":"product-type-simple"},"_links":{"self":[{"href":"https:\/\/www.beevista.pl\/index.php\/wp-json\/wp\/v2\/product\/2694","targetHints":{"allow":["GET"]}}],"collection":[{"href":"https:\/\/www.beevista.pl\/index.php\/wp-json\/wp\/v2\/product"}],"about":[{"href":"https:\/\/www.beevista.pl\/index.php\/wp-json\/wp\/v2\/types\/product"}],"wp:featuredmedia":[{"embeddable":true,"href":"https:\/\/www.beevista.pl\/index.php\/wp-json\/wp\/v2\/media\/2695"}],"wp:attachment":[{"href":"https:\/\/www.beevista.pl\/index.php\/wp-json\/wp\/v2\/media?parent=2694"}],"wp:term":[{"taxonomy":"product_brand","embeddable":true,"href":"https:\/\/www.beevista.pl\/index.php\/wp-json\/wp\/v2\/product_brand?post=2694"},{"taxonomy":"product_cat","embeddable":true,"href":"https:\/\/www.beevista.pl\/index.php\/wp-json\/wp\/v2\/product_cat?post=2694"},{"taxonomy":"product_tag","embeddable":true,"href":"https:\/\/www.beevista.pl\/index.php\/wp-json\/wp\/v2\/product_tag?post=2694"}],"curies":[{"name":"wp","href":"https:\/\/api.w.org\/{rel}","templated":true}]}}