{"id":2688,"date":"2025-11-23T14:49:49","date_gmt":"2025-11-23T13:49:49","guid":{"rendered":"https:\/\/www.beevista.pl\/?post_type=product&#038;p=2688"},"modified":"2025-12-10T09:46:11","modified_gmt":"2025-12-10T08:46:11","slug":"mleczko-pszczele-royal-jelly-600-32-kapsulki","status":"publish","type":"product","link":"https:\/\/www.beevista.pl\/index.php\/produkt\/mleczko-pszczele-royal-jelly-600-32-kapsulki\/","title":{"rendered":"Mleczko Pszczele Royal Jelly 600 \u2013 32 kapsu\u0142ki"},"content":{"rendered":"<h3 data-start=\"0\" data-end=\"50\">Mleczko Pszczele Royal Jelly 600 \u2013 32 kapsu\u0142ki<\/h3>\n<p data-start=\"52\" data-end=\"473\">Mleczko Pszczele Royal Jelly 600 to suplement diety stworzony z my\u015bl\u0105 o osobach dbaj\u0105cych o swoj\u0105 witalno\u015b\u0107, sprawno\u015b\u0107 fizyczn\u0105 i psychiczn\u0105. Ta wyj\u0105tkowa substancja, zwana \u201eeliksirem \u017cycia\u201d, produkowana jest przez pszczo\u0142y dla kr\u00f3lowej matki i zawiera bogactwo sk\u0142adnik\u00f3w: aminokwasy, witaminy (szczeg\u00f3lnie z grupy B, w tym kwas pantotenowy), biopierwiastki, enzymy, wolne kwasy t\u0142uszczowe, fosfolipidy, sterole i woski.<\/p>\n<h4 data-start=\"475\" data-end=\"497\">\u2728 Spos\u00f3b u\u017cycia<\/h4>\n<p data-start=\"498\" data-end=\"664\">Zalecana dzienna porcja to 1\u20132 kapsu\u0142ki, najlepiej na czczo. Popi\u0107 obficie wod\u0105. Preparat mo\u017cna stosowa\u0107 do trzech miesi\u0119cy, po czym zalecana jest miesi\u0119czna przerwa.<\/p>\n<h4 data-start=\"666\" data-end=\"691\">\ud83c\udf3f Dlaczego warto?<\/h4>\n<ul data-start=\"692\" data-end=\"908\">\n<li data-start=\"692\" data-end=\"773\">\n<p data-start=\"694\" data-end=\"773\">Zawiera 1200 mg \u015bwie\u017cego mleczka pszczelego (co odpowiada 400 mg liofilizatu)<\/p>\n<\/li>\n<li data-start=\"774\" data-end=\"855\">\n<p data-start=\"776\" data-end=\"855\">Wspiera naturaln\u0105 witalno\u015b\u0107, kondycj\u0119 psychofizyczn\u0105 oraz sprawno\u015b\u0107 organizmu<\/p>\n<\/li>\n<li data-start=\"856\" data-end=\"908\">\n<p data-start=\"858\" data-end=\"908\">Wygodna forma kapsu\u0142ek do codziennego stosowania<\/p>\n<\/li>\n<\/ul>\n<h4 data-start=\"910\" data-end=\"940\">\u2139\ufe0f Dodatkowe informacje<\/h4>\n<p data-start=\"941\" data-end=\"1272\">Nie stosowa\u0107 u os\u00f3b uczulonych na produkty pochodzenia pszczelego.<br data-start=\"1007\" data-end=\"1010\" \/>Przechowywa\u0107 w suchym miejscu, w temperaturze poni\u017cej 25 \u00b0C i poza zasi\u0119giem dzieci.<br data-start=\"1094\" data-end=\"1097\" \/>Suplement diety nie mo\u017ce by\u0107 stosowany jako substytut (zamiennik) zr\u00f3\u017cnicowanej diety. Wa\u017cny jest zr\u00f3wnowa\u017cony spos\u00f3b \u017cywienia i zdrowy tryb \u017cycia.<br data-start=\"1244\" data-end=\"1247\" \/>Suplement zawiera cukier.<\/p>\n<h4 data-start=\"1274\" data-end=\"1289\">\ud83e\uddf4 Sk\u0142ad<\/h4>\n<p data-start=\"1290\" data-end=\"1417\">Mleczko pszczele liofilizowane; glukoza (substancja wype\u0142niaj\u0105ca); \u017celatyna (sk\u0142ad kapsu\u0142ki). Kapsu\u0142ki nie zawieraj\u0105 barwnik\u00f3w.<\/p>\n<h4 data-start=\"1419\" data-end=\"1449\">\ud83d\udce6 Pojemno\u015b\u0107: 32 kapsu\u0142ki<\/h4>\n","protected":false},"excerpt":{"rendered":"<p>Mleczko Pszczele Royal Jelly 600 \u2013 32 kapsu\u0142ki Mleczko Pszczele Royal Jelly 600 to suplement diety stworzony z my\u015bl\u0105 o osobach dbaj\u0105cych o swoj\u0105 witalno\u015b\u0107, sprawno\u015b\u0107 fizyczn\u0105 i psychiczn\u0105. Ta wyj\u0105tkowa substancja, zwana \u201eeliksirem \u017cycia\u201d, produkowana jest przez pszczo\u0142y dla kr\u00f3lowej matki i zawiera bogactwo sk\u0142adnik\u00f3w: aminokwasy, witaminy (szczeg\u00f3lnie z grupy B, w tym kwas [&hellip;]<\/p>\n","protected":false},"featured_media":2689,"template":"","meta":[],"product_brand":[70],"product_cat":[69],"product_tag":[],"class_list":{"0":"post-2688","1":"product","2":"type-product","3":"status-publish","4":"has-post-thumbnail","6":"product_brand-apipolfarma","7":"product_cat-apipolfarma","9":"first","10":"outofstock","11":"taxable","12":"shipping-taxable","13":"purchasable","14":"product-type-simple"},"_links":{"self":[{"href":"https:\/\/www.beevista.pl\/index.php\/wp-json\/wp\/v2\/product\/2688","targetHints":{"allow":["GET"]}}],"collection":[{"href":"https:\/\/www.beevista.pl\/index.php\/wp-json\/wp\/v2\/product"}],"about":[{"href":"https:\/\/www.beevista.pl\/index.php\/wp-json\/wp\/v2\/types\/product"}],"wp:featuredmedia":[{"embeddable":true,"href":"https:\/\/www.beevista.pl\/index.php\/wp-json\/wp\/v2\/media\/2689"}],"wp:attachment":[{"href":"https:\/\/www.beevista.pl\/index.php\/wp-json\/wp\/v2\/media?parent=2688"}],"wp:term":[{"taxonomy":"product_brand","embeddable":true,"href":"https:\/\/www.beevista.pl\/index.php\/wp-json\/wp\/v2\/product_brand?post=2688"},{"taxonomy":"product_cat","embeddable":true,"href":"https:\/\/www.beevista.pl\/index.php\/wp-json\/wp\/v2\/product_cat?post=2688"},{"taxonomy":"product_tag","embeddable":true,"href":"https:\/\/www.beevista.pl\/index.php\/wp-json\/wp\/v2\/product_tag?post=2688"}],"curies":[{"name":"wp","href":"https:\/\/api.w.org\/{rel}","templated":true}]}}