{"id":2686,"date":"2025-11-23T14:46:30","date_gmt":"2025-11-23T13:46:30","guid":{"rendered":"https:\/\/www.beevista.pl\/?post_type=product&#038;p=2686"},"modified":"2026-03-26T10:37:54","modified_gmt":"2026-03-26T09:37:54","slug":"mleczko-pszczele-royal-jelly-300-45-tabletek","status":"publish","type":"product","link":"https:\/\/www.beevista.pl\/index.php\/produkt\/mleczko-pszczele-royal-jelly-300-45-tabletek\/","title":{"rendered":"Mleczko Pszczele Royal Jelly 300 \u2013 45 tabletek"},"content":{"rendered":"<h3 data-start=\"0\" data-end=\"50\">Mleczko Pszczele Royal Jelly 300 \u2013 45 tabletek<\/h3>\n<p data-start=\"52\" data-end=\"416\">Mleczko Pszczele Royal Jelly 300 to suplement diety przeznaczony dla os\u00f3b, kt\u00f3re chc\u0105 wspiera\u0107 swoj\u0105 witalno\u015b\u0107, sprawno\u015b\u0107 fizyczn\u0105 i psychiczn\u0105. Mleczko pszczele jest bogate w aminokwasy, witaminy z grupy B (w tym kwas pantotenowy), biopierwiastki, enzymy, wolne kwasy t\u0142uszczowe, fosfolipidy, sterole oraz woski \u2014 naturalne sk\u0142adniki od\u017cywcze cenne dla organizmu.<\/p>\n<h4 data-start=\"418\" data-end=\"440\">\u2728 Spos\u00f3b u\u017cycia<\/h4>\n<p data-start=\"441\" data-end=\"628\">Zalecana dzienna porcja to 1\u20132 tabletki, najlepiej na czczo. Tabletk\u0119 nale\u017cy ssa\u0107 powoli. Preparat mo\u017cna stosowa\u0107 przez okres do trzech miesi\u0119cy, po czym zalecana jest miesi\u0119czna przerwa.<\/p>\n<h4 data-start=\"630\" data-end=\"655\">\ud83c\udf3f Dlaczego warto?<\/h4>\n<ul data-start=\"656\" data-end=\"893\">\n<li data-start=\"656\" data-end=\"723\">\n<p data-start=\"658\" data-end=\"723\">Zawiera 300 mg \u015bwie\u017cego mleczka pszczelego (100 mg liofilizatu)<\/p>\n<\/li>\n<li data-start=\"724\" data-end=\"773\">\n<p data-start=\"726\" data-end=\"773\">Wspiera witalno\u015b\u0107 i og\u00f3ln\u0105 kondycj\u0119 organizmu<\/p>\n<\/li>\n<li data-start=\"774\" data-end=\"820\">\n<p data-start=\"776\" data-end=\"820\">Mo\u017ce pomaga\u0107 w regulacji przemiany materii<\/p>\n<\/li>\n<li data-start=\"821\" data-end=\"893\">\n<p data-start=\"823\" data-end=\"893\">Wygodna forma tabletek do ssania, smak pomara\u0144czowy, bez dodatku cukru<\/p>\n<\/li>\n<\/ul>\n<h4 data-start=\"895\" data-end=\"925\">\u2139\ufe0f Dodatkowe informacje<\/h4>\n<p data-start=\"926\" data-end=\"1218\">Nie stosowa\u0107 w przypadku uczulenia na produkty pszczele.<br data-start=\"982\" data-end=\"985\" \/>Przechowywa\u0107 w suchym miejscu, w temperaturze poni\u017cej 25\u00b0C i poza zasi\u0119giem dzieci.<br data-start=\"1068\" data-end=\"1071\" \/>Suplement diety nie mo\u017ce by\u0107 stosowany jako substytut (zamiennik) zr\u00f3\u017cnicowanej diety. Wa\u017cny jest zr\u00f3wnowa\u017cony spos\u00f3b \u017cywienia i zdrowy tryb \u017cycia.<\/p>\n<h4 data-start=\"1220\" data-end=\"1235\">\ud83e\uddf4 Sk\u0142ad<\/h4>\n<p data-start=\"1236\" data-end=\"1481\">300 mg \u015bwie\u017cego mleczka pszczelego (100 mg liofilizatu), substancja s\u0142odz\u0105ca: sorbitol; mleczko pszczele liofilizowane; substancje przeciwzbrylaj\u0105ce: dwutlenek krzemu, sole magnezowe kwas\u00f3w t\u0142uszczowych (stearynian magnezu); aromat pomara\u0144czowy.<\/p>\n<h4 data-start=\"1483\" data-end=\"1513\" data-is-last-node=\"\" data-is-only-node=\"\">\ud83d\udce6 Pojemno\u015b\u0107: 45 tabletek<\/h4>\n","protected":false},"excerpt":{"rendered":"<p>Mleczko Pszczele Royal Jelly 300 \u2013 45 tabletek Mleczko Pszczele Royal Jelly 300 to suplement diety przeznaczony dla os\u00f3b, kt\u00f3re chc\u0105 wspiera\u0107 swoj\u0105 witalno\u015b\u0107, sprawno\u015b\u0107 fizyczn\u0105 i psychiczn\u0105. Mleczko pszczele jest bogate w aminokwasy, witaminy z grupy B (w tym kwas pantotenowy), biopierwiastki, enzymy, wolne kwasy t\u0142uszczowe, fosfolipidy, sterole oraz woski \u2014 naturalne sk\u0142adniki od\u017cywcze [&hellip;]<\/p>\n","protected":false},"featured_media":2687,"template":"","meta":[],"product_brand":[70],"product_cat":[69],"product_tag":[],"class_list":{"0":"post-2686","1":"product","2":"type-product","3":"status-publish","4":"has-post-thumbnail","6":"product_brand-apipolfarma","7":"product_cat-apipolfarma","9":"first","10":"outofstock","11":"taxable","12":"shipping-taxable","13":"purchasable","14":"product-type-simple"},"_links":{"self":[{"href":"https:\/\/www.beevista.pl\/index.php\/wp-json\/wp\/v2\/product\/2686","targetHints":{"allow":["GET"]}}],"collection":[{"href":"https:\/\/www.beevista.pl\/index.php\/wp-json\/wp\/v2\/product"}],"about":[{"href":"https:\/\/www.beevista.pl\/index.php\/wp-json\/wp\/v2\/types\/product"}],"wp:featuredmedia":[{"embeddable":true,"href":"https:\/\/www.beevista.pl\/index.php\/wp-json\/wp\/v2\/media\/2687"}],"wp:attachment":[{"href":"https:\/\/www.beevista.pl\/index.php\/wp-json\/wp\/v2\/media?parent=2686"}],"wp:term":[{"taxonomy":"product_brand","embeddable":true,"href":"https:\/\/www.beevista.pl\/index.php\/wp-json\/wp\/v2\/product_brand?post=2686"},{"taxonomy":"product_cat","embeddable":true,"href":"https:\/\/www.beevista.pl\/index.php\/wp-json\/wp\/v2\/product_cat?post=2686"},{"taxonomy":"product_tag","embeddable":true,"href":"https:\/\/www.beevista.pl\/index.php\/wp-json\/wp\/v2\/product_tag?post=2686"}],"curies":[{"name":"wp","href":"https:\/\/api.w.org\/{rel}","templated":true}]}}