{"id":2684,"date":"2025-11-23T14:39:15","date_gmt":"2025-11-23T13:39:15","guid":{"rendered":"https:\/\/www.beevista.pl\/?post_type=product&#038;p=2684"},"modified":"2026-01-16T21:01:40","modified_gmt":"2026-01-16T20:01:40","slug":"mleczko-pszczele-royal-jelly-150-45-tabletek","status":"publish","type":"product","link":"https:\/\/www.beevista.pl\/index.php\/produkt\/mleczko-pszczele-royal-jelly-150-45-tabletek\/","title":{"rendered":"Mleczko Pszczele Royal Jelly 150 \u2013 45 tabletek"},"content":{"rendered":"<h3 data-start=\"0\" data-end=\"50\">Mleczko Pszczele Royal Jelly 150 \u2013 45 tabletek<\/h3>\n<p data-start=\"52\" data-end=\"434\">Mleczko Pszczele Royal Jelly 150 to suplement diety przeznaczony dla os\u00f3b, kt\u00f3re chc\u0105 wspiera\u0107 swoj\u0105 witalno\u015b\u0107, sprawno\u015b\u0107 fizyczn\u0105 i psychiczn\u0105. Zawiera cenne mleczko pszczele \u2013 wyj\u0105tkow\u0105 substancj\u0119 od\u017cywcz\u0105 produkowan\u0105 przez pszczo\u0142y dla kr\u00f3lowej matki. Jest ono bogate w aminokwasy, witaminy z grupy B, biopierwiastki, enzymy, wolne kwasy t\u0142uszczowe, fosfolipidy, sterole i woski.<\/p>\n<h4 data-start=\"436\" data-end=\"458\">\u2728 Spos\u00f3b u\u017cycia<\/h4>\n<p data-start=\"459\" data-end=\"639\">Zalecana dzienna porcja to 1\u20132 tabletki, najlepiej na czczo. Tabletk\u0119 nale\u017cy ssa\u0107 powoli. Preparat mo\u017cna stosowa\u0107 do trzech miesi\u0119cy; po miesi\u0119cznej przerwie kuracj\u0119 mo\u017cna wznowi\u0107.<\/p>\n<h4 data-start=\"641\" data-end=\"666\">\ud83c\udf3f Dlaczego warto?<\/h4>\n<ul data-start=\"667\" data-end=\"881\">\n<li data-start=\"667\" data-end=\"733\">\n<p data-start=\"669\" data-end=\"733\">Zawiera 150 mg \u015bwie\u017cego mleczka pszczelego (50 mg liofilizatu)<\/p>\n<\/li>\n<li data-start=\"734\" data-end=\"786\">\n<p data-start=\"736\" data-end=\"786\">Wspiera naturaln\u0105 witalno\u015b\u0107 i kondycj\u0119 organizmu<\/p>\n<\/li>\n<li data-start=\"787\" data-end=\"844\">\n<p data-start=\"789\" data-end=\"844\">Pomaga w prawid\u0142owym funkcjonowaniu przemiany materii<\/p>\n<\/li>\n<li data-start=\"845\" data-end=\"881\">\n<p data-start=\"847\" data-end=\"881\">Wygodna forma tabletek do ssania<\/p>\n<\/li>\n<\/ul>\n<h4 data-start=\"883\" data-end=\"913\">\u2139\ufe0f Dodatkowe informacje<\/h4>\n<p data-start=\"914\" data-end=\"1206\">Nie stosowa\u0107 w przypadku uczulenia na produkty pszczele.<br data-start=\"970\" data-end=\"973\" \/>Przechowywa\u0107 w suchym miejscu, w temperaturze poni\u017cej 25\u00b0C i poza zasi\u0119giem dzieci.<br data-start=\"1056\" data-end=\"1059\" \/>Suplement diety nie mo\u017ce by\u0107 stosowany jako substytut (zamiennik) zr\u00f3\u017cnicowanej diety. Wa\u017cny jest zr\u00f3wnowa\u017cony spos\u00f3b \u017cywienia i zdrowy tryb \u017cycia.<\/p>\n<h4 data-start=\"1208\" data-end=\"1223\">\ud83e\uddf4 Sk\u0142ad<\/h4>\n<p data-start=\"1224\" data-end=\"1468\">150 mg \u015bwie\u017cego mleczka pszczelego (50 mg liofilizatu), substancja s\u0142odz\u0105ca: sorbitol; mleczko pszczele liofilizowane; substancje przeciwzbrylaj\u0105ce: dwutlenek krzemu, sole magnezowe kwas\u00f3w t\u0142uszczowych (stearynian magnezu); aromat pomara\u0144czowy.<\/p>\n<h4 data-start=\"1470\" data-end=\"1500\" data-is-last-node=\"\" data-is-only-node=\"\">\ud83d\udce6 Pojemno\u015b\u0107: 45 tabletek<\/h4>\n","protected":false},"excerpt":{"rendered":"<p>Mleczko Pszczele Royal Jelly 150 \u2013 45 tabletek Mleczko Pszczele Royal Jelly 150 to suplement diety przeznaczony dla os\u00f3b, kt\u00f3re chc\u0105 wspiera\u0107 swoj\u0105 witalno\u015b\u0107, sprawno\u015b\u0107 fizyczn\u0105 i psychiczn\u0105. Zawiera cenne mleczko pszczele \u2013 wyj\u0105tkow\u0105 substancj\u0119 od\u017cywcz\u0105 produkowan\u0105 przez pszczo\u0142y dla kr\u00f3lowej matki. Jest ono bogate w aminokwasy, witaminy z grupy B, biopierwiastki, enzymy, wolne kwasy [&hellip;]<\/p>\n","protected":false},"featured_media":2685,"template":"","meta":[],"product_brand":[70],"product_cat":[69],"product_tag":[],"class_list":{"0":"post-2684","1":"product","2":"type-product","3":"status-publish","4":"has-post-thumbnail","6":"product_brand-apipolfarma","7":"product_cat-apipolfarma","9":"first","10":"outofstock","11":"taxable","12":"shipping-taxable","13":"purchasable","14":"product-type-simple"},"_links":{"self":[{"href":"https:\/\/www.beevista.pl\/index.php\/wp-json\/wp\/v2\/product\/2684","targetHints":{"allow":["GET"]}}],"collection":[{"href":"https:\/\/www.beevista.pl\/index.php\/wp-json\/wp\/v2\/product"}],"about":[{"href":"https:\/\/www.beevista.pl\/index.php\/wp-json\/wp\/v2\/types\/product"}],"wp:featuredmedia":[{"embeddable":true,"href":"https:\/\/www.beevista.pl\/index.php\/wp-json\/wp\/v2\/media\/2685"}],"wp:attachment":[{"href":"https:\/\/www.beevista.pl\/index.php\/wp-json\/wp\/v2\/media?parent=2684"}],"wp:term":[{"taxonomy":"product_brand","embeddable":true,"href":"https:\/\/www.beevista.pl\/index.php\/wp-json\/wp\/v2\/product_brand?post=2684"},{"taxonomy":"product_cat","embeddable":true,"href":"https:\/\/www.beevista.pl\/index.php\/wp-json\/wp\/v2\/product_cat?post=2684"},{"taxonomy":"product_tag","embeddable":true,"href":"https:\/\/www.beevista.pl\/index.php\/wp-json\/wp\/v2\/product_tag?post=2684"}],"curies":[{"name":"wp","href":"https:\/\/api.w.org\/{rel}","templated":true}]}}