{"id":2682,"date":"2025-11-23T14:34:38","date_gmt":"2025-11-23T13:34:38","guid":{"rendered":"https:\/\/www.beevista.pl\/?post_type=product&#038;p=2682"},"modified":"2026-03-22T19:55:05","modified_gmt":"2026-03-22T18:55:05","slug":"mleczko-pszczele-royal-jelly-32-kapsulki","status":"publish","type":"product","link":"https:\/\/www.beevista.pl\/index.php\/produkt\/mleczko-pszczele-royal-jelly-32-kapsulki\/","title":{"rendered":"Mleczko Pszczele Royal Jelly \u2013 32 kapsu\u0142ki"},"content":{"rendered":"<h3 data-start=\"0\" data-end=\"46\">Mleczko Pszczele Royal Jelly \u2013 32 kapsu\u0142ki<\/h3>\n<p data-start=\"48\" data-end=\"399\">Mleczko pszczele Royal Jelly to warto\u015bciowy suplement wspieraj\u0105cy naturaln\u0105 witalno\u015b\u0107 i og\u00f3ln\u0105 kondycj\u0119 organizmu. Zawiera cenne sk\u0142adniki, takie jak aminokwasy, witaminy z grupy B, kwas pantotenowy, biopierwiastki, enzymy, wolne kwasy t\u0142uszczowe, fosfolipidy, sterole i woski. To naturalne wsparcie dla energii, odporno\u015bci oraz dobrej kondycji sk\u00f3ry.<\/p>\n<h4 data-start=\"401\" data-end=\"423\">\u2728 Spos\u00f3b u\u017cycia<\/h4>\n<p data-start=\"424\" data-end=\"553\">Zalecana dzienna porcja to 2\u20134 kapsu\u0142ki: 1\u20132 rano i 1\u20132 wieczorem. Kapsu\u0142ki nale\u017cy ssa\u0107 powoli przez 30\u201360 minut przed posi\u0142kiem.<\/p>\n<h4 data-start=\"555\" data-end=\"580\">\ud83c\udf3f Dlaczego warto?<\/h4>\n<ul data-start=\"581\" data-end=\"775\">\n<li data-start=\"581\" data-end=\"648\">\n<p data-start=\"583\" data-end=\"648\">Zawiera 300 mg \u015bwie\u017cego mleczka pszczelego (100 mg liofilizatu)<\/p>\n<\/li>\n<li data-start=\"649\" data-end=\"695\">\n<p data-start=\"651\" data-end=\"695\">Bogactwo naturalnych sk\u0142adnik\u00f3w od\u017cywczych<\/p>\n<\/li>\n<li data-start=\"696\" data-end=\"745\">\n<p data-start=\"698\" data-end=\"745\">Wspiera witalno\u015b\u0107, odporno\u015b\u0107 i kondycj\u0119 sk\u00f3ry<\/p>\n<\/li>\n<li data-start=\"746\" data-end=\"775\">\n<p data-start=\"748\" data-end=\"775\">Wygodna forma suplementacji<\/p>\n<\/li>\n<\/ul>\n<h4 data-start=\"777\" data-end=\"807\">\u2139\ufe0f Dodatkowe informacje<\/h4>\n<p data-start=\"808\" data-end=\"1098\">Nie stosowa\u0107 w przypadku uczulenia na produkty pszczele. Przechowywa\u0107 w suchym miejscu, w temperaturze poni\u017cej 25\u00b0C i poza zasi\u0119giem dzieci.<br data-start=\"948\" data-end=\"951\" \/>Suplement diety nie mo\u017ce by\u0107 stosowany jako substytut (zamiennik) zr\u00f3\u017cnicowanej diety. Wa\u017cny jest zr\u00f3wnowa\u017cony spos\u00f3b \u017cywienia i zdrowy tryb \u017cycia.<\/p>\n<h4 data-start=\"1100\" data-end=\"1115\">\ud83e\uddf4 Sk\u0142ad<\/h4>\n<p data-start=\"1116\" data-end=\"1221\">300 mg \u015bwie\u017cego mleczka pszczelego (100 mg liofilizatu), glukoza (wype\u0142niacz), \u017celatyna (sk\u0142ad kapsu\u0142ki).<\/p>\n<h4 data-start=\"1223\" data-end=\"1253\" data-is-last-node=\"\" data-is-only-node=\"\">\ud83d\udce6 Pojemno\u015b\u0107: 32 kapsu\u0142ki<\/h4>\n","protected":false},"excerpt":{"rendered":"<p>Mleczko Pszczele Royal Jelly \u2013 32 kapsu\u0142ki Mleczko pszczele Royal Jelly to warto\u015bciowy suplement wspieraj\u0105cy naturaln\u0105 witalno\u015b\u0107 i og\u00f3ln\u0105 kondycj\u0119 organizmu. Zawiera cenne sk\u0142adniki, takie jak aminokwasy, witaminy z grupy B, kwas pantotenowy, biopierwiastki, enzymy, wolne kwasy t\u0142uszczowe, fosfolipidy, sterole i woski. To naturalne wsparcie dla energii, odporno\u015bci oraz dobrej kondycji sk\u00f3ry. \u2728 Spos\u00f3b u\u017cycia [&hellip;]<\/p>\n","protected":false},"featured_media":2683,"template":"","meta":[],"product_brand":[70],"product_cat":[69],"product_tag":[],"class_list":{"0":"post-2682","1":"product","2":"type-product","3":"status-publish","4":"has-post-thumbnail","6":"product_brand-apipolfarma","7":"product_cat-apipolfarma","9":"first","10":"outofstock","11":"taxable","12":"shipping-taxable","13":"purchasable","14":"product-type-simple"},"_links":{"self":[{"href":"https:\/\/www.beevista.pl\/index.php\/wp-json\/wp\/v2\/product\/2682","targetHints":{"allow":["GET"]}}],"collection":[{"href":"https:\/\/www.beevista.pl\/index.php\/wp-json\/wp\/v2\/product"}],"about":[{"href":"https:\/\/www.beevista.pl\/index.php\/wp-json\/wp\/v2\/types\/product"}],"wp:featuredmedia":[{"embeddable":true,"href":"https:\/\/www.beevista.pl\/index.php\/wp-json\/wp\/v2\/media\/2683"}],"wp:attachment":[{"href":"https:\/\/www.beevista.pl\/index.php\/wp-json\/wp\/v2\/media?parent=2682"}],"wp:term":[{"taxonomy":"product_brand","embeddable":true,"href":"https:\/\/www.beevista.pl\/index.php\/wp-json\/wp\/v2\/product_brand?post=2682"},{"taxonomy":"product_cat","embeddable":true,"href":"https:\/\/www.beevista.pl\/index.php\/wp-json\/wp\/v2\/product_cat?post=2682"},{"taxonomy":"product_tag","embeddable":true,"href":"https:\/\/www.beevista.pl\/index.php\/wp-json\/wp\/v2\/product_tag?post=2682"}],"curies":[{"name":"wp","href":"https:\/\/api.w.org\/{rel}","templated":true}]}}