{"id":2680,"date":"2025-11-23T14:29:05","date_gmt":"2025-11-23T13:29:05","guid":{"rendered":"https:\/\/www.beevista.pl\/?post_type=product&#038;p=2680"},"modified":"2026-01-06T12:16:33","modified_gmt":"2026-01-06T11:16:33","slug":"masc-propolisowa-20-forte-20-g","status":"publish","type":"product","link":"https:\/\/www.beevista.pl\/index.php\/produkt\/masc-propolisowa-20-forte-20-g\/","title":{"rendered":"Ma\u015b\u0107 Propolisowa 20% forte 20 g"},"content":{"rendered":"<h3 data-start=\"0\" data-end=\"31\">Ma\u015b\u0107 Propolisowa 20% \u2013 20 g<\/h3>\n<p data-start=\"33\" data-end=\"340\">Ma\u015b\u0107 Propolisowa 20% to silnie skoncentrowany preparat z wysok\u0105 zawarto\u015bci\u0105 naturalnego propolisu, stworzony z my\u015bl\u0105 o sk\u00f3rach suchych, podatnych na otarcia i podra\u017cnienia. Preparat wspiera proces regeneracji, koi uczucie dyskomfortu i tworzy warstw\u0119 ochronn\u0105, kt\u00f3ra pomaga sk\u00f3rze wr\u00f3ci\u0107 do dobrej kondycji.<\/p>\n<h4 data-start=\"342\" data-end=\"364\">\u2728 Spos\u00f3b u\u017cycia<\/h4>\n<p data-start=\"365\" data-end=\"600\">Na oczyszczon\u0105 i osuszon\u0105 sk\u00f3r\u0119 nanie\u015b niewielk\u0105 ilo\u015b\u0107 ma\u015bci miejscowo 2\u20133 razy dziennie.<br data-start=\"454\" data-end=\"457\" \/>Nie stosowa\u0107 przy nadwra\u017cliwo\u015bci na produkty pochodzenia pszczelego lub kt\u00f3rykolwiek sk\u0142adnik. Ma\u015b\u0107 mo\u017ce powodowa\u0107 zabarwienie w\u0142os\u00f3w i tkanin.<\/p>\n<h4 data-start=\"602\" data-end=\"627\">\ud83c\udf3f Dlaczego warto?<\/h4>\n<ul data-start=\"628\" data-end=\"853\">\n<li data-start=\"628\" data-end=\"671\">\n<p data-start=\"630\" data-end=\"671\">Zawiera wysok\u0105, 20% zawarto\u015b\u0107 propolisu<\/p>\n<\/li>\n<li data-start=\"672\" data-end=\"736\">\n<p data-start=\"674\" data-end=\"736\">Skierowana do sk\u00f3ry suchej z tendencj\u0105 do otar\u0107 i podra\u017cnie\u0144<\/p>\n<\/li>\n<li data-start=\"737\" data-end=\"798\">\n<p data-start=\"739\" data-end=\"798\">Tworzy ochronn\u0105 warstw\u0119 wspieraj\u0105c\u0105 naturaln\u0105 regeneracj\u0119<\/p>\n<\/li>\n<li data-start=\"799\" data-end=\"853\">\n<p data-start=\"801\" data-end=\"853\">Wygodna forma ma\u015bci \u2014 \u0142atwa w aplikacji miejscowej<\/p>\n<\/li>\n<\/ul>\n<h4 data-start=\"855\" data-end=\"870\">\ud83e\uddf4 Sk\u0142ad<\/h4>\n<p data-start=\"871\" data-end=\"918\">Petrolatum, Lanolin, Propolis Extract, Alcohol.<\/p>\n<h4 data-start=\"920\" data-end=\"943\">\ud83d\udce6 Pojemno\u015b\u0107: 20 g<\/h4>\n","protected":false},"excerpt":{"rendered":"<p>Ma\u015b\u0107 Propolisowa 20% \u2013 20 g Ma\u015b\u0107 Propolisowa 20% to silnie skoncentrowany preparat z wysok\u0105 zawarto\u015bci\u0105 naturalnego propolisu, stworzony z my\u015bl\u0105 o sk\u00f3rach suchych, podatnych na otarcia i podra\u017cnienia. Preparat wspiera proces regeneracji, koi uczucie dyskomfortu i tworzy warstw\u0119 ochronn\u0105, kt\u00f3ra pomaga sk\u00f3rze wr\u00f3ci\u0107 do dobrej kondycji. \u2728 Spos\u00f3b u\u017cycia Na oczyszczon\u0105 i osuszon\u0105 sk\u00f3r\u0119 [&hellip;]<\/p>\n","protected":false},"featured_media":2681,"template":"","meta":[],"product_brand":[70],"product_cat":[69],"product_tag":[],"class_list":{"0":"post-2680","1":"product","2":"type-product","3":"status-publish","4":"has-post-thumbnail","6":"product_brand-apipolfarma","7":"product_cat-apipolfarma","9":"first","10":"outofstock","11":"taxable","12":"shipping-taxable","13":"purchasable","14":"product-type-simple"},"_links":{"self":[{"href":"https:\/\/www.beevista.pl\/index.php\/wp-json\/wp\/v2\/product\/2680","targetHints":{"allow":["GET"]}}],"collection":[{"href":"https:\/\/www.beevista.pl\/index.php\/wp-json\/wp\/v2\/product"}],"about":[{"href":"https:\/\/www.beevista.pl\/index.php\/wp-json\/wp\/v2\/types\/product"}],"wp:featuredmedia":[{"embeddable":true,"href":"https:\/\/www.beevista.pl\/index.php\/wp-json\/wp\/v2\/media\/2681"}],"wp:attachment":[{"href":"https:\/\/www.beevista.pl\/index.php\/wp-json\/wp\/v2\/media?parent=2680"}],"wp:term":[{"taxonomy":"product_brand","embeddable":true,"href":"https:\/\/www.beevista.pl\/index.php\/wp-json\/wp\/v2\/product_brand?post=2680"},{"taxonomy":"product_cat","embeddable":true,"href":"https:\/\/www.beevista.pl\/index.php\/wp-json\/wp\/v2\/product_cat?post=2680"},{"taxonomy":"product_tag","embeddable":true,"href":"https:\/\/www.beevista.pl\/index.php\/wp-json\/wp\/v2\/product_tag?post=2680"}],"curies":[{"name":"wp","href":"https:\/\/api.w.org\/{rel}","templated":true}]}}