{"id":2497,"date":"2025-11-06T08:47:40","date_gmt":"2025-11-06T07:47:40","guid":{"rendered":"https:\/\/www.beevista.pl\/?post_type=product&#038;p=2497"},"modified":"2026-04-24T20:11:35","modified_gmt":"2026-04-24T18:11:35","slug":"putorius-masc-z-przytulia-lesna-150-ml","status":"publish","type":"product","link":"https:\/\/www.beevista.pl\/index.php\/produkt\/putorius-masc-z-przytulia-lesna-150-ml\/","title":{"rendered":"Putorius &#8211; Ma\u015b\u0107 z przytuli\u0105 le\u015bn\u0105 150 ml"},"content":{"rendered":"<p data-start=\"0\" data-end=\"48\"><strong data-start=\"0\" data-end=\"46\">Ma\u015b\u0107 z przytuli\u0105 le\u015bn\u0105 \u201eSv\u00edzel\u201d 150 ml \ud83c\udf3f\u2728<\/strong><\/p>\n<p data-start=\"50\" data-end=\"255\">Luksusowa ma\u015b\u0107 z ekstraktem z przytuli le\u015bnej \u2013 stworzonej, by przywraca\u0107 sk\u00f3rze j\u0119drno\u015b\u0107 i blask. Doskona\u0142a do piel\u0119gnacji twarzy i cia\u0142a, szczeg\u00f3lnie sk\u00f3ry zm\u0119czonej, z oznakami starzenia lub po goleniu.<\/p>\n<p data-start=\"257\" data-end=\"280\">\u2705 <strong data-start=\"259\" data-end=\"278\">Dlaczego warto?<\/strong><\/p>\n<ul data-start=\"281\" data-end=\"502\">\n<li data-start=\"281\" data-end=\"346\">\n<p data-start=\"283\" data-end=\"346\">wspiera wyg\u0142adzanie zmarszczek i zapobiega powstawaniu nowych<\/p>\n<\/li>\n<li data-start=\"347\" data-end=\"392\">\n<p data-start=\"349\" data-end=\"392\">poprawia j\u0119drno\u015b\u0107 oraz elastyczno\u015b\u0107 sk\u00f3ry<\/p>\n<\/li>\n<li data-start=\"393\" data-end=\"433\">\n<p data-start=\"395\" data-end=\"433\">\u0142agodzi podra\u017cnion\u0105 sk\u00f3r\u0119 po goleniu<\/p>\n<\/li>\n<li data-start=\"434\" data-end=\"502\">\n<p data-start=\"436\" data-end=\"502\">odpowiednia dla m\u0119\u017cczyzn i kobiet, tak\u017ce na sk\u00f3r\u0119 twarzy i cia\u0142a<\/p>\n<\/li>\n<\/ul>\n<p data-start=\"504\" data-end=\"808\">\ud83c\udf3f <strong data-start=\"507\" data-end=\"522\">Jak dzia\u0142a?<\/strong><br data-start=\"522\" data-end=\"525\" \/>Ekstrakt z przytuli le\u015bnej wraz z prawdziwym woskiem pszczelim dzia\u0142a regeneruj\u0105co i ochronnie. Ma\u015b\u0107 napina i uj\u0119drnia sk\u00f3r\u0119, jednocze\u015bnie chroni\u0105c j\u0105 przed niekorzystnym dzia\u0142aniem czynnik\u00f3w zewn\u0119trznych \u2013 idealna jako codzienna piel\u0119gnacja sk\u00f3ry dojrza\u0142ej lub wymagaj\u0105cej komfortu.<\/p>\n<p data-start=\"810\" data-end=\"982\">\ud83e\uddf4 <strong data-start=\"813\" data-end=\"831\">Spos\u00f3b u\u017cycia:<\/strong><br data-start=\"831\" data-end=\"834\" \/>Na\u0142\u00f3\u017c niewielk\u0105 ilo\u015b\u0107 ma\u015bci na wybrane obszary sk\u00f3ry i delikatnie wmasuj. Stosuj 1\u20132 razy dziennie lub wed\u0142ug potrzeb. Nie stosowa\u0107 na otwarte rany.<\/p>\n<p data-start=\"984\" data-end=\"1201\">\ud83e\uddfe <strong data-start=\"987\" data-end=\"1001\">Sk\u0142adniki:<\/strong><br data-start=\"1001\" data-end=\"1004\" \/>Petrolatum (wazelina kosmetyczna), Glycine Soja Oil (olej sojowy), Cera Alba (wosk pszczeli), Galium Verum Extract (ekstrakt z przytuli le\u015bnej) + inne zio\u0142owe ekstrakty<br data-start=\"1172\" data-end=\"1175\" \/>\ud83d\udce6 <strong data-start=\"1178\" data-end=\"1192\">Pojemno\u015b\u0107:<\/strong> 150 ml<\/p>\n","protected":false},"excerpt":{"rendered":"<p>Ma\u015b\u0107 z przytuli\u0105 le\u015bn\u0105 \u201eSv\u00edzel\u201d 150 ml \ud83c\udf3f\u2728 Luksusowa ma\u015b\u0107 z ekstraktem z przytuli le\u015bnej \u2013 stworzonej, by przywraca\u0107 sk\u00f3rze j\u0119drno\u015b\u0107 i blask. Doskona\u0142a do piel\u0119gnacji twarzy i cia\u0142a, szczeg\u00f3lnie sk\u00f3ry zm\u0119czonej, z oznakami starzenia lub po goleniu. \u2705 Dlaczego warto? wspiera wyg\u0142adzanie zmarszczek i zapobiega powstawaniu nowych poprawia j\u0119drno\u015b\u0107 oraz elastyczno\u015b\u0107 sk\u00f3ry \u0142agodzi podra\u017cnion\u0105 [&hellip;]<\/p>\n","protected":false},"featured_media":2498,"template":"","meta":[],"product_brand":[26],"product_cat":[25],"product_tag":[],"class_list":{"0":"post-2497","1":"product","2":"type-product","3":"status-publish","4":"has-post-thumbnail","6":"product_brand-putorius","7":"product_cat-putorius","9":"first","10":"instock","11":"taxable","12":"shipping-taxable","13":"purchasable","14":"product-type-simple"},"_links":{"self":[{"href":"https:\/\/www.beevista.pl\/index.php\/wp-json\/wp\/v2\/product\/2497","targetHints":{"allow":["GET"]}}],"collection":[{"href":"https:\/\/www.beevista.pl\/index.php\/wp-json\/wp\/v2\/product"}],"about":[{"href":"https:\/\/www.beevista.pl\/index.php\/wp-json\/wp\/v2\/types\/product"}],"wp:featuredmedia":[{"embeddable":true,"href":"https:\/\/www.beevista.pl\/index.php\/wp-json\/wp\/v2\/media\/2498"}],"wp:attachment":[{"href":"https:\/\/www.beevista.pl\/index.php\/wp-json\/wp\/v2\/media?parent=2497"}],"wp:term":[{"taxonomy":"product_brand","embeddable":true,"href":"https:\/\/www.beevista.pl\/index.php\/wp-json\/wp\/v2\/product_brand?post=2497"},{"taxonomy":"product_cat","embeddable":true,"href":"https:\/\/www.beevista.pl\/index.php\/wp-json\/wp\/v2\/product_cat?post=2497"},{"taxonomy":"product_tag","embeddable":true,"href":"https:\/\/www.beevista.pl\/index.php\/wp-json\/wp\/v2\/product_tag?post=2497"}],"curies":[{"name":"wp","href":"https:\/\/api.w.org\/{rel}","templated":true}]}}