{"id":2430,"date":"2025-10-30T15:42:56","date_gmt":"2025-10-30T14:42:56","guid":{"rendered":"https:\/\/www.beevista.pl\/?post_type=product&#038;p=2430"},"modified":"2026-04-04T16:51:23","modified_gmt":"2026-04-04T14:51:23","slug":"rekawice-skorzane-ii-gatunek-9-l","status":"publish","type":"product","link":"https:\/\/www.beevista.pl\/index.php\/produkt\/rekawice-skorzane-ii-gatunek-9-l\/","title":{"rendered":"R\u0119kawice sk\u00f3rzane II gatunek (9\/L)"},"content":{"rendered":"<blockquote>\n<p data-start=\"63\" data-end=\"379\"><strong data-start=\"381\" data-end=\"400\">UWAGA! OFEROWANE R\u0118KAWICE TO TOWAR II GATUNKU &#8211; POSIADA \u017b\u00d3\u0141TE PRZEBARWIENIA NA R\u0118KAWACH!<\/strong><\/p>\n<\/blockquote>\n<p data-start=\"63\" data-end=\"379\">R\u0119kawice sk\u00f3rzane II gatunku to idealna propozycja dla pszczelarzy, kt\u00f3rzy chc\u0105 dobrze zabezpieczy\u0107 d\u0142onie przy pracy w ulu, jednocze\u015bnie oszcz\u0119dzaj\u0105c \u2714\ufe0f. Produkt posiada drobne mankamenty wizualne \u2013 najcz\u0119\u015bciej lekkie przebarwienia na r\u0119kawach \u2702\ufe0f \u2013 jednak nie wp\u0142ywaj\u0105 one na funkcjonalno\u015b\u0107 ani komfort u\u017cytkowania.<\/p>\n<p data-start=\"381\" data-end=\"402\"><strong data-start=\"381\" data-end=\"400\">Dlaczego warto?<\/strong><\/p>\n<ul data-start=\"403\" data-end=\"659\">\n<li data-start=\"403\" data-end=\"456\">\n<p data-start=\"405\" data-end=\"456\">pe\u0142na ochrona d\u0142oni podczas pracy z pszczo\u0142ami \u261d\ufe0f<\/p>\n<\/li>\n<li data-start=\"457\" data-end=\"509\">\n<p data-start=\"459\" data-end=\"509\">mi\u0119kka sk\u00f3ra zapewnia wygod\u0119 i swobod\u0119 ruch\u00f3w \u270d\ufe0f<\/p>\n<\/li>\n<li data-start=\"510\" data-end=\"592\">\n<p data-start=\"512\" data-end=\"592\">drobne wady jedynie wizualne \u2013 jako\u015b\u0107 u\u017cytkowa pozostaje na wysokim poziomie \u2705<\/p>\n<\/li>\n<li data-start=\"593\" data-end=\"659\">\n<p data-start=\"595\" data-end=\"659\"><strong data-start=\"595\" data-end=\"609\">50% taniej<\/strong> \u2013 \u015bwietna okazja dla oszcz\u0119dnych pszczelarzy \u270c\ufe0f<\/p>\n<\/li>\n<\/ul>\n<p><strong>Rozmiar<\/strong>: 9\/L<\/p>\n","protected":false},"excerpt":{"rendered":"<p>UWAGA! OFEROWANE R\u0118KAWICE TO TOWAR II GATUNKU &#8211; POSIADA \u017b\u00d3\u0141TE PRZEBARWIENIA NA R\u0118KAWACH! R\u0119kawice sk\u00f3rzane II gatunku to idealna propozycja dla pszczelarzy, kt\u00f3rzy chc\u0105 dobrze zabezpieczy\u0107 d\u0142onie przy pracy w ulu, jednocze\u015bnie oszcz\u0119dzaj\u0105c \u2714\ufe0f. Produkt posiada drobne mankamenty wizualne \u2013 najcz\u0119\u015bciej lekkie przebarwienia na r\u0119kawach \u2702\ufe0f \u2013 jednak nie wp\u0142ywaj\u0105 one na funkcjonalno\u015b\u0107 ani komfort [&hellip;]<\/p>\n","protected":false},"featured_media":2432,"template":"","meta":[],"product_brand":[],"product_cat":[52],"product_tag":[],"class_list":{"0":"post-2430","1":"product","2":"type-product","3":"status-publish","4":"has-post-thumbnail","6":"product_cat-rekawice","8":"first","9":"instock","10":"taxable","11":"shipping-taxable","12":"purchasable","13":"product-type-simple"},"_links":{"self":[{"href":"https:\/\/www.beevista.pl\/index.php\/wp-json\/wp\/v2\/product\/2430","targetHints":{"allow":["GET"]}}],"collection":[{"href":"https:\/\/www.beevista.pl\/index.php\/wp-json\/wp\/v2\/product"}],"about":[{"href":"https:\/\/www.beevista.pl\/index.php\/wp-json\/wp\/v2\/types\/product"}],"wp:featuredmedia":[{"embeddable":true,"href":"https:\/\/www.beevista.pl\/index.php\/wp-json\/wp\/v2\/media\/2432"}],"wp:attachment":[{"href":"https:\/\/www.beevista.pl\/index.php\/wp-json\/wp\/v2\/media?parent=2430"}],"wp:term":[{"taxonomy":"product_brand","embeddable":true,"href":"https:\/\/www.beevista.pl\/index.php\/wp-json\/wp\/v2\/product_brand?post=2430"},{"taxonomy":"product_cat","embeddable":true,"href":"https:\/\/www.beevista.pl\/index.php\/wp-json\/wp\/v2\/product_cat?post=2430"},{"taxonomy":"product_tag","embeddable":true,"href":"https:\/\/www.beevista.pl\/index.php\/wp-json\/wp\/v2\/product_tag?post=2430"}],"curies":[{"name":"wp","href":"https:\/\/api.w.org\/{rel}","templated":true}]}}