{"id":243,"date":"2024-12-17T19:29:28","date_gmt":"2024-12-17T18:29:28","guid":{"rendered":"https:\/\/www.beevista.pl\/?post_type=product&#038;p=243"},"modified":"2026-01-09T20:56:26","modified_gmt":"2026-01-09T19:56:26","slug":"pszczele-cudownosci","status":"publish","type":"product","link":"https:\/\/www.beevista.pl\/index.php\/produkt\/pszczele-cudownosci\/","title":{"rendered":"Pszczele cudowno\u015bci"},"content":{"rendered":"<p>Ksi\u0105dz Eugeniusz Marciniak znany w Polsce specjalista Apiterapii zdradza szczeg\u00f3\u0142y dzia\u0142ania produkt\u00f3w pszczelich. Z niniejszej publikacji dowiemy si\u0119 wiele o py\u0142ku, pierzdze, propolisie oraz ekstrakcie z larw barciaka wi\u0119kszego. <\/p>\n<p>Autor: Eugeniusz Marciniak<br \/>\nWydawnictwo: Fundacja Pomocy Cz\u0142owiekowi i \u015arodowisku \u201cHumana Divinis\u201d<br \/>\nRok wydania: 2021<br \/>\nLiczba stron : 96<br \/>\nOprawa: mi\u0119kka<br \/>\nWymiary: 16,5 x 23,5 cm<br \/>\nZdj\u0119cie ksi\u0105\u017cki pogl\u0105dowe<br \/>\nISBN: 978-8360152-35-7<\/p>\n","protected":false},"excerpt":{"rendered":"<p>Ksi\u0105dz Eugeniusz Marciniak znany w Polsce specjalista Apiterapii zdradza szczeg\u00f3\u0142y dzia\u0142ania produkt\u00f3w pszczelich. Z niniejszej publikacji dowiemy si\u0119 wiele o py\u0142ku, pierzdze, propolisie oraz ekstrakcie z larw barciaka wi\u0119kszego. Autor: Eugeniusz Marciniak Wydawnictwo: Fundacja Pomocy Cz\u0142owiekowi i \u015arodowisku \u201cHumana Divinis\u201d Rok wydania: 2021 Liczba stron : 96 Oprawa: mi\u0119kka Wymiary: 16,5 x 23,5 cm Zdj\u0119cie [&hellip;]<\/p>\n","protected":false},"featured_media":244,"template":"","meta":[],"product_brand":[],"product_cat":[18],"product_tag":[],"class_list":{"0":"post-243","1":"product","2":"type-product","3":"status-publish","4":"has-post-thumbnail","6":"product_cat-literatura","8":"first","9":"outofstock","10":"taxable","11":"shipping-taxable","12":"purchasable","13":"product-type-simple"},"_links":{"self":[{"href":"https:\/\/www.beevista.pl\/index.php\/wp-json\/wp\/v2\/product\/243","targetHints":{"allow":["GET"]}}],"collection":[{"href":"https:\/\/www.beevista.pl\/index.php\/wp-json\/wp\/v2\/product"}],"about":[{"href":"https:\/\/www.beevista.pl\/index.php\/wp-json\/wp\/v2\/types\/product"}],"wp:featuredmedia":[{"embeddable":true,"href":"https:\/\/www.beevista.pl\/index.php\/wp-json\/wp\/v2\/media\/244"}],"wp:attachment":[{"href":"https:\/\/www.beevista.pl\/index.php\/wp-json\/wp\/v2\/media?parent=243"}],"wp:term":[{"taxonomy":"product_brand","embeddable":true,"href":"https:\/\/www.beevista.pl\/index.php\/wp-json\/wp\/v2\/product_brand?post=243"},{"taxonomy":"product_cat","embeddable":true,"href":"https:\/\/www.beevista.pl\/index.php\/wp-json\/wp\/v2\/product_cat?post=243"},{"taxonomy":"product_tag","embeddable":true,"href":"https:\/\/www.beevista.pl\/index.php\/wp-json\/wp\/v2\/product_tag?post=243"}],"curies":[{"name":"wp","href":"https:\/\/api.w.org\/{rel}","templated":true}]}}