{"id":2422,"date":"2024-10-30T15:24:29","date_gmt":"2024-10-30T14:24:29","guid":{"rendered":"https:\/\/www.beevista.pl\/?post_type=product&#038;p=2422"},"modified":"2026-04-28T15:51:36","modified_gmt":"2026-04-28T13:51:36","slug":"gwozdzie-do-ramek-ocynkowane","status":"publish","type":"product","link":"https:\/\/www.beevista.pl\/index.php\/produkt\/gwozdzie-do-ramek-ocynkowane\/","title":{"rendered":"Gwo\u017adzie do ramek ocynkowane"},"content":{"rendered":"<p data-start=\"167\" data-end=\"390\">Gwo\u017adzie do ramek z \u017c\u00f3\u0142tym ocynkiem to niezawodny wyb\u00f3r dla pszczelarzy \u270c\ufe0f, kt\u00f3rzy chc\u0105 solidnie i trwale zbi\u0107 ramki ulowe. Dzi\u0119ki pow\u0142oce ocynkowanej s\u0105 odporne na korozj\u0119 \u2600\ufe0f, co zwi\u0119ksza trwa\u0142o\u015b\u0107 oraz stabilno\u015b\u0107 po\u0142\u0105cze\u0144.<\/p>\n<p data-start=\"392\" data-end=\"405\"><strong data-start=\"392\" data-end=\"403\">Zalety:<\/strong><\/p>\n<ul data-start=\"406\" data-end=\"616\">\n<li data-start=\"406\" data-end=\"462\">\n<p data-start=\"408\" data-end=\"462\">odporne na rdz\u0119 \u2014 \u017c\u00f3\u0142ty ocynk chroni przed korozj\u0105 \u2705<\/p>\n<\/li>\n<li data-start=\"463\" data-end=\"535\">\n<p data-start=\"465\" data-end=\"535\">idealne do monta\u017cu ramek oraz drobnych prac stolarskich w pasiece \u2702\ufe0f<\/p>\n<\/li>\n<li data-start=\"536\" data-end=\"616\">\n<p data-start=\"538\" data-end=\"616\">odpowiednia d\u0142ugo\u015b\u0107 zapewnia mocne i pewne \u0142\u0105czenie element\u00f3w drewnianych \u261d\ufe0f<\/p>\n<\/li>\n<\/ul>\n<p data-start=\"618\" data-end=\"689\"><strong data-start=\"618\" data-end=\"632\">Parametry:<\/strong><br data-start=\"632\" data-end=\"635\" \/>\u2022 Wymiar: <strong data-start=\"645\" data-end=\"663\">1,4 mm \u00d7 30 mm<\/strong><br data-start=\"663\" data-end=\"666\" \/>\u2022 Opakowanie: <strong data-start=\"680\" data-end=\"689\">100 g<\/strong><\/p>\n","protected":false},"excerpt":{"rendered":"<p>Gwo\u017adzie do ramek z \u017c\u00f3\u0142tym ocynkiem to niezawodny wyb\u00f3r dla pszczelarzy \u270c\ufe0f, kt\u00f3rzy chc\u0105 solidnie i trwale zbi\u0107 ramki ulowe. Dzi\u0119ki pow\u0142oce ocynkowanej s\u0105 odporne na korozj\u0119 \u2600\ufe0f, co zwi\u0119ksza trwa\u0142o\u015b\u0107 oraz stabilno\u015b\u0107 po\u0142\u0105cze\u0144. Zalety: odporne na rdz\u0119 \u2014 \u017c\u00f3\u0142ty ocynk chroni przed korozj\u0105 \u2705 idealne do monta\u017cu ramek oraz drobnych prac stolarskich w pasiece [&hellip;]<\/p>\n","protected":false},"featured_media":2423,"template":"","meta":[],"product_brand":[],"product_cat":[55],"product_tag":[],"class_list":{"0":"post-2422","1":"product","2":"type-product","3":"status-publish","4":"has-post-thumbnail","6":"product_cat-ramki","8":"first","9":"instock","10":"taxable","11":"shipping-taxable","12":"purchasable","13":"product-type-simple"},"_links":{"self":[{"href":"https:\/\/www.beevista.pl\/index.php\/wp-json\/wp\/v2\/product\/2422","targetHints":{"allow":["GET"]}}],"collection":[{"href":"https:\/\/www.beevista.pl\/index.php\/wp-json\/wp\/v2\/product"}],"about":[{"href":"https:\/\/www.beevista.pl\/index.php\/wp-json\/wp\/v2\/types\/product"}],"wp:featuredmedia":[{"embeddable":true,"href":"https:\/\/www.beevista.pl\/index.php\/wp-json\/wp\/v2\/media\/2423"}],"wp:attachment":[{"href":"https:\/\/www.beevista.pl\/index.php\/wp-json\/wp\/v2\/media?parent=2422"}],"wp:term":[{"taxonomy":"product_brand","embeddable":true,"href":"https:\/\/www.beevista.pl\/index.php\/wp-json\/wp\/v2\/product_brand?post=2422"},{"taxonomy":"product_cat","embeddable":true,"href":"https:\/\/www.beevista.pl\/index.php\/wp-json\/wp\/v2\/product_cat?post=2422"},{"taxonomy":"product_tag","embeddable":true,"href":"https:\/\/www.beevista.pl\/index.php\/wp-json\/wp\/v2\/product_tag?post=2422"}],"curies":[{"name":"wp","href":"https:\/\/api.w.org\/{rel}","templated":true}]}}