{"id":2364,"date":"2025-10-26T21:58:48","date_gmt":"2025-10-26T20:58:48","guid":{"rendered":"https:\/\/www.beevista.pl\/?post_type=product&#038;p=2364"},"modified":"2026-03-09T19:31:38","modified_gmt":"2026-03-09T18:31:38","slug":"palacio-sol-do-kapieli-z-morza-martwego-200g","status":"publish","type":"product","link":"https:\/\/www.beevista.pl\/index.php\/produkt\/palacio-sol-do-kapieli-z-morza-martwego-200g\/","title":{"rendered":"PALACIO &#8211; S\u00f3l do k\u0105pieli z morza martwego 200g"},"content":{"rendered":"<p data-start=\"0\" data-end=\"89\">\ud83c\udf0a <strong data-start=\"3\" data-end=\"83\">PALACIO Dead Sea Bath Salt \u2013 mineralna s\u00f3l do k\u0105pieli z Morza Martwego 200 g<\/strong> \ud83d\udca7\u2728<\/p>\n<p data-start=\"91\" data-end=\"436\">Zanurz si\u0119 w relaksuj\u0105cej k\u0105pieli z minera\u0142ami z Morza Martwego i poczuj, jak Twoje cia\u0142o odzyskuje r\u00f3wnowag\u0119 oraz energi\u0119.<br data-start=\"214\" data-end=\"217\" \/><strong data-start=\"217\" data-end=\"247\">PALACIO Dead Sea Bath Salt<\/strong> to naturalna s\u00f3l o wyj\u0105tkowym sk\u0142adzie mineralnym \u2013 bogata w <strong data-start=\"309\" data-end=\"332\">magnez, potas i s\u00f3d<\/strong>, kt\u00f3re wspieraj\u0105 <strong data-start=\"350\" data-end=\"388\">regeneracj\u0119 sk\u00f3ry, mi\u0119\u015bni i staw\u00f3w<\/strong>, jednocze\u015bnie odpr\u0119\u017caj\u0105c i piel\u0119gnuj\u0105c cia\u0142o.<\/p>\n<p data-start=\"438\" data-end=\"457\">\ud83d\udca7 <strong data-start=\"441\" data-end=\"455\">Dzia\u0142anie:<\/strong><\/p>\n<ul data-start=\"458\" data-end=\"706\">\n<li data-start=\"458\" data-end=\"503\">\n<p data-start=\"460\" data-end=\"503\"><strong data-start=\"460\" data-end=\"500\">rozlu\u017ania mi\u0119\u015bnie i \u0142agodzi napi\u0119cie<\/strong>,<\/p>\n<\/li>\n<li data-start=\"504\" data-end=\"539\">\n<p data-start=\"506\" data-end=\"539\"><strong data-start=\"506\" data-end=\"536\">regeneruje i nawil\u017ca sk\u00f3r\u0119<\/strong>,<\/p>\n<\/li>\n<li data-start=\"540\" data-end=\"595\">\n<p data-start=\"542\" data-end=\"595\"><strong data-start=\"542\" data-end=\"592\">\u0142agodzi objawy podra\u017cnie\u0144 i problem\u00f3w sk\u00f3rnych<\/strong>,<\/p>\n<\/li>\n<li data-start=\"596\" data-end=\"642\">\n<p data-start=\"598\" data-end=\"642\"><strong data-start=\"598\" data-end=\"639\">wspiera naturaln\u0105 r\u00f3wnowag\u0119 organizmu<\/strong>,<\/p>\n<\/li>\n<li data-start=\"643\" data-end=\"706\">\n<p data-start=\"645\" data-end=\"706\"><strong data-start=\"645\" data-end=\"669\">od\u015bwie\u017ca i relaksuje<\/strong> po dniu pe\u0142nym stresu lub wysi\u0142ku.<\/p>\n<\/li>\n<\/ul>\n<p data-start=\"708\" data-end=\"1141\">\ud83c\udf3f <strong data-start=\"711\" data-end=\"741\">Moc soli z Morza Martwego:<\/strong><br data-start=\"741\" data-end=\"744\" \/>S\u00f3l z Morza Martwego wyr\u00f3\u017cnia si\u0119 unikalnym sk\u0142adem mineralnym \u2013 zawiera <strong data-start=\"817\" data-end=\"848\">a\u017c 10 razy wi\u0119cej minera\u0142\u00f3w<\/strong> ni\u017c zwyk\u0142a s\u00f3l morska. Magnez dzia\u0142a <strong data-start=\"886\" data-end=\"910\">koj\u0105co i nawil\u017caj\u0105co<\/strong>, potas pomaga <strong data-start=\"925\" data-end=\"967\">utrzyma\u0107 r\u00f3wnowag\u0119 wodno-elektrolitow\u0105<\/strong>, a s\u00f3d wspiera <strong data-start=\"983\" data-end=\"1005\">oczyszczanie sk\u00f3ry<\/strong> i jej naturaln\u0105 regeneracj\u0119. Regularne k\u0105piele z t\u0105 sol\u0105 <strong data-start=\"1063\" data-end=\"1101\">poprawiaj\u0105 wygl\u0105d i kondycj\u0119 sk\u00f3ry<\/strong>, nadaj\u0105c jej g\u0142adko\u015b\u0107 i zdrowy blask.<\/p>\n<p data-start=\"1143\" data-end=\"1426\">\ud83d\udec1 <strong data-start=\"1146\" data-end=\"1164\">Spos\u00f3b u\u017cycia:<\/strong><br data-start=\"1164\" data-end=\"1167\" \/>Wsyp <strong data-start=\"1172\" data-end=\"1192\">1\u20132 gar\u015bcie soli<\/strong> do ciep\u0142ej k\u0105pieli i pozw\u00f3l jej si\u0119 rozpu\u015bci\u0107.<br data-start=\"1239\" data-end=\"1242\" \/>Dla <strong data-start=\"1246\" data-end=\"1266\">piel\u0119gnacji st\u00f3p<\/strong> \u2013 dodaj 1 gar\u015b\u0107 do miski z ciep\u0142\u0105 wod\u0105, aby <strong data-start=\"1311\" data-end=\"1346\">zmi\u0119kczy\u0107 zrogowacia\u0142y nask\u00f3rek<\/strong> i przynie\u015b\u0107 ulg\u0119 zm\u0119czonym stopom.<br data-start=\"1381\" data-end=\"1384\" \/>Zalecany czas k\u0105pieli: <strong data-start=\"1407\" data-end=\"1423\">ok. 20 minut<\/strong>.<\/p>\n<p data-start=\"1428\" data-end=\"1475\">\ud83e\uddfe <strong data-start=\"1431\" data-end=\"1445\">Sk\u0142adniki:<\/strong><br data-start=\"1445\" data-end=\"1448\" \/>s\u00f3l morska, s\u00f3l naturalna<\/p>\n<p data-start=\"1477\" data-end=\"1502\">\ud83d\udce6 <strong data-start=\"1480\" data-end=\"1494\">Pojemno\u015b\u0107:<\/strong> 200 g<\/p>\n","protected":false},"excerpt":{"rendered":"<p>\ud83c\udf0a PALACIO Dead Sea Bath Salt \u2013 mineralna s\u00f3l do k\u0105pieli z Morza Martwego 200 g \ud83d\udca7\u2728 Zanurz si\u0119 w relaksuj\u0105cej k\u0105pieli z minera\u0142ami z Morza Martwego i poczuj, jak Twoje cia\u0142o odzyskuje r\u00f3wnowag\u0119 oraz energi\u0119.PALACIO Dead Sea Bath Salt to naturalna s\u00f3l o wyj\u0105tkowym sk\u0142adzie mineralnym \u2013 bogata w magnez, potas i s\u00f3d, kt\u00f3re [&hellip;]<\/p>\n","protected":false},"featured_media":2365,"template":"","meta":[],"product_brand":[22],"product_cat":[21],"product_tag":[],"class_list":{"0":"post-2364","1":"product","2":"type-product","3":"status-publish","4":"has-post-thumbnail","6":"product_brand-palacio","7":"product_cat-palacio","9":"first","10":"instock","11":"taxable","12":"shipping-taxable","13":"purchasable","14":"product-type-simple"},"_links":{"self":[{"href":"https:\/\/www.beevista.pl\/index.php\/wp-json\/wp\/v2\/product\/2364","targetHints":{"allow":["GET"]}}],"collection":[{"href":"https:\/\/www.beevista.pl\/index.php\/wp-json\/wp\/v2\/product"}],"about":[{"href":"https:\/\/www.beevista.pl\/index.php\/wp-json\/wp\/v2\/types\/product"}],"wp:featuredmedia":[{"embeddable":true,"href":"https:\/\/www.beevista.pl\/index.php\/wp-json\/wp\/v2\/media\/2365"}],"wp:attachment":[{"href":"https:\/\/www.beevista.pl\/index.php\/wp-json\/wp\/v2\/media?parent=2364"}],"wp:term":[{"taxonomy":"product_brand","embeddable":true,"href":"https:\/\/www.beevista.pl\/index.php\/wp-json\/wp\/v2\/product_brand?post=2364"},{"taxonomy":"product_cat","embeddable":true,"href":"https:\/\/www.beevista.pl\/index.php\/wp-json\/wp\/v2\/product_cat?post=2364"},{"taxonomy":"product_tag","embeddable":true,"href":"https:\/\/www.beevista.pl\/index.php\/wp-json\/wp\/v2\/product_tag?post=2364"}],"curies":[{"name":"wp","href":"https:\/\/api.w.org\/{rel}","templated":true}]}}