{"id":2362,"date":"2025-10-26T21:56:18","date_gmt":"2025-10-26T20:56:18","guid":{"rendered":"https:\/\/www.beevista.pl\/?post_type=product&#038;p=2362"},"modified":"2026-01-15T18:47:45","modified_gmt":"2026-01-15T17:47:45","slug":"palacio-sol-do-kapieli-z-lawenda-200g","status":"publish","type":"product","link":"https:\/\/www.beevista.pl\/index.php\/produkt\/palacio-sol-do-kapieli-z-lawenda-200g\/","title":{"rendered":"PALACIO &#8211; S\u00f3l do k\u0105pieli z lawend\u0105 200g"},"content":{"rendered":"<p data-start=\"0\" data-end=\"96\">\ud83d\udc9c <strong data-start=\"3\" data-end=\"90\">PALACIO Lavender Bath Salt \u2013 relaksuj\u0105ca s\u00f3l do k\u0105pieli z olejkiem lawendowym 200 g<\/strong> \ud83c\udf38\u2728<\/p>\n<p data-start=\"98\" data-end=\"442\">Zamie\u0144 codzienn\u0105 k\u0105piel w aromatyczny rytua\u0142 odpr\u0119\u017cenia!<br data-start=\"154\" data-end=\"157\" \/><strong data-start=\"157\" data-end=\"187\">PALACIO Lavender Bath Salt<\/strong> to wyj\u0105tkowa s\u00f3l do k\u0105pieli z dodatkiem <strong data-start=\"228\" data-end=\"262\">naturalnego olejku lawendowego<\/strong>, kt\u00f3ra <strong data-start=\"270\" data-end=\"310\">regeneruje, nawil\u017ca i zmi\u0119kcza sk\u00f3r\u0119<\/strong>, pozostawiaj\u0105c j\u0105 przyjemnie g\u0142adk\u0105 i pachn\u0105c\u0105. Delikatny zapach lawendy koi zmys\u0142y i pomaga si\u0119 zrelaksowa\u0107 po stresuj\u0105cym dniu.<\/p>\n<p data-start=\"444\" data-end=\"463\">\ud83d\udca7 <strong data-start=\"447\" data-end=\"461\">Dzia\u0142anie:<\/strong><\/p>\n<ul data-start=\"464\" data-end=\"724\">\n<li data-start=\"464\" data-end=\"529\">\n<p data-start=\"466\" data-end=\"529\"><strong data-start=\"466\" data-end=\"495\">zmi\u0119kcza i wyg\u0142adza sk\u00f3r\u0119<\/strong>, przywracaj\u0105c jej elastyczno\u015b\u0107,<\/p>\n<\/li>\n<li data-start=\"530\" data-end=\"581\">\n<p data-start=\"532\" data-end=\"581\"><strong data-start=\"532\" data-end=\"556\">regeneruje i od\u017cywia<\/strong> such\u0105, zm\u0119czon\u0105 sk\u00f3r\u0119,<\/p>\n<\/li>\n<li data-start=\"582\" data-end=\"627\">\n<p data-start=\"584\" data-end=\"627\"><strong data-start=\"584\" data-end=\"624\">\u0142agodzi podra\u017cnienia i odpr\u0119\u017ca cia\u0142o<\/strong>,<\/p>\n<\/li>\n<li data-start=\"628\" data-end=\"667\">\n<p data-start=\"630\" data-end=\"667\"><strong data-start=\"630\" data-end=\"664\">koi umys\u0142 i u\u0142atwia wyciszenie<\/strong>,<\/p>\n<\/li>\n<li data-start=\"668\" data-end=\"724\">\n<p data-start=\"670\" data-end=\"724\"><strong data-start=\"670\" data-end=\"711\">pozostawia subtelny, lawendowy zapach<\/strong> na sk\u00f3rze.<\/p>\n<\/li>\n<\/ul>\n<p data-start=\"726\" data-end=\"1057\">\ud83c\udf3f <strong data-start=\"729\" data-end=\"745\">Moc lawendy:<\/strong><br data-start=\"745\" data-end=\"748\" \/>Olejek lawendowy to prawdziwy <strong data-start=\"778\" data-end=\"808\">eliksir relaksu i ukojenia<\/strong>. Dzia\u0142a <strong data-start=\"817\" data-end=\"854\">antybakteryjnie i przeciwzapalnie<\/strong>, \u0142agodzi podra\u017cnienia, przyspiesza regeneracj\u0119 nask\u00f3rka i pomaga utrzyma\u0107 zdrowy wygl\u0105d sk\u00f3ry. Jego aromat dzia\u0142a <strong data-start=\"969\" data-end=\"999\">uspokajaj\u0105co i wyciszaj\u0105co<\/strong>, wspieraj\u0105c naturalny proces odpr\u0119\u017cenia po d\u0142ugim dniu.<\/p>\n<p data-start=\"1059\" data-end=\"1268\">\ud83d\udec1 <strong data-start=\"1062\" data-end=\"1080\">Spos\u00f3b u\u017cycia:<\/strong><br data-start=\"1080\" data-end=\"1083\" \/>Nape\u0142nij wann\u0119 ciep\u0142\u0105 wod\u0105, dodaj kilka gar\u015bci soli i pozw\u00f3l jej si\u0119 ca\u0142kowicie rozpu\u015bci\u0107. Zanurz si\u0119 w pachn\u0105cej k\u0105pieli, <strong data-start=\"1206\" data-end=\"1265\">zrelaksuj si\u0119 i pozw\u00f3l sobie na chwil\u0119 b\u0142ogiego spokoju<\/strong>.<\/p>\n<p data-start=\"1270\" data-end=\"1321\">\ud83e\uddfe <strong data-start=\"1273\" data-end=\"1295\">Sk\u0142adniki aktywne:<\/strong><br data-start=\"1295\" data-end=\"1298\" \/>s\u00f3l, olejek lawendowy<\/p>\n<p data-start=\"1323\" data-end=\"1348\">\ud83d\udce6 <strong data-start=\"1326\" data-end=\"1340\">Pojemno\u015b\u0107:<\/strong> 200 g<\/p>\n","protected":false},"excerpt":{"rendered":"<p>\ud83d\udc9c PALACIO Lavender Bath Salt \u2013 relaksuj\u0105ca s\u00f3l do k\u0105pieli z olejkiem lawendowym 200 g \ud83c\udf38\u2728 Zamie\u0144 codzienn\u0105 k\u0105piel w aromatyczny rytua\u0142 odpr\u0119\u017cenia!PALACIO Lavender Bath Salt to wyj\u0105tkowa s\u00f3l do k\u0105pieli z dodatkiem naturalnego olejku lawendowego, kt\u00f3ra regeneruje, nawil\u017ca i zmi\u0119kcza sk\u00f3r\u0119, pozostawiaj\u0105c j\u0105 przyjemnie g\u0142adk\u0105 i pachn\u0105c\u0105. Delikatny zapach lawendy koi zmys\u0142y i pomaga [&hellip;]<\/p>\n","protected":false},"featured_media":2363,"template":"","meta":[],"product_brand":[22],"product_cat":[21],"product_tag":[],"class_list":{"0":"post-2362","1":"product","2":"type-product","3":"status-publish","4":"has-post-thumbnail","6":"product_brand-palacio","7":"product_cat-palacio","9":"first","10":"instock","11":"taxable","12":"shipping-taxable","13":"purchasable","14":"product-type-simple"},"_links":{"self":[{"href":"https:\/\/www.beevista.pl\/index.php\/wp-json\/wp\/v2\/product\/2362","targetHints":{"allow":["GET"]}}],"collection":[{"href":"https:\/\/www.beevista.pl\/index.php\/wp-json\/wp\/v2\/product"}],"about":[{"href":"https:\/\/www.beevista.pl\/index.php\/wp-json\/wp\/v2\/types\/product"}],"wp:featuredmedia":[{"embeddable":true,"href":"https:\/\/www.beevista.pl\/index.php\/wp-json\/wp\/v2\/media\/2363"}],"wp:attachment":[{"href":"https:\/\/www.beevista.pl\/index.php\/wp-json\/wp\/v2\/media?parent=2362"}],"wp:term":[{"taxonomy":"product_brand","embeddable":true,"href":"https:\/\/www.beevista.pl\/index.php\/wp-json\/wp\/v2\/product_brand?post=2362"},{"taxonomy":"product_cat","embeddable":true,"href":"https:\/\/www.beevista.pl\/index.php\/wp-json\/wp\/v2\/product_cat?post=2362"},{"taxonomy":"product_tag","embeddable":true,"href":"https:\/\/www.beevista.pl\/index.php\/wp-json\/wp\/v2\/product_tag?post=2362"}],"curies":[{"name":"wp","href":"https:\/\/api.w.org\/{rel}","templated":true}]}}