{"id":2356,"date":"2025-10-26T21:48:13","date_gmt":"2025-10-26T20:48:13","guid":{"rendered":"https:\/\/www.beevista.pl\/?post_type=product&#038;p=2356"},"modified":"2026-01-15T18:47:45","modified_gmt":"2026-01-15T17:47:45","slug":"palacio-himalajska-sol-do-kapieli-200g","status":"publish","type":"product","link":"https:\/\/www.beevista.pl\/index.php\/produkt\/palacio-himalajska-sol-do-kapieli-200g\/","title":{"rendered":"PALACIO &#8211; Himalajska s\u00f3l do k\u0105pieli 200g"},"content":{"rendered":"<p data-start=\"0\" data-end=\"86\">\ud83e\udeb7 <strong data-start=\"3\" data-end=\"80\">PALACIO Himalayan Bath Salt \u2013 relaksuj\u0105ca s\u00f3l do k\u0105pieli himalajska 200 g<\/strong> \ud83d\udec1\u2728<\/p>\n<p data-start=\"88\" data-end=\"418\">Oczy\u015b\u0107 cia\u0142o i umys\u0142 podczas odpr\u0119\u017caj\u0105cej k\u0105pieli z sol\u0105 himalajsk\u0105 od <strong data-start=\"159\" data-end=\"170\">PALACIO<\/strong>. Ta wyj\u0105tkowa s\u00f3l o <strong data-start=\"191\" data-end=\"220\">99,9% naturalnym sk\u0142adzie<\/strong> to doskona\u0142y spos\u00f3b na chwil\u0119 relaksu, medytacji i regeneracji po d\u0142ugim dniu. Jej <strong data-start=\"304\" data-end=\"325\">egzotyczny zapach<\/strong> otula zmys\u0142y, a bogactwo minera\u0142\u00f3w piel\u0119gnuje sk\u00f3r\u0119, pozostawiaj\u0105c j\u0105 mi\u0119kk\u0105 i od\u015bwie\u017con\u0105.<\/p>\n<p data-start=\"420\" data-end=\"439\">\ud83d\udca7 <strong data-start=\"423\" data-end=\"437\">Dzia\u0142anie:<\/strong><\/p>\n<ul data-start=\"440\" data-end=\"668\">\n<li data-start=\"440\" data-end=\"474\">\n<p data-start=\"442\" data-end=\"474\"><strong data-start=\"442\" data-end=\"471\">zmi\u0119kcza i wyg\u0142adza sk\u00f3r\u0119<\/strong>,<\/p>\n<\/li>\n<li data-start=\"475\" data-end=\"513\">\n<p data-start=\"477\" data-end=\"513\"><strong data-start=\"477\" data-end=\"510\">od\u015bwie\u017ca i rewitalizuje cia\u0142o<\/strong>,<\/p>\n<\/li>\n<li data-start=\"514\" data-end=\"560\">\n<p data-start=\"516\" data-end=\"560\"><strong data-start=\"516\" data-end=\"557\">dzia\u0142a relaksuj\u0105co na mi\u0119\u015bnie i umys\u0142<\/strong>,<\/p>\n<\/li>\n<li data-start=\"561\" data-end=\"620\">\n<p data-start=\"563\" data-end=\"620\"><strong data-start=\"563\" data-end=\"617\">oczyszcza i wspiera naturalne procesy detoksykacji<\/strong>,<\/p>\n<\/li>\n<li data-start=\"621\" data-end=\"668\">\n<p data-start=\"623\" data-end=\"668\"><strong data-start=\"623\" data-end=\"665\">pozostawia subtelny, orientalny zapach<\/strong>.<\/p>\n<\/li>\n<\/ul>\n<p data-start=\"670\" data-end=\"882\">\ud83e\uddc2 <strong data-start=\"673\" data-end=\"691\">Spos\u00f3b u\u017cycia:<\/strong><br data-start=\"691\" data-end=\"694\" \/>Do ciep\u0142ej k\u0105pieli (ok. 38\u00b0C) wsyp <strong data-start=\"729\" data-end=\"747\">3\u20134 \u0142y\u017cki soli<\/strong>, a nast\u0119pnie pozw\u00f3l jej si\u0119 rozpu\u015bci\u0107.<br data-start=\"786\" data-end=\"789\" \/>Dla silniejszego efektu oczyszczaj\u0105cego i detoksykuj\u0105cego dodaj do wanny <strong data-start=\"862\" data-end=\"879\">do 100 g soli<\/strong>.<\/p>\n<p data-start=\"884\" data-end=\"931\">\ud83e\uddfe <strong data-start=\"887\" data-end=\"901\">Sk\u0142adniki:<\/strong><br data-start=\"901\" data-end=\"904\" \/>s\u00f3l, kompozycja zapachowa<\/p>\n<p data-start=\"933\" data-end=\"958\">\ud83d\udce6 <strong data-start=\"936\" data-end=\"950\">Pojemno\u015b\u0107:<\/strong> 200 g<\/p>\n","protected":false},"excerpt":{"rendered":"<p>\ud83e\udeb7 PALACIO Himalayan Bath Salt \u2013 relaksuj\u0105ca s\u00f3l do k\u0105pieli himalajska 200 g \ud83d\udec1\u2728 Oczy\u015b\u0107 cia\u0142o i umys\u0142 podczas odpr\u0119\u017caj\u0105cej k\u0105pieli z sol\u0105 himalajsk\u0105 od PALACIO. Ta wyj\u0105tkowa s\u00f3l o 99,9% naturalnym sk\u0142adzie to doskona\u0142y spos\u00f3b na chwil\u0119 relaksu, medytacji i regeneracji po d\u0142ugim dniu. Jej egzotyczny zapach otula zmys\u0142y, a bogactwo minera\u0142\u00f3w piel\u0119gnuje sk\u00f3r\u0119, [&hellip;]<\/p>\n","protected":false},"featured_media":2357,"template":"","meta":[],"product_brand":[22],"product_cat":[21],"product_tag":[],"class_list":{"0":"post-2356","1":"product","2":"type-product","3":"status-publish","4":"has-post-thumbnail","6":"product_brand-palacio","7":"product_cat-palacio","9":"first","10":"instock","11":"taxable","12":"shipping-taxable","13":"purchasable","14":"product-type-simple"},"_links":{"self":[{"href":"https:\/\/www.beevista.pl\/index.php\/wp-json\/wp\/v2\/product\/2356","targetHints":{"allow":["GET"]}}],"collection":[{"href":"https:\/\/www.beevista.pl\/index.php\/wp-json\/wp\/v2\/product"}],"about":[{"href":"https:\/\/www.beevista.pl\/index.php\/wp-json\/wp\/v2\/types\/product"}],"wp:featuredmedia":[{"embeddable":true,"href":"https:\/\/www.beevista.pl\/index.php\/wp-json\/wp\/v2\/media\/2357"}],"wp:attachment":[{"href":"https:\/\/www.beevista.pl\/index.php\/wp-json\/wp\/v2\/media?parent=2356"}],"wp:term":[{"taxonomy":"product_brand","embeddable":true,"href":"https:\/\/www.beevista.pl\/index.php\/wp-json\/wp\/v2\/product_brand?post=2356"},{"taxonomy":"product_cat","embeddable":true,"href":"https:\/\/www.beevista.pl\/index.php\/wp-json\/wp\/v2\/product_cat?post=2356"},{"taxonomy":"product_tag","embeddable":true,"href":"https:\/\/www.beevista.pl\/index.php\/wp-json\/wp\/v2\/product_tag?post=2356"}],"curies":[{"name":"wp","href":"https:\/\/api.w.org\/{rel}","templated":true}]}}