{"id":2346,"date":"2025-10-26T21:33:21","date_gmt":"2025-10-26T20:33:21","guid":{"rendered":"https:\/\/www.beevista.pl\/?post_type=product&#038;p=2346"},"modified":"2025-12-10T09:43:58","modified_gmt":"2025-12-10T08:43:58","slug":"palacio-masc-z-olejkiem-z-drzewa-herbacianego-100-ml","status":"publish","type":"product","link":"https:\/\/www.beevista.pl\/index.php\/produkt\/palacio-masc-z-olejkiem-z-drzewa-herbacianego-100-ml\/","title":{"rendered":"PALACIO &#8211; Ma\u015b\u0107 z olejkiem z drzewa herbacianego 100 ml"},"content":{"rendered":"<p data-start=\"0\" data-end=\"100\">\ud83c\udf3f <strong data-start=\"3\" data-end=\"94\">PALACIO Tea Tree Herbal Ointment \u2013 zio\u0142owa ma\u015b\u0107 z olejkiem z drzewa herbacianego 100 ml<\/strong> \ud83c\udf31\u2728<\/p>\n<p data-start=\"102\" data-end=\"508\">Naturalna pomoc dla sk\u00f3ry podra\u017cnionej, problematycznej i wymagaj\u0105cej regeneracji.<br data-start=\"184\" data-end=\"187\" \/><strong data-start=\"187\" data-end=\"223\">PALACIO Tea Tree Herbal Ointment<\/strong> \u0142\u0105czy moc <strong data-start=\"234\" data-end=\"266\">olejku z drzewa herbacianego<\/strong> z zio\u0142owymi ekstraktami, tworz\u0105c balsam o <strong data-start=\"309\" data-end=\"365\">dzia\u0142aniu antyseptycznym, regeneruj\u0105cym i \u0142agodz\u0105cym<\/strong>. To niezast\u0105piony produkt w codziennej piel\u0119gnacji \u2013 idealny na uk\u0105szenia owad\u00f3w, oparzenia s\u0142oneczne, niedoskona\u0142o\u015bci sk\u00f3ry czy opryszczk\u0119.<\/p>\n<p data-start=\"510\" data-end=\"529\">\ud83d\udca7 <strong data-start=\"513\" data-end=\"527\">Dzia\u0142anie:<\/strong><\/p>\n<ul data-start=\"530\" data-end=\"817\">\n<li data-start=\"530\" data-end=\"591\">\n<p data-start=\"532\" data-end=\"591\"><strong data-start=\"532\" data-end=\"556\">\u0142agodzi podra\u017cnienia<\/strong> i przyspiesza regeneracj\u0119 sk\u00f3ry,<\/p>\n<\/li>\n<li data-start=\"592\" data-end=\"641\">\n<p data-start=\"594\" data-end=\"641\"><strong data-start=\"594\" data-end=\"638\">dzia\u0142a antybakteryjnie i przeciwzapalnie<\/strong>,<\/p>\n<\/li>\n<li data-start=\"642\" data-end=\"686\">\n<p data-start=\"644\" data-end=\"686\"><strong data-start=\"644\" data-end=\"661\">\u0142agodzi \u015bwi\u0105d<\/strong> po uk\u0105szeniach owad\u00f3w,<\/p>\n<\/li>\n<li data-start=\"687\" data-end=\"752\">\n<p data-start=\"689\" data-end=\"752\"><strong data-start=\"689\" data-end=\"731\">pomaga w piel\u0119gnacji sk\u00f3ry tr\u0105dzikowej<\/strong> i przy opryszczce,<\/p>\n<\/li>\n<li data-start=\"753\" data-end=\"817\">\n<p data-start=\"755\" data-end=\"817\"><strong data-start=\"755\" data-end=\"777\">nawil\u017ca i od\u015bwie\u017ca<\/strong>, pozostawiaj\u0105c sk\u00f3r\u0119 g\u0142adk\u0105 i czyst\u0105.<\/p>\n<\/li>\n<\/ul>\n<p data-start=\"819\" data-end=\"1144\">\ud83c\udf3f <strong data-start=\"822\" data-end=\"849\">Moc natury z Australii:<\/strong><br data-start=\"849\" data-end=\"852\" \/>Olejek z drzewa herbacianego znany jest ze swoich <strong data-start=\"902\" data-end=\"951\">w\u0142a\u015bciwo\u015bci antyseptycznych i oczyszczaj\u0105cych<\/strong>. W po\u0142\u0105czeniu z naturalnymi ekstraktami zio\u0142owymi oraz <strong data-start=\"1007\" data-end=\"1020\">gliceryn\u0105<\/strong> tworzy skuteczn\u0105 formu\u0142\u0119, kt\u00f3ra wspiera <strong data-start=\"1061\" data-end=\"1106\">gojenie drobnych zmian sk\u00f3rnych i oparze\u0144<\/strong> oraz chroni sk\u00f3r\u0119 przed bakteriami.<\/p>\n<p data-start=\"1146\" data-end=\"1373\">\ud83e\uddf4 <strong data-start=\"1149\" data-end=\"1167\">Spos\u00f3b u\u017cycia:<\/strong><br data-start=\"1167\" data-end=\"1170\" \/>Na\u0142\u00f3\u017c cienk\u0105 warstw\u0119 ma\u015bci na zmienione miejsce i <strong data-start=\"1220\" data-end=\"1241\">delikatnie wmasuj<\/strong>, a\u017c do ca\u0142kowitego wch\u0142oni\u0119cia. Stosuj <strong data-start=\"1281\" data-end=\"1323\">2\u20133 razy dziennie lub w razie potrzeby<\/strong>. Odpowiednia do piel\u0119gnacji <strong data-start=\"1352\" data-end=\"1370\">twarzy i cia\u0142a<\/strong>.<\/p>\n<p data-start=\"1375\" data-end=\"1485\">\ud83e\uddfe <strong data-start=\"1378\" data-end=\"1400\">Sk\u0142adniki aktywne:<\/strong><br data-start=\"1400\" data-end=\"1403\" \/>olejek z drzewa herbacianego, ekstrakty zio\u0142owe, wazelina kosmetyczna, gliceryna<\/p>\n<p data-start=\"1487\" data-end=\"1513\">\ud83d\udce6 <strong data-start=\"1490\" data-end=\"1504\">Pojemno\u015b\u0107:<\/strong> 100 ml<\/p>\n","protected":false},"excerpt":{"rendered":"<p>\ud83c\udf3f PALACIO Tea Tree Herbal Ointment \u2013 zio\u0142owa ma\u015b\u0107 z olejkiem z drzewa herbacianego 100 ml \ud83c\udf31\u2728 Naturalna pomoc dla sk\u00f3ry podra\u017cnionej, problematycznej i wymagaj\u0105cej regeneracji.PALACIO Tea Tree Herbal Ointment \u0142\u0105czy moc olejku z drzewa herbacianego z zio\u0142owymi ekstraktami, tworz\u0105c balsam o dzia\u0142aniu antyseptycznym, regeneruj\u0105cym i \u0142agodz\u0105cym. To niezast\u0105piony produkt w codziennej piel\u0119gnacji \u2013 idealny [&hellip;]<\/p>\n","protected":false},"featured_media":2347,"template":"","meta":[],"product_brand":[22],"product_cat":[21],"product_tag":[],"class_list":{"0":"post-2346","1":"product","2":"type-product","3":"status-publish","4":"has-post-thumbnail","6":"product_brand-palacio","7":"product_cat-palacio","9":"first","10":"instock","11":"taxable","12":"shipping-taxable","13":"purchasable","14":"product-type-simple"},"_links":{"self":[{"href":"https:\/\/www.beevista.pl\/index.php\/wp-json\/wp\/v2\/product\/2346","targetHints":{"allow":["GET"]}}],"collection":[{"href":"https:\/\/www.beevista.pl\/index.php\/wp-json\/wp\/v2\/product"}],"about":[{"href":"https:\/\/www.beevista.pl\/index.php\/wp-json\/wp\/v2\/types\/product"}],"wp:featuredmedia":[{"embeddable":true,"href":"https:\/\/www.beevista.pl\/index.php\/wp-json\/wp\/v2\/media\/2347"}],"wp:attachment":[{"href":"https:\/\/www.beevista.pl\/index.php\/wp-json\/wp\/v2\/media?parent=2346"}],"wp:term":[{"taxonomy":"product_brand","embeddable":true,"href":"https:\/\/www.beevista.pl\/index.php\/wp-json\/wp\/v2\/product_brand?post=2346"},{"taxonomy":"product_cat","embeddable":true,"href":"https:\/\/www.beevista.pl\/index.php\/wp-json\/wp\/v2\/product_cat?post=2346"},{"taxonomy":"product_tag","embeddable":true,"href":"https:\/\/www.beevista.pl\/index.php\/wp-json\/wp\/v2\/product_tag?post=2346"}],"curies":[{"name":"wp","href":"https:\/\/api.w.org\/{rel}","templated":true}]}}