{"id":2341,"date":"2025-10-26T21:25:19","date_gmt":"2025-10-26T20:25:19","guid":{"rendered":"https:\/\/www.beevista.pl\/?post_type=product&#038;p=2341"},"modified":"2026-03-07T19:01:45","modified_gmt":"2026-03-07T18:01:45","slug":"palacio-regenerujacy-balsam-do-stop-100-ml","status":"publish","type":"product","link":"https:\/\/www.beevista.pl\/index.php\/produkt\/palacio-regenerujacy-balsam-do-stop-100-ml\/","title":{"rendered":"PALACIO \u2013 Regeneruj\u0105cy balsam do st\u00f3p 100 ml"},"content":{"rendered":"<p data-start=\"0\" data-end=\"74\">\ud83e\uddb6 <strong data-start=\"3\" data-end=\"68\">PALACIO Foot Rescue Balm \u2013 regeneruj\u0105cy balsam do st\u00f3p 100 ml<\/strong> \ud83c\udf3f\u2728<\/p>\n<p data-start=\"76\" data-end=\"389\">Zadbaj o swoje stopy z naturaln\u0105 piel\u0119gnacj\u0105 od <strong data-start=\"124\" data-end=\"135\">PALACIO<\/strong>!<br data-start=\"136\" data-end=\"139\" \/><strong data-start=\"139\" data-end=\"159\">Foot Rescue Balm<\/strong> to skuteczny balsam na bazie zio\u0142owych ekstrakt\u00f3w, kt\u00f3ry <strong data-start=\"217\" data-end=\"251\">nawil\u017ca, zmi\u0119kcza i regeneruje<\/strong> nawet bardzo such\u0105 i zrogowacia\u0142\u0105 sk\u00f3r\u0119 st\u00f3p. Regularne stosowanie sprawia, \u017ce sk\u00f3ra staje si\u0119 g\u0142adka, elastyczna i przyjemna w dotyku.<\/p>\n<p data-start=\"391\" data-end=\"410\">\ud83d\udca7 <strong data-start=\"394\" data-end=\"408\">Dzia\u0142anie:<\/strong><\/p>\n<ul data-start=\"411\" data-end=\"640\">\n<li data-start=\"411\" data-end=\"463\">\n<p data-start=\"413\" data-end=\"463\"><strong data-start=\"413\" data-end=\"438\">zmi\u0119kcza i regeneruje<\/strong> zrogowacia\u0142y nask\u00f3rek,<\/p>\n<\/li>\n<li data-start=\"464\" data-end=\"503\">\n<p data-start=\"466\" data-end=\"503\"><strong data-start=\"466\" data-end=\"500\">dog\u0142\u0119bnie nawil\u017ca i nat\u0142uszcza<\/strong>,<\/p>\n<\/li>\n<li data-start=\"504\" data-end=\"546\">\n<p data-start=\"506\" data-end=\"546\"><strong data-start=\"506\" data-end=\"543\">zapobiega p\u0119kaniu pi\u0119t i otarciom<\/strong>,<\/p>\n<\/li>\n<li data-start=\"547\" data-end=\"596\">\n<p data-start=\"549\" data-end=\"596\"><strong data-start=\"549\" data-end=\"593\">od\u015bwie\u017ca i eliminuje nieprzyjemny zapach<\/strong>,<\/p>\n<\/li>\n<li data-start=\"597\" data-end=\"640\">\n<p data-start=\"599\" data-end=\"640\"><strong data-start=\"599\" data-end=\"637\">pozostawia sk\u00f3r\u0119 mi\u0119kk\u0105 i pachn\u0105c\u0105<\/strong>.<\/p>\n<\/li>\n<\/ul>\n<p data-start=\"642\" data-end=\"905\">\ud83c\udf3f <strong data-start=\"645\" data-end=\"691\">Naturalna piel\u0119gnacja dla zm\u0119czonych st\u00f3p:<\/strong><br data-start=\"691\" data-end=\"694\" \/>Zio\u0142owe ekstrakty w po\u0142\u0105czeniu z <strong data-start=\"727\" data-end=\"772\">wazelin\u0105 kosmetyczn\u0105, woskiem i gliceryn\u0105<\/strong> tworz\u0105 od\u017cywcz\u0105 formu\u0142\u0119, kt\u00f3ra skutecznie odbudowuje barier\u0119 ochronn\u0105 sk\u00f3ry i przynosi ulg\u0119 nawet najbardziej przesuszonym stopom.<\/p>\n<p data-start=\"907\" data-end=\"1124\">\ud83e\uddf4 <strong data-start=\"910\" data-end=\"928\">Spos\u00f3b u\u017cycia:<\/strong><br data-start=\"928\" data-end=\"931\" \/>Nanie\u015b niewielk\u0105 ilo\u015b\u0107 balsamu na czyste stopy i <strong data-start=\"980\" data-end=\"1001\">delikatnie wmasuj<\/strong>, a\u017c do ca\u0142kowitego wch\u0142oni\u0119cia. Stosuj <strong data-start=\"1041\" data-end=\"1081\">wed\u0142ug potrzeb, najlepiej codziennie<\/strong> \u2013 szczeg\u00f3lnie po k\u0105pieli lub przed snem.<\/p>\n<p data-start=\"1126\" data-end=\"1234\">\ud83e\uddfe <strong data-start=\"1129\" data-end=\"1151\">Sk\u0142adniki aktywne:<\/strong><br data-start=\"1151\" data-end=\"1154\" \/>ekstrakty zio\u0142owe, wazelina kosmetyczna, wosk, gliceryna, kompozycja zapachowa<\/p>\n<p data-start=\"1236\" data-end=\"1262\">\ud83d\udce6 <strong data-start=\"1239\" data-end=\"1253\">Pojemno\u015b\u0107:<\/strong> 100 ml<\/p>\n","protected":false},"excerpt":{"rendered":"<p>\ud83e\uddb6 PALACIO Foot Rescue Balm \u2013 regeneruj\u0105cy balsam do st\u00f3p 100 ml \ud83c\udf3f\u2728 Zadbaj o swoje stopy z naturaln\u0105 piel\u0119gnacj\u0105 od PALACIO!Foot Rescue Balm to skuteczny balsam na bazie zio\u0142owych ekstrakt\u00f3w, kt\u00f3ry nawil\u017ca, zmi\u0119kcza i regeneruje nawet bardzo such\u0105 i zrogowacia\u0142\u0105 sk\u00f3r\u0119 st\u00f3p. Regularne stosowanie sprawia, \u017ce sk\u00f3ra staje si\u0119 g\u0142adka, elastyczna i przyjemna w [&hellip;]<\/p>\n","protected":false},"featured_media":2342,"template":"","meta":[],"product_brand":[22],"product_cat":[21],"product_tag":[],"class_list":{"0":"post-2341","1":"product","2":"type-product","3":"status-publish","4":"has-post-thumbnail","6":"product_brand-palacio","7":"product_cat-palacio","9":"first","10":"instock","11":"taxable","12":"shipping-taxable","13":"purchasable","14":"product-type-simple"},"_links":{"self":[{"href":"https:\/\/www.beevista.pl\/index.php\/wp-json\/wp\/v2\/product\/2341","targetHints":{"allow":["GET"]}}],"collection":[{"href":"https:\/\/www.beevista.pl\/index.php\/wp-json\/wp\/v2\/product"}],"about":[{"href":"https:\/\/www.beevista.pl\/index.php\/wp-json\/wp\/v2\/types\/product"}],"wp:featuredmedia":[{"embeddable":true,"href":"https:\/\/www.beevista.pl\/index.php\/wp-json\/wp\/v2\/media\/2342"}],"wp:attachment":[{"href":"https:\/\/www.beevista.pl\/index.php\/wp-json\/wp\/v2\/media?parent=2341"}],"wp:term":[{"taxonomy":"product_brand","embeddable":true,"href":"https:\/\/www.beevista.pl\/index.php\/wp-json\/wp\/v2\/product_brand?post=2341"},{"taxonomy":"product_cat","embeddable":true,"href":"https:\/\/www.beevista.pl\/index.php\/wp-json\/wp\/v2\/product_cat?post=2341"},{"taxonomy":"product_tag","embeddable":true,"href":"https:\/\/www.beevista.pl\/index.php\/wp-json\/wp\/v2\/product_tag?post=2341"}],"curies":[{"name":"wp","href":"https:\/\/api.w.org\/{rel}","templated":true}]}}