{"id":2022,"date":"2025-10-13T20:48:23","date_gmt":"2025-10-13T18:48:23","guid":{"rendered":"https:\/\/www.beevista.pl\/?post_type=product&#038;p=2022"},"modified":"2026-04-28T15:51:36","modified_gmt":"2026-04-28T13:51:36","slug":"putorius-masc-z-olejkiem-z-drzewa-herbacianego-150ml","status":"publish","type":"product","link":"https:\/\/www.beevista.pl\/index.php\/produkt\/putorius-masc-z-olejkiem-z-drzewa-herbacianego-150ml\/","title":{"rendered":"Putorius &#8211; Ma\u015b\u0107 z olejkiem z drzewa herbacianego 150ml"},"content":{"rendered":"<p data-start=\"0\" data-end=\"71\">\ud83c\udf3f <strong data-start=\"3\" data-end=\"66\">Ma\u015b\u0107 z olejkiem z drzewa herbacianego \u2013 Tea Tree Oil 150 ml<\/strong> \ud83c\udf43<\/p>\n<p data-start=\"73\" data-end=\"373\">Naturalna, zio\u0142owa ma\u015b\u0107 z olejkiem z drzewa herbacianego to niezast\u0105piony \u015brodek piel\u0119gnacyjny do sk\u00f3ry problematycznej, podra\u017cnionej lub wymagaj\u0105cej regeneracji. Znana ze swoich w\u0142a\u015bciwo\u015bci antybakteryjnych, przeciwzapalnych i \u0142agodz\u0105cych, sprawdzi si\u0119 zar\u00f3wno w domowej apteczce, jak i w podr\u00f3\u017cy.<\/p>\n<p data-start=\"375\" data-end=\"725\">\ud83d\udc9a <strong data-start=\"378\" data-end=\"398\">Dzia\u0142anie ma\u015bci:<\/strong><br data-start=\"398\" data-end=\"401\" \/>\u2013 \u0141agodzi i wspomaga gojenie ran po uk\u0105szeniach owad\u00f3w, otarciach i drobnych skaleczeniach.<br data-start=\"492\" data-end=\"495\" \/>\u2013 Pomaga przy pieluszkowym odparzeniu, egzemach i stanach zapalnych sk\u00f3ry.<br data-start=\"569\" data-end=\"572\" \/>\u2013 Wspiera proces gojenia przy \u0142uszczycy.<br data-start=\"612\" data-end=\"615\" \/>\u2013 Skutecznie dzia\u0142a przeciwko bakteriom, wirusom, grzybom (np. na stopach) i drobnoustrojom chorobotw\u00f3rczym.<\/p>\n<p data-start=\"727\" data-end=\"877\">\ud83c\udf38 <strong data-start=\"730\" data-end=\"757\">Dodatkowe zastosowanie:<\/strong><br data-start=\"757\" data-end=\"760\" \/>\u2013 Naturalny, ro\u015blinny zamiennik repelentu \u2013 idealny na spacery po lesie.<br data-start=\"832\" data-end=\"835\" \/>\u2013 Pomaga r\u00f3wnie\u017c przy usuwaniu kleszczy.<\/p>\n<p data-start=\"879\" data-end=\"1004\">\u2728 <strong data-start=\"881\" data-end=\"904\">Substancje aktywne:<\/strong><br data-start=\"904\" data-end=\"907\" \/>Olej z drzewa herbacianego (Tea Tree Oil) \u2013 naturalny antyseptyk o szerokim spektrum dzia\u0142ania.<\/p>\n<p data-start=\"1006\" data-end=\"1171\">\ud83e\uddf4 <strong data-start=\"1009\" data-end=\"1027\">Spos\u00f3b u\u017cycia:<\/strong><br data-start=\"1027\" data-end=\"1030\" \/>Na\u0142\u00f3\u017c niewielk\u0105 ilo\u015b\u0107 ma\u015bci na oczyszczone, problematyczne miejsce i delikatnie wmasuj. Stosuj kilka razy dziennie w zale\u017cno\u015bci od potrzeb.<\/p>\n<p data-start=\"1173\" data-end=\"1380\">\u26a0\ufe0f <strong data-start=\"1176\" data-end=\"1199\">\u015arodki ostro\u017cno\u015bci:<\/strong><br data-start=\"1199\" data-end=\"1202\" \/>\u2013 Tylko do u\u017cytku zewn\u0119trznego.<br data-start=\"1233\" data-end=\"1236\" \/>\u2013 Nie stosowa\u0107 na otwarte rany.<br data-start=\"1267\" data-end=\"1270\" \/>\u2013 Unika\u0107 kontaktu z oczami i ich okolic\u0105.<br data-start=\"1311\" data-end=\"1314\" \/>\u2013 Nie stosowa\u0107 u dzieci poni\u017cej 3. roku \u017cycia.<br data-start=\"1360\" data-end=\"1363\" data-is-only-node=\"\" \/>\u2013 Nie spo\u017cywa\u0107.<\/p>\n<p data-start=\"1222\" data-end=\"1331\">\ud83e\uddfe <strong data-start=\"1225\" data-end=\"1235\">Sk\u0142ad:<\/strong> Petrolatum, Glycine Soja Oil, Melaleuca Alternifolia Leaf Oil, CI 42090, CI 40800, D-Limonene.<\/p>\n<p data-start=\"1333\" data-end=\"1425\" data-is-last-node=\"\" data-is-only-node=\"\">\ud83d\udce6 <strong data-start=\"1336\" data-end=\"1350\">Pojemno\u015b\u0107:<\/strong> 150 ml<\/p>\n","protected":false},"excerpt":{"rendered":"<p>\ud83c\udf3f Ma\u015b\u0107 z olejkiem z drzewa herbacianego \u2013 Tea Tree Oil 150 ml \ud83c\udf43 Naturalna, zio\u0142owa ma\u015b\u0107 z olejkiem z drzewa herbacianego to niezast\u0105piony \u015brodek piel\u0119gnacyjny do sk\u00f3ry problematycznej, podra\u017cnionej lub wymagaj\u0105cej regeneracji. Znana ze swoich w\u0142a\u015bciwo\u015bci antybakteryjnych, przeciwzapalnych i \u0142agodz\u0105cych, sprawdzi si\u0119 zar\u00f3wno w domowej apteczce, jak i w podr\u00f3\u017cy. \ud83d\udc9a Dzia\u0142anie ma\u015bci:\u2013 \u0141agodzi [&hellip;]<\/p>\n","protected":false},"featured_media":2023,"template":"","meta":[],"product_brand":[26],"product_cat":[25],"product_tag":[],"class_list":{"0":"post-2022","1":"product","2":"type-product","3":"status-publish","4":"has-post-thumbnail","6":"product_brand-putorius","7":"product_cat-putorius","9":"first","10":"instock","11":"taxable","12":"shipping-taxable","13":"purchasable","14":"product-type-simple"},"_links":{"self":[{"href":"https:\/\/www.beevista.pl\/index.php\/wp-json\/wp\/v2\/product\/2022","targetHints":{"allow":["GET"]}}],"collection":[{"href":"https:\/\/www.beevista.pl\/index.php\/wp-json\/wp\/v2\/product"}],"about":[{"href":"https:\/\/www.beevista.pl\/index.php\/wp-json\/wp\/v2\/types\/product"}],"wp:featuredmedia":[{"embeddable":true,"href":"https:\/\/www.beevista.pl\/index.php\/wp-json\/wp\/v2\/media\/2023"}],"wp:attachment":[{"href":"https:\/\/www.beevista.pl\/index.php\/wp-json\/wp\/v2\/media?parent=2022"}],"wp:term":[{"taxonomy":"product_brand","embeddable":true,"href":"https:\/\/www.beevista.pl\/index.php\/wp-json\/wp\/v2\/product_brand?post=2022"},{"taxonomy":"product_cat","embeddable":true,"href":"https:\/\/www.beevista.pl\/index.php\/wp-json\/wp\/v2\/product_cat?post=2022"},{"taxonomy":"product_tag","embeddable":true,"href":"https:\/\/www.beevista.pl\/index.php\/wp-json\/wp\/v2\/product_tag?post=2022"}],"curies":[{"name":"wp","href":"https:\/\/api.w.org\/{rel}","templated":true}]}}