{"id":1577,"date":"2025-09-12T13:39:24","date_gmt":"2025-09-12T11:39:24","guid":{"rendered":"https:\/\/www.beevista.pl\/?post_type=product&#038;p=1577"},"modified":"2026-01-21T14:03:25","modified_gmt":"2026-01-21T13:03:25","slug":"palacio-snake-venom-liftingujacy-krem-do-twarzy-z-jadem-weza-50-ml","status":"publish","type":"product","link":"https:\/\/www.beevista.pl\/index.php\/produkt\/palacio-snake-venom-liftingujacy-krem-do-twarzy-z-jadem-weza-50-ml\/","title":{"rendered":"PALACIO Snake Venom \u2013 Liftinguj\u0105cy krem do twarzy z jadem w\u0119\u017ca 50 ml"},"content":{"rendered":"<p data-start=\"297\" data-end=\"651\">Poznaj <strong data-start=\"304\" data-end=\"338\">tajn\u0105 bro\u0144 przeciw zmarszczkom<\/strong>! \u2728 <strong data-start=\"342\" data-end=\"384\">PALACIO Snake Venom Lifting Face Cream<\/strong> to luksusowy krem do twarzy, wzbogacony o innowacyjny sk\u0142adnik <strong data-start=\"448\" data-end=\"459\">SYN-AKE<\/strong> \u2013 syntetyczny jad w\u0119\u017ca, kt\u00f3ry skutecznie <strong data-start=\"501\" data-end=\"568\">wyg\u0142adza zmarszczki, uj\u0119drnia sk\u00f3r\u0119 i poprawia jej elastyczno\u015b\u0107<\/strong>. Dzi\u0119ki codziennemu stosowaniu uzyskasz efekt <strong data-start=\"615\" data-end=\"650\">liftingu i odm\u0142odzonego wygl\u0105du<\/strong>.<\/p>\n<p data-start=\"653\" data-end=\"930\">\ud83d\udc86\u200d\u2640\ufe0f <strong data-start=\"659\" data-end=\"691\">Efekt liftingu i wyg\u0142adzenia<\/strong><br data-start=\"691\" data-end=\"694\" \/>\ud83e\uddf4 <strong data-start=\"697\" data-end=\"730\">Zapobiega starzeniu si\u0119 sk\u00f3ry<\/strong><br data-start=\"730\" data-end=\"733\" \/>\ud83c\udf31 <strong data-start=\"736\" data-end=\"788\">Bez sztucznych barwnik\u00f3w i z delikatnym zapachem<\/strong><br data-start=\"788\" data-end=\"791\" \/>\ud83d\udc96 <strong data-start=\"794\" data-end=\"849\">Odpowiedni dla ka\u017cdego typu sk\u00f3ry \u2013 tak\u017ce wra\u017cliwej<\/strong><br data-start=\"849\" data-end=\"852\" \/>\ud83d\udd2c <strong data-start=\"855\" data-end=\"885\">Testowany dermatologicznie<\/strong><br data-start=\"885\" data-end=\"888\" \/>\u26a0\ufe0f <strong data-start=\"891\" data-end=\"930\">Nie stosowa\u0107 u dzieci poni\u017cej 3 lat<\/strong><\/p>\n<h3 data-start=\"932\" data-end=\"958\">\u2705 Co potrafi ten krem?<\/h3>\n<ul data-start=\"960\" data-end=\"1183\">\n<li data-start=\"960\" data-end=\"1005\">\n<p data-start=\"962\" data-end=\"1005\">Sp\u0142yca zmarszczki i wyg\u0142adza drobne linie<\/p>\n<\/li>\n<li data-start=\"1006\" data-end=\"1055\">\n<p data-start=\"1008\" data-end=\"1055\">Uj\u0119drnia sk\u00f3r\u0119 twarzy i poprawia jej napi\u0119cie<\/p>\n<\/li>\n<li data-start=\"1056\" data-end=\"1100\">\n<p data-start=\"1058\" data-end=\"1100\">Chroni przed dzia\u0142aniem wolnych rodnik\u00f3w<\/p>\n<\/li>\n<li data-start=\"1101\" data-end=\"1145\">\n<p data-start=\"1103\" data-end=\"1145\">Dzia\u0142a przeciwstarzeniowo i regeneruj\u0105co<\/p>\n<\/li>\n<li data-start=\"1146\" data-end=\"1183\">\n<p data-start=\"1148\" data-end=\"1183\">Dodaje cerze m\u0142odzie\u0144czego blasku<\/p>\n<\/li>\n<\/ul>\n<h3 data-start=\"1185\" data-end=\"1210\">\ud83c\udf31 Sk\u0142adniki aktywne:<\/h3>\n<ul data-start=\"1212\" data-end=\"1594\">\n<li data-start=\"1212\" data-end=\"1329\">\n<p data-start=\"1214\" data-end=\"1329\"><strong data-start=\"1214\" data-end=\"1248\">SYN-AKE (syntetyczny jad w\u0119\u017ca)<\/strong> \u2013 imituje dzia\u0142anie jadu w\u0119\u017ca, rozlu\u017ania mi\u0119\u015bnie mimiczne, redukuje zmarszczki<\/p>\n<\/li>\n<li data-start=\"1330\" data-end=\"1405\">\n<p data-start=\"1332\" data-end=\"1405\"><strong data-start=\"1332\" data-end=\"1351\">Naturalne oleje<\/strong> \u2013 od\u017cywiaj\u0105 i wspieraj\u0105 barier\u0119 hydrolipidow\u0105 sk\u00f3ry<\/p>\n<\/li>\n<li data-start=\"1406\" data-end=\"1477\">\n<p data-start=\"1408\" data-end=\"1477\"><strong data-start=\"1408\" data-end=\"1427\">Kwas stearynowy<\/strong> \u2013 odpowiada za konsystencj\u0119 i wch\u0142anianie kremu<\/p>\n<\/li>\n<li data-start=\"1478\" data-end=\"1534\">\n<p data-start=\"1480\" data-end=\"1534\"><strong data-start=\"1480\" data-end=\"1493\">Gliceryna<\/strong> \u2013 intensywnie nawil\u017ca i zmi\u0119kcza sk\u00f3r\u0119<\/p>\n<\/li>\n<li data-start=\"1535\" data-end=\"1594\">\n<p data-start=\"1537\" data-end=\"1594\"><strong data-start=\"1537\" data-end=\"1548\">Kolagen<\/strong> \u2013 uj\u0119drnia, wyg\u0142adza i wspomaga regeneracj\u0119<\/p>\n<\/li>\n<\/ul>\n<h3 data-start=\"1596\" data-end=\"1616\">\ud83e\uddf4 Jak stosowa\u0107?<\/h3>\n<p data-start=\"1618\" data-end=\"1917\">Nanie\u015b niewielk\u0105 ilo\u015b\u0107 kremu na <strong data-start=\"1650\" data-end=\"1678\">oczyszczon\u0105 sk\u00f3r\u0119 twarzy<\/strong> i delikatnie wmasuj <strong data-start=\"1699\" data-end=\"1729\">okr\u0119\u017cnymi ruchami ku g\u00f3rze<\/strong>, a\u017c do ca\u0142kowitego wch\u0142oni\u0119cia.<br data-start=\"1761\" data-end=\"1764\" \/>\ud83d\udcc5 <strong data-start=\"1767\" data-end=\"1814\">Stosuj dwa razy dziennie \u2013 rano i wieczorem<\/strong>, aby uzyska\u0107 najlepsze efekty.<br data-start=\"1845\" data-end=\"1848\" \/>\u26a0\ufe0f Tylko do u\u017cytku zewn\u0119trznego. Nie stosowa\u0107 u dzieci poni\u017cej 3 lat.<\/p>\n<h3 data-start=\"1919\" data-end=\"1969\">\ud83d\udc0d SYN-AKE \u2013 Sekretna bro\u0144 przeciw zmarszczkom<\/h3>\n<p data-start=\"1971\" data-end=\"2277\"><strong data-start=\"1971\" data-end=\"1982\">SYN-AKE<\/strong>, inspirowany naturalnym jadem w\u0119\u017ca, to zaawansowany sk\u0142adnik przeciwstarzeniowy zawieraj\u0105cy <strong data-start=\"2075\" data-end=\"2107\">enzymy, peptydy i aminokwasy<\/strong>, kt\u00f3re g\u0142\u0119boko nawil\u017caj\u0105, wyg\u0142adzaj\u0105 i wspieraj\u0105 jednolity koloryt sk\u00f3ry. To innowacyjne rozwi\u0105zanie dla ka\u017cdego, kto pragnie <strong data-start=\"2234\" data-end=\"2276\">widocznie m\u0142odszej i j\u0119drniejszej cery<\/strong>.<\/p>\n","protected":false},"excerpt":{"rendered":"<p>Poznaj tajn\u0105 bro\u0144 przeciw zmarszczkom! \u2728 PALACIO Snake Venom Lifting Face Cream to luksusowy krem do twarzy, wzbogacony o innowacyjny sk\u0142adnik SYN-AKE \u2013 syntetyczny jad w\u0119\u017ca, kt\u00f3ry skutecznie wyg\u0142adza zmarszczki, uj\u0119drnia sk\u00f3r\u0119 i poprawia jej elastyczno\u015b\u0107. Dzi\u0119ki codziennemu stosowaniu uzyskasz efekt liftingu i odm\u0142odzonego wygl\u0105du. \ud83d\udc86\u200d\u2640\ufe0f Efekt liftingu i wyg\u0142adzenia\ud83e\uddf4 Zapobiega starzeniu si\u0119 sk\u00f3ry\ud83c\udf31 Bez [&hellip;]<\/p>\n","protected":false},"featured_media":1578,"template":"","meta":[],"product_brand":[22],"product_cat":[21],"product_tag":[],"class_list":{"0":"post-1577","1":"product","2":"type-product","3":"status-publish","4":"has-post-thumbnail","6":"product_brand-palacio","7":"product_cat-palacio","9":"first","10":"instock","11":"taxable","12":"shipping-taxable","13":"purchasable","14":"product-type-simple"},"_links":{"self":[{"href":"https:\/\/www.beevista.pl\/index.php\/wp-json\/wp\/v2\/product\/1577","targetHints":{"allow":["GET"]}}],"collection":[{"href":"https:\/\/www.beevista.pl\/index.php\/wp-json\/wp\/v2\/product"}],"about":[{"href":"https:\/\/www.beevista.pl\/index.php\/wp-json\/wp\/v2\/types\/product"}],"wp:featuredmedia":[{"embeddable":true,"href":"https:\/\/www.beevista.pl\/index.php\/wp-json\/wp\/v2\/media\/1578"}],"wp:attachment":[{"href":"https:\/\/www.beevista.pl\/index.php\/wp-json\/wp\/v2\/media?parent=1577"}],"wp:term":[{"taxonomy":"product_brand","embeddable":true,"href":"https:\/\/www.beevista.pl\/index.php\/wp-json\/wp\/v2\/product_brand?post=1577"},{"taxonomy":"product_cat","embeddable":true,"href":"https:\/\/www.beevista.pl\/index.php\/wp-json\/wp\/v2\/product_cat?post=1577"},{"taxonomy":"product_tag","embeddable":true,"href":"https:\/\/www.beevista.pl\/index.php\/wp-json\/wp\/v2\/product_tag?post=1577"}],"curies":[{"name":"wp","href":"https:\/\/api.w.org\/{rel}","templated":true}]}}