{"id":1187,"date":"2025-08-05T12:37:02","date_gmt":"2025-08-05T10:37:02","guid":{"rendered":"https:\/\/www.beevista.pl\/?post_type=product&#038;p=1187"},"modified":"2026-03-24T15:05:47","modified_gmt":"2026-03-24T14:05:47","slug":"kombinezon-pszczelarski-z-kapeluszem","status":"publish","type":"product","link":"https:\/\/www.beevista.pl\/index.php\/produkt\/kombinezon-pszczelarski-z-kapeluszem\/","title":{"rendered":"Kombinezon pszczelarski z kapeluszem"},"content":{"rendered":"<p>Kombinezon pszczelarski zapinany na suwak ze st\u00f3jk\u0105. Mo\u017cliwo\u015b\u0107 odpi\u0119cia kapelusza.<br \/>\nW pasie z ty\u0142u znajduje si\u0119 gumka. R\u0119kawy i nogawki zako\u0144czone gumk\u0105. Z boku nogawek suwaki u\u0142atwiaj\u0105ce zak\u0142adanie i zdejmowanie kombinezonu.<br \/>\nDwie du\u017ce kieszenie , jedna ma\u0142a , oraz wpust na d\u0142uto z boku nogawki. Wykonany z tkaniny drelichowej lub bawe\u0142nianej.<\/p>\n<p>Producent: Adamek<\/p>\n<p>Kolor: be\u017cowy<\/p>\n","protected":false},"excerpt":{"rendered":"<p>Kombinezon pszczelarski zapinany na suwak ze st\u00f3jk\u0105. Mo\u017cliwo\u015b\u0107 odpi\u0119cia kapelusza. W pasie z ty\u0142u znajduje si\u0119 gumka. R\u0119kawy i nogawki zako\u0144czone gumk\u0105. Z boku nogawek suwaki u\u0142atwiaj\u0105ce zak\u0142adanie i zdejmowanie kombinezonu. Dwie du\u017ce kieszenie , jedna ma\u0142a , oraz wpust na d\u0142uto z boku nogawki. Wykonany z tkaniny drelichowej lub bawe\u0142nianej. Producent: Adamek Kolor: be\u017cowy<\/p>\n","protected":false},"featured_media":1188,"template":"","meta":[],"product_brand":[],"product_cat":[64],"product_tag":[],"class_list":{"0":"post-1187","1":"product","2":"type-product","3":"status-publish","4":"has-post-thumbnail","6":"product_cat-kombinezony","8":"first","9":"instock","10":"taxable","11":"shipping-taxable","12":"purchasable","13":"product-type-variable"},"_links":{"self":[{"href":"https:\/\/www.beevista.pl\/index.php\/wp-json\/wp\/v2\/product\/1187","targetHints":{"allow":["GET"]}}],"collection":[{"href":"https:\/\/www.beevista.pl\/index.php\/wp-json\/wp\/v2\/product"}],"about":[{"href":"https:\/\/www.beevista.pl\/index.php\/wp-json\/wp\/v2\/types\/product"}],"wp:featuredmedia":[{"embeddable":true,"href":"https:\/\/www.beevista.pl\/index.php\/wp-json\/wp\/v2\/media\/1188"}],"wp:attachment":[{"href":"https:\/\/www.beevista.pl\/index.php\/wp-json\/wp\/v2\/media?parent=1187"}],"wp:term":[{"taxonomy":"product_brand","embeddable":true,"href":"https:\/\/www.beevista.pl\/index.php\/wp-json\/wp\/v2\/product_brand?post=1187"},{"taxonomy":"product_cat","embeddable":true,"href":"https:\/\/www.beevista.pl\/index.php\/wp-json\/wp\/v2\/product_cat?post=1187"},{"taxonomy":"product_tag","embeddable":true,"href":"https:\/\/www.beevista.pl\/index.php\/wp-json\/wp\/v2\/product_tag?post=1187"}],"curies":[{"name":"wp","href":"https:\/\/api.w.org\/{rel}","templated":true}]}}